{"id":204,"date":"2023-04-14T10:19:15","date_gmt":"2023-04-14T08:19:15","guid":{"rendered":"https:\/\/zoki.art\/cart\/"},"modified":"2025-10-12T12:33:29","modified_gmt":"2025-10-12T10:33:29","slug":"cart","status":"publish","type":"page","link":"https:\/\/zoki.art\/en\/cart\/","title":{"rendered":"Cart"},"content":{"rendered":"\n","protected":false},"excerpt":{"rendered":"","protected":false},"author":1,"featured_media":3842,"parent":0,"menu_order":0,"comment_status":"closed","ping_status":"closed","template":"","meta":{"inline_featured_image":false,"_genesis_hide_title":false,"_genesis_hide_breadcrumbs":false,"_genesis_hide_singular_image":false,"_genesis_hide_footer_widgets":false,"_genesis_custom_body_class":"","_genesis_custom_post_class":"","_genesis_layout":"","footnotes":""},"class_list":{"0":"post-204","1":"page","2":"type-page","3":"status-publish","4":"has-post-thumbnail","6":"entry"},"yoast_head":"<!-- This site is optimized with the Yoast SEO plugin v27.1.1 - https:\/\/yoast.com\/product\/yoast-seo-wordpress\/ -->\n<title>Cart &#8226; Zoki.art \u2013 navihane \u010di\u010dke in \u010da\u010dke in ra\u010dke za najne\u017enej\u0161e du\u0161e<\/title>\n<meta name=\"description\" content=\"\u017deli\u0161 stran od teh te\u010dnih, nejevoljnih in utrujenih misli. Greva! Te peljem na oblaku v svet domi\u0161ljije. Med stolpnice, ki niso sive in kovinaste, kot plo\u0161\u010dica v kolenu sosedove Minke. Moje so pisane in razigrane in znajo \u017evrgoleti. V njih raste velikansko cvetje in vedno lepo di\u0161i. Vsaj za trenutek, zbe\u017eiva v pravljco.\" \/>\n<meta name=\"robots\" content=\"index, follow, max-snippet:-1, max-image-preview:large, max-video-preview:-1\" \/>\n<link rel=\"canonical\" href=\"https:\/\/zoki.art\/en\/cart\/\" \/>\n<meta property=\"og:locale\" content=\"en_US\" \/>\n<meta property=\"og:type\" content=\"article\" \/>\n<meta property=\"og:title\" content=\"Cart &#8226; Zoki.art \u2013 navihane \u010di\u010dke in \u010da\u010dke in ra\u010dke za najne\u017enej\u0161e du\u0161e\" \/>\n<meta property=\"og:description\" content=\"\u017deli\u0161 stran od teh te\u010dnih, nejevoljnih in utrujenih misli. Greva! Te peljem na oblaku v svet domi\u0161ljije. Med stolpnice, ki niso sive in kovinaste, kot plo\u0161\u010dica v kolenu sosedove Minke. Moje so pisane in razigrane in znajo \u017evrgoleti. V njih raste velikansko cvetje in vedno lepo di\u0161i. Vsaj za trenutek, zbe\u017eiva v pravljco.\" \/>\n<meta property=\"og:url\" content=\"https:\/\/zoki.art\/en\/cart\/\" \/>\n<meta property=\"og:site_name\" content=\"Zoki.art \u2013 navihane \u010di\u010dke in \u010da\u010dke in ra\u010dke za najne\u017enej\u0161e du\u0161e\" \/>\n<meta property=\"article:publisher\" content=\"https:\/\/www.facebook.com\/Zoki.arts\/\" \/>\n<meta property=\"article:modified_time\" content=\"2025-10-12T10:33:29+00:00\" \/>\n<meta property=\"og:image\" content=\"https:\/\/zoki.art\/wp-content\/uploads\/2023\/05\/Zoki-art-image9.jpg\" \/>\n\t<meta property=\"og:image:width\" content=\"1999\" \/>\n\t<meta property=\"og:image:height\" content=\"1495\" \/>\n\t<meta property=\"og:image:type\" content=\"image\/jpeg\" \/>\n<meta name=\"twitter:card\" content=\"summary_large_image\" \/>\n<script type=\"application\/ld+json\" class=\"yoast-schema-graph\">{\"@context\":\"https:\/\/schema.org\",\"@graph\":[{\"@type\":\"WebPage\",\"@id\":\"https:\/\/zoki.art\/en\/cart\/\",\"url\":\"https:\/\/zoki.art\/en\/cart\/\",\"name\":\"Cart &#8226; Zoki.art \u2013 navihane \u010di\u010dke in \u010da\u010dke in ra\u010dke za najne\u017enej\u0161e du\u0161e\",\"isPartOf\":{\"@id\":\"https:\/\/zoki.art\/en\/#website\"},\"primaryImageOfPage\":{\"@id\":\"https:\/\/zoki.art\/en\/cart\/#primaryimage\"},\"image\":{\"@id\":\"https:\/\/zoki.art\/en\/cart\/#primaryimage\"},\"thumbnailUrl\":\"https:\/\/zoki.art\/wp-content\/uploads\/2023\/05\/Zoki-art-image9.jpg\",\"datePublished\":\"2023-04-14T08:19:15+00:00\",\"dateModified\":\"2025-10-12T10:33:29+00:00\",\"description\":\"\u017deli\u0161 stran od teh te\u010dnih, nejevoljnih in utrujenih misli. Greva! Te peljem na oblaku v svet domi\u0161ljije. Med stolpnice, ki niso sive in kovinaste, kot plo\u0161\u010dica v kolenu sosedove Minke. Moje so pisane in razigrane in znajo \u017evrgoleti. V njih raste velikansko cvetje in vedno lepo di\u0161i. Vsaj za trenutek, zbe\u017eiva v pravljco.\",\"breadcrumb\":{\"@id\":\"https:\/\/zoki.art\/en\/cart\/#breadcrumb\"},\"inLanguage\":\"en-US\",\"potentialAction\":[{\"@type\":\"ReadAction\",\"target\":[\"https:\/\/zoki.art\/en\/cart\/\"]}]},{\"@type\":\"ImageObject\",\"inLanguage\":\"en-US\",\"@id\":\"https:\/\/zoki.art\/en\/cart\/#primaryimage\",\"url\":\"https:\/\/zoki.art\/wp-content\/uploads\/2023\/05\/Zoki-art-image9.jpg\",\"contentUrl\":\"https:\/\/zoki.art\/wp-content\/uploads\/2023\/05\/Zoki-art-image9.jpg\",\"width\":1999,\"height\":1495,\"caption\":\"Flower Girl\"},{\"@type\":\"BreadcrumbList\",\"@id\":\"https:\/\/zoki.art\/en\/cart\/#breadcrumb\",\"itemListElement\":[{\"@type\":\"ListItem\",\"position\":1,\"name\":\"Domov\",\"item\":\"https:\/\/zoki.art\/en\/\"},{\"@type\":\"ListItem\",\"position\":2,\"name\":\"Cart\"}]},{\"@type\":\"WebSite\",\"@id\":\"https:\/\/zoki.art\/en\/#website\",\"url\":\"https:\/\/zoki.art\/en\/\",\"name\":\"Zoki.art \u2013 navihane \u010di\u010dke in \u010da\u010dke in ra\u010dke za najne\u017enej\u0161e du\u0161e\",\"description\":\"\u017deli\u0161 stran od teh te\u010dnih, nejevoljnih in utrujenih misli. Greva! Te peljem na oblaku v svet domi\u0161ljije. Med stolpnice, ki niso sive in kovinaste, kot plo\u0161\u010dica v kolenu sosedove Minke. Moje so pisane in razigrane in znajo \u017evrgoleti. V njih raste velikansko cvetje in vedno lepo di\u0161i. Vsaj za trenutek, zbe\u017eiva v pravljco.\",\"publisher\":{\"@id\":\"https:\/\/zoki.art\/en\/#organization\"},\"alternateName\":\"Zoki.art \u2013 navihane \u010di\u010dke in \u010da\u010dke in ra\u010dke za najne\u017enej\u0161e du\u0161e\",\"potentialAction\":[{\"@type\":\"SearchAction\",\"target\":{\"@type\":\"EntryPoint\",\"urlTemplate\":\"https:\/\/zoki.art\/en\/?s={search_term_string}\"},\"query-input\":{\"@type\":\"PropertyValueSpecification\",\"valueRequired\":true,\"valueName\":\"search_term_string\"}}],\"inLanguage\":\"en-US\"},{\"@type\":\"Organization\",\"@id\":\"https:\/\/zoki.art\/en\/#organization\",\"name\":\"Zoki.art \u2013 navihane \u010di\u010dke in \u010da\u010dke in ra\u010dke za najne\u017enej\u0161e du\u0161e\",\"alternateName\":\"Zoki.art \u2013 navihane \u010di\u010dke in \u010da\u010dke in ra\u010dke za najne\u017enej\u0161e du\u0161e\",\"url\":\"https:\/\/zoki.art\/en\/\",\"logo\":{\"@type\":\"ImageObject\",\"inLanguage\":\"en-US\",\"@id\":\"https:\/\/zoki.art\/en\/#\/schema\/logo\/image\/\",\"url\":\"https:\/\/zoki.art\/wp-content\/uploads\/2023\/04\/zoki-art-brezslogan-mavricni.svg\",\"contentUrl\":\"https:\/\/zoki.art\/wp-content\/uploads\/2023\/04\/zoki-art-brezslogan-mavricni.svg\",\"caption\":\"Zoki.art \u2013 navihane \u010di\u010dke in \u010da\u010dke in ra\u010dke za najne\u017enej\u0161e du\u0161e\"},\"image\":{\"@id\":\"https:\/\/zoki.art\/en\/#\/schema\/logo\/image\/\"},\"sameAs\":[\"https:\/\/www.facebook.com\/Zoki.arts\/\",\"https:\/\/www.instagram.com\/zoki.art\"]}]}<\/script>\n<!-- \/ Yoast SEO plugin. -->","yoast_head_json":{"title":"Cart &#8226; Zoki.art \u2013 navihane \u010di\u010dke in \u010da\u010dke in ra\u010dke za najne\u017enej\u0161e du\u0161e","description":"\u017deli\u0161 stran od teh te\u010dnih, nejevoljnih in utrujenih misli. Greva! Te peljem na oblaku v svet domi\u0161ljije. Med stolpnice, ki niso sive in kovinaste, kot plo\u0161\u010dica v kolenu sosedove Minke. Moje so pisane in razigrane in znajo \u017evrgoleti. V njih raste velikansko cvetje in vedno lepo di\u0161i. Vsaj za trenutek, zbe\u017eiva v pravljco.","robots":{"index":"index","follow":"follow","max-snippet":"max-snippet:-1","max-image-preview":"max-image-preview:large","max-video-preview":"max-video-preview:-1"},"canonical":"https:\/\/zoki.art\/en\/cart\/","og_locale":"en_US","og_type":"article","og_title":"Cart &#8226; Zoki.art \u2013 navihane \u010di\u010dke in \u010da\u010dke in ra\u010dke za najne\u017enej\u0161e du\u0161e","og_description":"\u017deli\u0161 stran od teh te\u010dnih, nejevoljnih in utrujenih misli. Greva! Te peljem na oblaku v svet domi\u0161ljije. Med stolpnice, ki niso sive in kovinaste, kot plo\u0161\u010dica v kolenu sosedove Minke. Moje so pisane in razigrane in znajo \u017evrgoleti. V njih raste velikansko cvetje in vedno lepo di\u0161i. Vsaj za trenutek, zbe\u017eiva v pravljco.","og_url":"https:\/\/zoki.art\/en\/cart\/","og_site_name":"Zoki.art \u2013 navihane \u010di\u010dke in \u010da\u010dke in ra\u010dke za najne\u017enej\u0161e du\u0161e","article_publisher":"https:\/\/www.facebook.com\/Zoki.arts\/","article_modified_time":"2025-10-12T10:33:29+00:00","og_image":[{"width":1999,"height":1495,"url":"https:\/\/zoki.art\/wp-content\/uploads\/2023\/05\/Zoki-art-image9.jpg","type":"image\/jpeg"}],"twitter_card":"summary_large_image","schema":{"@context":"https:\/\/schema.org","@graph":[{"@type":"WebPage","@id":"https:\/\/zoki.art\/en\/cart\/","url":"https:\/\/zoki.art\/en\/cart\/","name":"Cart &#8226; Zoki.art \u2013 navihane \u010di\u010dke in \u010da\u010dke in ra\u010dke za najne\u017enej\u0161e du\u0161e","isPartOf":{"@id":"https:\/\/zoki.art\/en\/#website"},"primaryImageOfPage":{"@id":"https:\/\/zoki.art\/en\/cart\/#primaryimage"},"image":{"@id":"https:\/\/zoki.art\/en\/cart\/#primaryimage"},"thumbnailUrl":"https:\/\/zoki.art\/wp-content\/uploads\/2023\/05\/Zoki-art-image9.jpg","datePublished":"2023-04-14T08:19:15+00:00","dateModified":"2025-10-12T10:33:29+00:00","description":"\u017deli\u0161 stran od teh te\u010dnih, nejevoljnih in utrujenih misli. Greva! Te peljem na oblaku v svet domi\u0161ljije. Med stolpnice, ki niso sive in kovinaste, kot plo\u0161\u010dica v kolenu sosedove Minke. Moje so pisane in razigrane in znajo \u017evrgoleti. V njih raste velikansko cvetje in vedno lepo di\u0161i. Vsaj za trenutek, zbe\u017eiva v pravljco.","breadcrumb":{"@id":"https:\/\/zoki.art\/en\/cart\/#breadcrumb"},"inLanguage":"en-US","potentialAction":[{"@type":"ReadAction","target":["https:\/\/zoki.art\/en\/cart\/"]}]},{"@type":"ImageObject","inLanguage":"en-US","@id":"https:\/\/zoki.art\/en\/cart\/#primaryimage","url":"https:\/\/zoki.art\/wp-content\/uploads\/2023\/05\/Zoki-art-image9.jpg","contentUrl":"https:\/\/zoki.art\/wp-content\/uploads\/2023\/05\/Zoki-art-image9.jpg","width":1999,"height":1495,"caption":"Flower Girl"},{"@type":"BreadcrumbList","@id":"https:\/\/zoki.art\/en\/cart\/#breadcrumb","itemListElement":[{"@type":"ListItem","position":1,"name":"Domov","item":"https:\/\/zoki.art\/en\/"},{"@type":"ListItem","position":2,"name":"Cart"}]},{"@type":"WebSite","@id":"https:\/\/zoki.art\/en\/#website","url":"https:\/\/zoki.art\/en\/","name":"Zoki.art \u2013 navihane \u010di\u010dke in \u010da\u010dke in ra\u010dke za najne\u017enej\u0161e du\u0161e","description":"\u017deli\u0161 stran od teh te\u010dnih, nejevoljnih in utrujenih misli. Greva! Te peljem na oblaku v svet domi\u0161ljije. Med stolpnice, ki niso sive in kovinaste, kot plo\u0161\u010dica v kolenu sosedove Minke. Moje so pisane in razigrane in znajo \u017evrgoleti. V njih raste velikansko cvetje in vedno lepo di\u0161i. Vsaj za trenutek, zbe\u017eiva v pravljco.","publisher":{"@id":"https:\/\/zoki.art\/en\/#organization"},"alternateName":"Zoki.art \u2013 navihane \u010di\u010dke in \u010da\u010dke in ra\u010dke za najne\u017enej\u0161e du\u0161e","potentialAction":[{"@type":"SearchAction","target":{"@type":"EntryPoint","urlTemplate":"https:\/\/zoki.art\/en\/?s={search_term_string}"},"query-input":{"@type":"PropertyValueSpecification","valueRequired":true,"valueName":"search_term_string"}}],"inLanguage":"en-US"},{"@type":"Organization","@id":"https:\/\/zoki.art\/en\/#organization","name":"Zoki.art \u2013 navihane \u010di\u010dke in \u010da\u010dke in ra\u010dke za najne\u017enej\u0161e du\u0161e","alternateName":"Zoki.art \u2013 navihane \u010di\u010dke in \u010da\u010dke in ra\u010dke za najne\u017enej\u0161e du\u0161e","url":"https:\/\/zoki.art\/en\/","logo":{"@type":"ImageObject","inLanguage":"en-US","@id":"https:\/\/zoki.art\/en\/#\/schema\/logo\/image\/","url":"https:\/\/zoki.art\/wp-content\/uploads\/2023\/04\/zoki-art-brezslogan-mavricni.svg","contentUrl":"https:\/\/zoki.art\/wp-content\/uploads\/2023\/04\/zoki-art-brezslogan-mavricni.svg","caption":"Zoki.art \u2013 navihane \u010di\u010dke in \u010da\u010dke in ra\u010dke za najne\u017enej\u0161e du\u0161e"},"image":{"@id":"https:\/\/zoki.art\/en\/#\/schema\/logo\/image\/"},"sameAs":["https:\/\/www.facebook.com\/Zoki.arts\/","https:\/\/www.instagram.com\/zoki.art"]}]}},"featured_image_src":"https:\/\/zoki.art\/wp-content\/uploads\/2023\/05\/Zoki-art-image9-600x400.jpg","featured_image_src_square":"https:\/\/zoki.art\/wp-content\/uploads\/2023\/05\/Zoki-art-image9-600x600.jpg","_links":{"self":[{"href":"https:\/\/zoki.art\/en\/wp-json\/wp\/v2\/pages\/204","targetHints":{"allow":["GET"]}}],"collection":[{"href":"https:\/\/zoki.art\/en\/wp-json\/wp\/v2\/pages"}],"about":[{"href":"https:\/\/zoki.art\/en\/wp-json\/wp\/v2\/types\/page"}],"author":[{"embeddable":true,"href":"https:\/\/zoki.art\/en\/wp-json\/wp\/v2\/users\/1"}],"replies":[{"embeddable":true,"href":"https:\/\/zoki.art\/en\/wp-json\/wp\/v2\/comments?post=204"}],"version-history":[{"count":2,"href":"https:\/\/zoki.art\/en\/wp-json\/wp\/v2\/pages\/204\/revisions"}],"predecessor-version":[{"id":7892,"href":"https:\/\/zoki.art\/en\/wp-json\/wp\/v2\/pages\/204\/revisions\/7892"}],"wp:featuredmedia":[{"embeddable":true,"href":"https:\/\/zoki.art\/en\/wp-json\/wp\/v2\/media\/3842"}],"wp:attachment":[{"href":"https:\/\/zoki.art\/en\/wp-json\/wp\/v2\/media?parent=204"}],"curies":[{"name":"wp","href":"https:\/\/api.w.org\/{rel}","templated":true}]}}