{"id":8768,"date":"2026-03-27T15:51:56","date_gmt":"2026-03-27T14:51:56","guid":{"rendered":"https:\/\/zoki.art\/?page_id=8768"},"modified":"2026-03-28T08:44:26","modified_gmt":"2026-03-28T07:44:26","slug":"b2b-offer","status":"publish","type":"page","link":"https:\/\/zoki.art\/en\/b2b-offer\/","title":{"rendered":"B2B"},"content":{"rendered":"\n<div class=\"wp-block-genesis-blocks-gb-container alignfull spodnjiwave gb-block-container\"><div class=\"gb-container-inside\"><div class=\"gb-container-content\">\n<div class=\"wp-block-cover alignfull\" style=\"min-height:30vh;aspect-ratio:unset;\"><img decoding=\"async\" width=\"1000\" height=\"1000\" class=\"wp-block-cover__image-background wp-image-8654\" alt=\"\" src=\"https:\/\/zoki.art\/wp-content\/uploads\/2026\/03\/20260311_113844-rotated.jpg\" data-object-fit=\"cover\" srcset=\"https:\/\/zoki.art\/wp-content\/uploads\/2026\/03\/20260311_113844-rotated.jpg 1000w, https:\/\/zoki.art\/wp-content\/uploads\/2026\/03\/20260311_113844-300x300.jpg 300w, https:\/\/zoki.art\/wp-content\/uploads\/2026\/03\/20260311_113844-150x150.jpg 150w, https:\/\/zoki.art\/wp-content\/uploads\/2026\/03\/20260311_113844-768x768.jpg 768w, https:\/\/zoki.art\/wp-content\/uploads\/2026\/03\/20260311_113844-75x75.jpg 75w, https:\/\/zoki.art\/wp-content\/uploads\/2026\/03\/20260311_113844-600x600.jpg 600w, https:\/\/zoki.art\/wp-content\/uploads\/2026\/03\/20260311_113844-500x500.jpg 500w, https:\/\/zoki.art\/wp-content\/uploads\/2026\/03\/20260311_113844-655x655.jpg 655w, https:\/\/zoki.art\/wp-content\/uploads\/2026\/03\/20260311_113844-180x180.jpg 180w\" sizes=\"(max-width: 1000px) 100vw, 1000px\" \/><span aria-hidden=\"true\" class=\"wp-block-cover__background has-background-dim-100 has-background-dim wp-block-cover__gradient-background has-background-gradient\" style=\"background:linear-gradient(180deg,rgba(255,255,255,0.89) 0%,rgba(255,255,255,0.86) 48%,rgba(255,255,255,0.38) 100%)\"><\/span><div class=\"wp-block-cover__inner-container is-layout-flow wp-block-cover-is-layout-flow\">\n<div class=\"wp-block-genesis-blocks-gb-columns gb-layout-columns-1 gb-1-col-equal\" style=\"margin-bottom:5%\"><div class=\"gb-layout-column-wrap gb-block-layout-column-gap-2 gb-is-responsive-column\">\n<div class=\"wp-block-genesis-blocks-gb-column gb-block-layout-column\"><div class=\"gb-block-layout-column-inner\">\n<div class=\"wp-block-genesis-blocks-gb-container homebannerozadjenapis-BC gb-block-container\"><div class=\"gb-container-inside\"><div class=\"gb-container-content\" style=\"max-width:1000px\">\n<h1 class=\"wp-block-heading has-text-align-center has-barva-1-color has-text-color\">B2B Offer<\/h1>\n<\/div><\/div><\/div>\n\n\n\n<p><\/p>\n<\/div><\/div>\n<\/div><\/div>\n<\/div><\/div>\n<\/div><\/div><\/div>\n\n\n\n<div style=\"padding-bottom:5%;padding-top:5%\" class=\"wp-block-genesis-blocks-gb-container gb-block-container\"><div class=\"gb-container-inside\"><div class=\"gb-container-content\" style=\"max-width:1220px\"><section class=\"gb-block-post-grid featuredpage aligncenter gridstrani\"><div class=\"gb-post-grid-items is-grid columns-2\"><article id=\"post-4339\" class=\"gb-post-grid-item post-4339 page type-page status-publish has-post-thumbnail entry\"><div class=\"gb-block-post-grid-image\"><a href=\"https:\/\/zoki.art\/en\/b2b\/\" rel=\"bookmark\" aria-hidden=\"true\" tabindex=\"-1\"><img decoding=\"async\" width=\"600\" height=\"400\" src=\"https:\/\/zoki.art\/wp-content\/uploads\/2023\/05\/mali-vikingi-1-600x400.jpg\" class=\"attachment-gb-block-post-grid-landscape size-gb-block-post-grid-landscape\" alt=\"\" srcset=\"https:\/\/zoki.art\/wp-content\/uploads\/2023\/05\/mali-vikingi-1-600x400.jpg 600w, https:\/\/zoki.art\/wp-content\/uploads\/2023\/05\/mali-vikingi-1-655x438.jpg 655w, https:\/\/zoki.art\/wp-content\/uploads\/2023\/05\/mali-vikingi-1-300x200.jpg 300w, https:\/\/zoki.art\/wp-content\/uploads\/2023\/05\/mali-vikingi-1-768x513.jpg 768w, https:\/\/zoki.art\/wp-content\/uploads\/2023\/05\/mali-vikingi-1.jpg 1024w\" sizes=\"(max-width: 600px) 100vw, 600px\" \/><\/a><\/div><div class=\"gb-block-post-grid-text\"><header class=\"gb-block-post-grid-header\"><h3 class=\"gb-block-post-grid-title\"><a href=\"https:\/\/zoki.art\/en\/b2b\/\" rel=\"bookmark\">Wholesale portal<\/a><\/h3><\/header><div class=\"gb-block-post-grid-excerpt\"><p><a class=\"gb-block-post-grid-more-link gb-text-link\" href=\"https:\/\/zoki.art\/en\/b2b\/\" rel=\"bookmark\">READ MORE <span class=\"screen-reader-text\">Wholesale portal<\/span><\/a><\/p><\/div><\/div><\/article>\n<article id=\"post-8717\" class=\"gb-post-grid-item post-8717 page type-page status-publish has-post-thumbnail entry\"><div class=\"gb-block-post-grid-image\"><a href=\"https:\/\/zoki.art\/en\/corporate-gifts\/\" rel=\"bookmark\" aria-hidden=\"true\" tabindex=\"-1\"><img decoding=\"async\" width=\"600\" height=\"400\" src=\"https:\/\/zoki.art\/wp-content\/uploads\/2026\/03\/20240103_125805-600x400.jpg\" class=\"attachment-gb-block-post-grid-landscape size-gb-block-post-grid-landscape\" alt=\"\" srcset=\"https:\/\/zoki.art\/wp-content\/uploads\/2026\/03\/20240103_125805-600x400.jpg 600w, https:\/\/zoki.art\/wp-content\/uploads\/2026\/03\/20240103_125805-300x200.jpg 300w\" sizes=\"(max-width: 600px) 100vw, 600px\" \/><\/a><\/div><div class=\"gb-block-post-grid-text\"><header class=\"gb-block-post-grid-header\"><h3 class=\"gb-block-post-grid-title\"><a href=\"https:\/\/zoki.art\/en\/corporate-gifts\/\" rel=\"bookmark\">Corporate Gifts<\/a><\/h3><\/header><div class=\"gb-block-post-grid-excerpt\"><p><a class=\"gb-block-post-grid-more-link gb-text-link\" href=\"https:\/\/zoki.art\/en\/corporate-gifts\/\" rel=\"bookmark\">READ MORE <span class=\"screen-reader-text\">Corporate Gifts<\/span><\/a><\/p><\/div><\/div><\/article>\n<\/div><\/section>\n\n\n<p class=\"has-barva-5-color has-text-color has-link-color wp-elements-86df39a1277f6bbf3fa3642d343c99ed\"><\/p>\n<\/div><\/div><\/div>\n\n\n\n<p><\/p>\n","protected":false},"excerpt":{"rendered":"","protected":false},"author":1,"featured_media":4341,"parent":0,"menu_order":0,"comment_status":"closed","ping_status":"closed","template":"","meta":{"inline_featured_image":false,"_genesis_hide_title":true,"_genesis_hide_breadcrumbs":false,"_genesis_hide_singular_image":false,"_genesis_hide_footer_widgets":false,"_genesis_custom_body_class":"","_genesis_custom_post_class":"","_genesis_layout":"","footnotes":""},"class_list":{"0":"post-8768","1":"page","2":"type-page","3":"status-publish","4":"has-post-thumbnail","6":"entry"},"yoast_head":"<!-- This site is optimized with the Yoast SEO plugin v27.1.1 - https:\/\/yoast.com\/product\/yoast-seo-wordpress\/ -->\n<title>B2B &#8226; Zoki.art \u2013 navihane \u010di\u010dke in \u010da\u010dke in ra\u010dke za najne\u017enej\u0161e du\u0161e<\/title>\n<meta name=\"description\" content=\"Let your gifts be more than just a protocol or a necessity\u2014let them be a sincere gesture of gratitude. By choosing unique, hand-illustrated Zoki.art products, you send a clear message: you are a company with a broad vision that values creativity and supports the local art scene.\" \/>\n<meta name=\"robots\" content=\"index, follow, max-snippet:-1, max-image-preview:large, max-video-preview:-1\" \/>\n<link rel=\"canonical\" href=\"https:\/\/zoki.art\/en\/b2b-offer\/\" \/>\n<meta property=\"og:locale\" content=\"en_US\" \/>\n<meta property=\"og:type\" content=\"article\" \/>\n<meta property=\"og:title\" content=\"B2B &#8226; Zoki.art \u2013 navihane \u010di\u010dke in \u010da\u010dke in ra\u010dke za najne\u017enej\u0161e du\u0161e\" \/>\n<meta property=\"og:description\" content=\"Let your gifts be more than just a protocol or a necessity\u2014let them be a sincere gesture of gratitude. By choosing unique, hand-illustrated Zoki.art products, you send a clear message: you are a company with a broad vision that values creativity and supports the local art scene.\" \/>\n<meta property=\"og:url\" content=\"https:\/\/zoki.art\/en\/b2b-offer\/\" \/>\n<meta property=\"og:site_name\" content=\"Zoki.art \u2013 navihane \u010di\u010dke in \u010da\u010dke in ra\u010dke za najne\u017enej\u0161e du\u0161e\" \/>\n<meta property=\"article:publisher\" content=\"https:\/\/www.facebook.com\/Zoki.arts\/\" \/>\n<meta property=\"article:modified_time\" content=\"2026-03-28T07:44:26+00:00\" \/>\n<meta property=\"og:image\" content=\"https:\/\/zoki.art\/wp-content\/uploads\/2023\/05\/mali-vikingi-1.jpg\" \/>\n\t<meta property=\"og:image:width\" content=\"1024\" \/>\n\t<meta property=\"og:image:height\" content=\"684\" \/>\n\t<meta property=\"og:image:type\" content=\"image\/jpeg\" \/>\n<meta name=\"twitter:card\" content=\"summary_large_image\" \/>\n<meta name=\"twitter:label1\" content=\"Est. reading time\" \/>\n\t<meta name=\"twitter:data1\" content=\"1 minute\" \/>\n<script type=\"application\/ld+json\" class=\"yoast-schema-graph\">{\"@context\":\"https:\/\/schema.org\",\"@graph\":[{\"@type\":\"WebPage\",\"@id\":\"https:\/\/zoki.art\/en\/b2b-offer\/\",\"url\":\"https:\/\/zoki.art\/en\/b2b-offer\/\",\"name\":\"B2B &#8226; Zoki.art \u2013 navihane \u010di\u010dke in \u010da\u010dke in ra\u010dke za najne\u017enej\u0161e du\u0161e\",\"isPartOf\":{\"@id\":\"https:\/\/zoki.art\/en\/#website\"},\"primaryImageOfPage\":{\"@id\":\"https:\/\/zoki.art\/en\/b2b-offer\/#primaryimage\"},\"image\":{\"@id\":\"https:\/\/zoki.art\/en\/b2b-offer\/#primaryimage\"},\"thumbnailUrl\":\"https:\/\/zoki.art\/wp-content\/uploads\/2023\/05\/mali-vikingi-1.jpg\",\"datePublished\":\"2026-03-27T14:51:56+00:00\",\"dateModified\":\"2026-03-28T07:44:26+00:00\",\"description\":\"Let your gifts be more than just a protocol or a necessity\u2014let them be a sincere gesture of gratitude. By choosing unique, hand-illustrated Zoki.art products, you send a clear message: you are a company with a broad vision that values creativity and supports the local art scene.\",\"breadcrumb\":{\"@id\":\"https:\/\/zoki.art\/en\/b2b-offer\/#breadcrumb\"},\"inLanguage\":\"en-US\",\"potentialAction\":[{\"@type\":\"ReadAction\",\"target\":[\"https:\/\/zoki.art\/en\/b2b-offer\/\"]}]},{\"@type\":\"ImageObject\",\"inLanguage\":\"en-US\",\"@id\":\"https:\/\/zoki.art\/en\/b2b-offer\/#primaryimage\",\"url\":\"https:\/\/zoki.art\/wp-content\/uploads\/2023\/05\/mali-vikingi-1.jpg\",\"contentUrl\":\"https:\/\/zoki.art\/wp-content\/uploads\/2023\/05\/mali-vikingi-1.jpg\",\"width\":1024,\"height\":684},{\"@type\":\"BreadcrumbList\",\"@id\":\"https:\/\/zoki.art\/en\/b2b-offer\/#breadcrumb\",\"itemListElement\":[{\"@type\":\"ListItem\",\"position\":1,\"name\":\"Domov\",\"item\":\"https:\/\/zoki.art\/en\/\"},{\"@type\":\"ListItem\",\"position\":2,\"name\":\"B2B\"}]},{\"@type\":\"WebSite\",\"@id\":\"https:\/\/zoki.art\/en\/#website\",\"url\":\"https:\/\/zoki.art\/en\/\",\"name\":\"Zoki.art \u2013 navihane \u010di\u010dke in \u010da\u010dke in ra\u010dke za najne\u017enej\u0161e du\u0161e\",\"description\":\"\u017deli\u0161 stran od teh te\u010dnih, nejevoljnih in utrujenih misli. Greva! Te peljem na oblaku v svet domi\u0161ljije. Med stolpnice, ki niso sive in kovinaste, kot plo\u0161\u010dica v kolenu sosedove Minke. Moje so pisane in razigrane in znajo \u017evrgoleti. V njih raste velikansko cvetje in vedno lepo di\u0161i. Vsaj za trenutek, zbe\u017eiva v pravljco.\",\"publisher\":{\"@id\":\"https:\/\/zoki.art\/en\/#organization\"},\"alternateName\":\"Zoki.art \u2013 navihane \u010di\u010dke in \u010da\u010dke in ra\u010dke za najne\u017enej\u0161e du\u0161e\",\"potentialAction\":[{\"@type\":\"SearchAction\",\"target\":{\"@type\":\"EntryPoint\",\"urlTemplate\":\"https:\/\/zoki.art\/en\/?s={search_term_string}\"},\"query-input\":{\"@type\":\"PropertyValueSpecification\",\"valueRequired\":true,\"valueName\":\"search_term_string\"}}],\"inLanguage\":\"en-US\"},{\"@type\":\"Organization\",\"@id\":\"https:\/\/zoki.art\/en\/#organization\",\"name\":\"Zoki.art \u2013 navihane \u010di\u010dke in \u010da\u010dke in ra\u010dke za najne\u017enej\u0161e du\u0161e\",\"alternateName\":\"Zoki.art \u2013 navihane \u010di\u010dke in \u010da\u010dke in ra\u010dke za najne\u017enej\u0161e du\u0161e\",\"url\":\"https:\/\/zoki.art\/en\/\",\"logo\":{\"@type\":\"ImageObject\",\"inLanguage\":\"en-US\",\"@id\":\"https:\/\/zoki.art\/en\/#\/schema\/logo\/image\/\",\"url\":\"https:\/\/zoki.art\/wp-content\/uploads\/2023\/04\/zoki-art-brezslogan-mavricni.svg\",\"contentUrl\":\"https:\/\/zoki.art\/wp-content\/uploads\/2023\/04\/zoki-art-brezslogan-mavricni.svg\",\"caption\":\"Zoki.art \u2013 navihane \u010di\u010dke in \u010da\u010dke in ra\u010dke za najne\u017enej\u0161e du\u0161e\"},\"image\":{\"@id\":\"https:\/\/zoki.art\/en\/#\/schema\/logo\/image\/\"},\"sameAs\":[\"https:\/\/www.facebook.com\/Zoki.arts\/\",\"https:\/\/www.instagram.com\/zoki.art\"]}]}<\/script>\n<!-- \/ Yoast SEO plugin. -->","yoast_head_json":{"title":"B2B &#8226; Zoki.art \u2013 navihane \u010di\u010dke in \u010da\u010dke in ra\u010dke za najne\u017enej\u0161e du\u0161e","description":"Let your gifts be more than just a protocol or a necessity\u2014let them be a sincere gesture of gratitude. By choosing unique, hand-illustrated Zoki.art products, you send a clear message: you are a company with a broad vision that values creativity and supports the local art scene.","robots":{"index":"index","follow":"follow","max-snippet":"max-snippet:-1","max-image-preview":"max-image-preview:large","max-video-preview":"max-video-preview:-1"},"canonical":"https:\/\/zoki.art\/en\/b2b-offer\/","og_locale":"en_US","og_type":"article","og_title":"B2B &#8226; Zoki.art \u2013 navihane \u010di\u010dke in \u010da\u010dke in ra\u010dke za najne\u017enej\u0161e du\u0161e","og_description":"Let your gifts be more than just a protocol or a necessity\u2014let them be a sincere gesture of gratitude. By choosing unique, hand-illustrated Zoki.art products, you send a clear message: you are a company with a broad vision that values creativity and supports the local art scene.","og_url":"https:\/\/zoki.art\/en\/b2b-offer\/","og_site_name":"Zoki.art \u2013 navihane \u010di\u010dke in \u010da\u010dke in ra\u010dke za najne\u017enej\u0161e du\u0161e","article_publisher":"https:\/\/www.facebook.com\/Zoki.arts\/","article_modified_time":"2026-03-28T07:44:26+00:00","og_image":[{"width":1024,"height":684,"url":"https:\/\/zoki.art\/wp-content\/uploads\/2023\/05\/mali-vikingi-1.jpg","type":"image\/jpeg"}],"twitter_card":"summary_large_image","twitter_misc":{"Est. reading time":"1 minute"},"schema":{"@context":"https:\/\/schema.org","@graph":[{"@type":"WebPage","@id":"https:\/\/zoki.art\/en\/b2b-offer\/","url":"https:\/\/zoki.art\/en\/b2b-offer\/","name":"B2B &#8226; Zoki.art \u2013 navihane \u010di\u010dke in \u010da\u010dke in ra\u010dke za najne\u017enej\u0161e du\u0161e","isPartOf":{"@id":"https:\/\/zoki.art\/en\/#website"},"primaryImageOfPage":{"@id":"https:\/\/zoki.art\/en\/b2b-offer\/#primaryimage"},"image":{"@id":"https:\/\/zoki.art\/en\/b2b-offer\/#primaryimage"},"thumbnailUrl":"https:\/\/zoki.art\/wp-content\/uploads\/2023\/05\/mali-vikingi-1.jpg","datePublished":"2026-03-27T14:51:56+00:00","dateModified":"2026-03-28T07:44:26+00:00","description":"Let your gifts be more than just a protocol or a necessity\u2014let them be a sincere gesture of gratitude. By choosing unique, hand-illustrated Zoki.art products, you send a clear message: you are a company with a broad vision that values creativity and supports the local art scene.","breadcrumb":{"@id":"https:\/\/zoki.art\/en\/b2b-offer\/#breadcrumb"},"inLanguage":"en-US","potentialAction":[{"@type":"ReadAction","target":["https:\/\/zoki.art\/en\/b2b-offer\/"]}]},{"@type":"ImageObject","inLanguage":"en-US","@id":"https:\/\/zoki.art\/en\/b2b-offer\/#primaryimage","url":"https:\/\/zoki.art\/wp-content\/uploads\/2023\/05\/mali-vikingi-1.jpg","contentUrl":"https:\/\/zoki.art\/wp-content\/uploads\/2023\/05\/mali-vikingi-1.jpg","width":1024,"height":684},{"@type":"BreadcrumbList","@id":"https:\/\/zoki.art\/en\/b2b-offer\/#breadcrumb","itemListElement":[{"@type":"ListItem","position":1,"name":"Domov","item":"https:\/\/zoki.art\/en\/"},{"@type":"ListItem","position":2,"name":"B2B"}]},{"@type":"WebSite","@id":"https:\/\/zoki.art\/en\/#website","url":"https:\/\/zoki.art\/en\/","name":"Zoki.art \u2013 navihane \u010di\u010dke in \u010da\u010dke in ra\u010dke za najne\u017enej\u0161e du\u0161e","description":"\u017deli\u0161 stran od teh te\u010dnih, nejevoljnih in utrujenih misli. Greva! Te peljem na oblaku v svet domi\u0161ljije. Med stolpnice, ki niso sive in kovinaste, kot plo\u0161\u010dica v kolenu sosedove Minke. Moje so pisane in razigrane in znajo \u017evrgoleti. V njih raste velikansko cvetje in vedno lepo di\u0161i. Vsaj za trenutek, zbe\u017eiva v pravljco.","publisher":{"@id":"https:\/\/zoki.art\/en\/#organization"},"alternateName":"Zoki.art \u2013 navihane \u010di\u010dke in \u010da\u010dke in ra\u010dke za najne\u017enej\u0161e du\u0161e","potentialAction":[{"@type":"SearchAction","target":{"@type":"EntryPoint","urlTemplate":"https:\/\/zoki.art\/en\/?s={search_term_string}"},"query-input":{"@type":"PropertyValueSpecification","valueRequired":true,"valueName":"search_term_string"}}],"inLanguage":"en-US"},{"@type":"Organization","@id":"https:\/\/zoki.art\/en\/#organization","name":"Zoki.art \u2013 navihane \u010di\u010dke in \u010da\u010dke in ra\u010dke za najne\u017enej\u0161e du\u0161e","alternateName":"Zoki.art \u2013 navihane \u010di\u010dke in \u010da\u010dke in ra\u010dke za najne\u017enej\u0161e du\u0161e","url":"https:\/\/zoki.art\/en\/","logo":{"@type":"ImageObject","inLanguage":"en-US","@id":"https:\/\/zoki.art\/en\/#\/schema\/logo\/image\/","url":"https:\/\/zoki.art\/wp-content\/uploads\/2023\/04\/zoki-art-brezslogan-mavricni.svg","contentUrl":"https:\/\/zoki.art\/wp-content\/uploads\/2023\/04\/zoki-art-brezslogan-mavricni.svg","caption":"Zoki.art \u2013 navihane \u010di\u010dke in \u010da\u010dke in ra\u010dke za najne\u017enej\u0161e du\u0161e"},"image":{"@id":"https:\/\/zoki.art\/en\/#\/schema\/logo\/image\/"},"sameAs":["https:\/\/www.facebook.com\/Zoki.arts\/","https:\/\/www.instagram.com\/zoki.art"]}]}},"featured_image_src":"https:\/\/zoki.art\/wp-content\/uploads\/2023\/05\/mali-vikingi-1-600x400.jpg","featured_image_src_square":"https:\/\/zoki.art\/wp-content\/uploads\/2023\/05\/mali-vikingi-1-600x600.jpg","_links":{"self":[{"href":"https:\/\/zoki.art\/en\/wp-json\/wp\/v2\/pages\/8768","targetHints":{"allow":["GET"]}}],"collection":[{"href":"https:\/\/zoki.art\/en\/wp-json\/wp\/v2\/pages"}],"about":[{"href":"https:\/\/zoki.art\/en\/wp-json\/wp\/v2\/types\/page"}],"author":[{"embeddable":true,"href":"https:\/\/zoki.art\/en\/wp-json\/wp\/v2\/users\/1"}],"replies":[{"embeddable":true,"href":"https:\/\/zoki.art\/en\/wp-json\/wp\/v2\/comments?post=8768"}],"version-history":[{"count":4,"href":"https:\/\/zoki.art\/en\/wp-json\/wp\/v2\/pages\/8768\/revisions"}],"predecessor-version":[{"id":8782,"href":"https:\/\/zoki.art\/en\/wp-json\/wp\/v2\/pages\/8768\/revisions\/8782"}],"wp:featuredmedia":[{"embeddable":true,"href":"https:\/\/zoki.art\/en\/wp-json\/wp\/v2\/media\/4341"}],"wp:attachment":[{"href":"https:\/\/zoki.art\/en\/wp-json\/wp\/v2\/media?parent=8768"}],"curies":[{"name":"wp","href":"https:\/\/api.w.org\/{rel}","templated":true}]}}