{"id":243,"date":"2023-04-18T10:46:42","date_gmt":"2023-04-18T08:46:42","guid":{"rendered":"https:\/\/zoki.art\/izdelek\/voscilnica-roze-modre\/"},"modified":"2024-11-30T21:18:25","modified_gmt":"2024-11-30T20:18:25","slug":"greeting-card-flowers-blue","status":"publish","type":"product","link":"https:\/\/zoki.art\/en\/product\/greeting-card-flowers-blue\/","title":{"rendered":"Greeting Card &#8221;Flowers, Blue&#8221;"},"content":{"rendered":"<p>This beautiful greeting card is professionally printed in Slovenia on thick 300 g recycled paper and in size 150&#215;150 mm. Inside is blank. It is packed in a plastic sleeve and comes with an envelope.<\/p>\n","protected":false},"excerpt":{"rendered":"<p class=\"p1\">Greeting card &#8221;Flowers, Blue&#8221; is a print of the original illustration which was painted with watercolours, gouache, and colored pencils. It is professionally printed in Slovenia on thick 300 g recycled paper and in size 150&#215;150 mm. Inside is blank. It is packed in a plastic sleeve and comes with an envelope.<\/p>\n","protected":false},"featured_media":98,"comment_status":"open","ping_status":"closed","template":"","meta":{"inline_featured_image":false,"_genesis_hide_title":false,"_genesis_hide_breadcrumbs":false,"_genesis_hide_singular_image":false,"_genesis_hide_footer_widgets":false,"_genesis_custom_body_class":"","_genesis_custom_post_class":"","_genesis_layout":""},"product_brand":[],"product_cat":[177,33],"product_tag":[],"class_list":{"0":"post-243","1":"product","2":"type-product","3":"status-publish","4":"has-post-thumbnail","6":"product_cat-b2b-en","7":"product_cat-greeting-card","8":"entry","10":"first","11":"instock","12":"shipping-taxable","13":"purchasable","14":"product-type-simple"},"yoast_head":"<!-- This site is optimized with the Yoast SEO plugin v27.1.1 - https:\/\/yoast.com\/product\/yoast-seo-wordpress\/ -->\n<title>Greeting Card &#039;&#039;Flowers, Blue&#039;&#039; &#8226; Zoki.art \u2013 navihane \u010di\u010dke in \u010da\u010dke in ra\u010dke za najne\u017enej\u0161e du\u0161e<\/title>\n<meta name=\"description\" content=\"Greeting card &#039;&#039;Flowers, Blue&#039;&#039; is a print of the original illustration which was painted with watercolours, gouache, and colored pencils. It is professionally printed in Slovenia on thick 300 g recycled paper and in size 150x150 mm. Inside is blank. It is packed in a plastic sleeve and comes with an envelope.\" \/>\n<meta name=\"robots\" content=\"index, follow, max-snippet:-1, max-image-preview:large, max-video-preview:-1\" \/>\n<link rel=\"canonical\" href=\"https:\/\/zoki.art\/en\/product\/greeting-card-flowers-blue\/\" \/>\n<meta property=\"og:locale\" content=\"en_US\" \/>\n<meta property=\"og:type\" content=\"article\" \/>\n<meta property=\"og:title\" content=\"Greeting Card &#039;&#039;Flowers, Blue&#039;&#039; &#8226; Zoki.art \u2013 navihane \u010di\u010dke in \u010da\u010dke in ra\u010dke za najne\u017enej\u0161e du\u0161e\" \/>\n<meta property=\"og:description\" content=\"Greeting card &#039;&#039;Flowers, Blue&#039;&#039; is a print of the original illustration which was painted with watercolours, gouache, and colored pencils. It is professionally printed in Slovenia on thick 300 g recycled paper and in size 150x150 mm. Inside is blank. It is packed in a plastic sleeve and comes with an envelope.\" \/>\n<meta property=\"og:url\" content=\"https:\/\/zoki.art\/en\/product\/greeting-card-flowers-blue\/\" \/>\n<meta property=\"og:site_name\" content=\"Zoki.art \u2013 navihane \u010di\u010dke in \u010da\u010dke in ra\u010dke za najne\u017enej\u0161e du\u0161e\" \/>\n<meta property=\"article:publisher\" content=\"https:\/\/www.facebook.com\/Zoki.arts\/\" \/>\n<meta property=\"article:modified_time\" content=\"2024-11-30T20:18:25+00:00\" \/>\n<meta property=\"og:image\" content=\"https:\/\/zoki.art\/wp-content\/uploads\/2023\/04\/Zoki-art-18.jpeg\" \/>\n\t<meta property=\"og:image:width\" content=\"794\" \/>\n\t<meta property=\"og:image:height\" content=\"797\" \/>\n\t<meta property=\"og:image:type\" content=\"image\/jpeg\" \/>\n<meta name=\"twitter:card\" content=\"summary_large_image\" \/>\n<meta name=\"twitter:label1\" content=\"Est. reading time\" \/>\n\t<meta name=\"twitter:data1\" content=\"1 minute\" \/>\n<script type=\"application\/ld+json\" class=\"yoast-schema-graph\">{\"@context\":\"https:\/\/schema.org\",\"@graph\":[{\"@type\":\"WebPage\",\"@id\":\"https:\/\/zoki.art\/en\/product\/greeting-card-flowers-blue\/\",\"url\":\"https:\/\/zoki.art\/en\/product\/greeting-card-flowers-blue\/\",\"name\":\"Greeting Card ''Flowers, Blue'' &#8226; Zoki.art \u2013 navihane \u010di\u010dke in \u010da\u010dke in ra\u010dke za najne\u017enej\u0161e du\u0161e\",\"isPartOf\":{\"@id\":\"https:\/\/zoki.art\/en\/#website\"},\"primaryImageOfPage\":{\"@id\":\"https:\/\/zoki.art\/en\/product\/greeting-card-flowers-blue\/#primaryimage\"},\"image\":{\"@id\":\"https:\/\/zoki.art\/en\/product\/greeting-card-flowers-blue\/#primaryimage\"},\"thumbnailUrl\":\"https:\/\/zoki.art\/wp-content\/uploads\/2023\/04\/Zoki-art-18.jpeg\",\"datePublished\":\"2023-04-18T08:46:42+00:00\",\"dateModified\":\"2024-11-30T20:18:25+00:00\",\"description\":\"Greeting card ''Flowers, Blue'' is a print of the original illustration which was painted with watercolours, gouache, and colored pencils. It is professionally printed in Slovenia on thick 300 g recycled paper and in size 150x150 mm. Inside is blank. It is packed in a plastic sleeve and comes with an envelope.\",\"breadcrumb\":{\"@id\":\"https:\/\/zoki.art\/en\/product\/greeting-card-flowers-blue\/#breadcrumb\"},\"inLanguage\":\"en-US\",\"potentialAction\":[{\"@type\":\"ReadAction\",\"target\":[\"https:\/\/zoki.art\/en\/product\/greeting-card-flowers-blue\/\"]}]},{\"@type\":\"ImageObject\",\"inLanguage\":\"en-US\",\"@id\":\"https:\/\/zoki.art\/en\/product\/greeting-card-flowers-blue\/#primaryimage\",\"url\":\"https:\/\/zoki.art\/wp-content\/uploads\/2023\/04\/Zoki-art-18.jpeg\",\"contentUrl\":\"https:\/\/zoki.art\/wp-content\/uploads\/2023\/04\/Zoki-art-18.jpeg\",\"width\":794,\"height\":797,\"caption\":\"Vo\u0161\u010dilnica ''Ro\u017ee, modre''\"},{\"@type\":\"BreadcrumbList\",\"@id\":\"https:\/\/zoki.art\/en\/product\/greeting-card-flowers-blue\/#breadcrumb\",\"itemListElement\":[{\"@type\":\"ListItem\",\"position\":1,\"name\":\"Domov\",\"item\":\"https:\/\/zoki.art\/en\/\"},{\"@type\":\"ListItem\",\"position\":2,\"name\":\"Shop\",\"item\":\"https:\/\/zoki.art\/en\/shop\/\"},{\"@type\":\"ListItem\",\"position\":3,\"name\":\"Greeting Card &#8221;Flowers, Blue&#8221;\"}]},{\"@type\":\"WebSite\",\"@id\":\"https:\/\/zoki.art\/en\/#website\",\"url\":\"https:\/\/zoki.art\/en\/\",\"name\":\"Zoki.art \u2013 navihane \u010di\u010dke in \u010da\u010dke in ra\u010dke za najne\u017enej\u0161e du\u0161e\",\"description\":\"\u017deli\u0161 stran od teh te\u010dnih, nejevoljnih in utrujenih misli. Greva! Te peljem na oblaku v svet domi\u0161ljije. Med stolpnice, ki niso sive in kovinaste, kot plo\u0161\u010dica v kolenu sosedove Minke. Moje so pisane in razigrane in znajo \u017evrgoleti. V njih raste velikansko cvetje in vedno lepo di\u0161i. Vsaj za trenutek, zbe\u017eiva v pravljco.\",\"publisher\":{\"@id\":\"https:\/\/zoki.art\/en\/#organization\"},\"alternateName\":\"Zoki.art \u2013 navihane \u010di\u010dke in \u010da\u010dke in ra\u010dke za najne\u017enej\u0161e du\u0161e\",\"potentialAction\":[{\"@type\":\"SearchAction\",\"target\":{\"@type\":\"EntryPoint\",\"urlTemplate\":\"https:\/\/zoki.art\/en\/?s={search_term_string}\"},\"query-input\":{\"@type\":\"PropertyValueSpecification\",\"valueRequired\":true,\"valueName\":\"search_term_string\"}}],\"inLanguage\":\"en-US\"},{\"@type\":\"Organization\",\"@id\":\"https:\/\/zoki.art\/en\/#organization\",\"name\":\"Zoki.art \u2013 navihane \u010di\u010dke in \u010da\u010dke in ra\u010dke za najne\u017enej\u0161e du\u0161e\",\"alternateName\":\"Zoki.art \u2013 navihane \u010di\u010dke in \u010da\u010dke in ra\u010dke za najne\u017enej\u0161e du\u0161e\",\"url\":\"https:\/\/zoki.art\/en\/\",\"logo\":{\"@type\":\"ImageObject\",\"inLanguage\":\"en-US\",\"@id\":\"https:\/\/zoki.art\/en\/#\/schema\/logo\/image\/\",\"url\":\"https:\/\/zoki.art\/wp-content\/uploads\/2023\/04\/zoki-art-brezslogan-mavricni.svg\",\"contentUrl\":\"https:\/\/zoki.art\/wp-content\/uploads\/2023\/04\/zoki-art-brezslogan-mavricni.svg\",\"caption\":\"Zoki.art \u2013 navihane \u010di\u010dke in \u010da\u010dke in ra\u010dke za najne\u017enej\u0161e du\u0161e\"},\"image\":{\"@id\":\"https:\/\/zoki.art\/en\/#\/schema\/logo\/image\/\"},\"sameAs\":[\"https:\/\/www.facebook.com\/Zoki.arts\/\",\"https:\/\/www.instagram.com\/zoki.art\"]}]}<\/script>\n<!-- \/ Yoast SEO plugin. -->","yoast_head_json":{"title":"Greeting Card ''Flowers, Blue'' &#8226; Zoki.art \u2013 navihane \u010di\u010dke in \u010da\u010dke in ra\u010dke za najne\u017enej\u0161e du\u0161e","description":"Greeting card ''Flowers, Blue'' is a print of the original illustration which was painted with watercolours, gouache, and colored pencils. It is professionally printed in Slovenia on thick 300 g recycled paper and in size 150x150 mm. Inside is blank. It is packed in a plastic sleeve and comes with an envelope.","robots":{"index":"index","follow":"follow","max-snippet":"max-snippet:-1","max-image-preview":"max-image-preview:large","max-video-preview":"max-video-preview:-1"},"canonical":"https:\/\/zoki.art\/en\/product\/greeting-card-flowers-blue\/","og_locale":"en_US","og_type":"article","og_title":"Greeting Card ''Flowers, Blue'' &#8226; Zoki.art \u2013 navihane \u010di\u010dke in \u010da\u010dke in ra\u010dke za najne\u017enej\u0161e du\u0161e","og_description":"Greeting card ''Flowers, Blue'' is a print of the original illustration which was painted with watercolours, gouache, and colored pencils. It is professionally printed in Slovenia on thick 300 g recycled paper and in size 150x150 mm. Inside is blank. It is packed in a plastic sleeve and comes with an envelope.","og_url":"https:\/\/zoki.art\/en\/product\/greeting-card-flowers-blue\/","og_site_name":"Zoki.art \u2013 navihane \u010di\u010dke in \u010da\u010dke in ra\u010dke za najne\u017enej\u0161e du\u0161e","article_publisher":"https:\/\/www.facebook.com\/Zoki.arts\/","article_modified_time":"2024-11-30T20:18:25+00:00","og_image":[{"width":794,"height":797,"url":"https:\/\/zoki.art\/wp-content\/uploads\/2023\/04\/Zoki-art-18.jpeg","type":"image\/jpeg"}],"twitter_card":"summary_large_image","twitter_misc":{"Est. reading time":"1 minute"},"schema":{"@context":"https:\/\/schema.org","@graph":[{"@type":"WebPage","@id":"https:\/\/zoki.art\/en\/product\/greeting-card-flowers-blue\/","url":"https:\/\/zoki.art\/en\/product\/greeting-card-flowers-blue\/","name":"Greeting Card ''Flowers, Blue'' &#8226; Zoki.art \u2013 navihane \u010di\u010dke in \u010da\u010dke in ra\u010dke za najne\u017enej\u0161e du\u0161e","isPartOf":{"@id":"https:\/\/zoki.art\/en\/#website"},"primaryImageOfPage":{"@id":"https:\/\/zoki.art\/en\/product\/greeting-card-flowers-blue\/#primaryimage"},"image":{"@id":"https:\/\/zoki.art\/en\/product\/greeting-card-flowers-blue\/#primaryimage"},"thumbnailUrl":"https:\/\/zoki.art\/wp-content\/uploads\/2023\/04\/Zoki-art-18.jpeg","datePublished":"2023-04-18T08:46:42+00:00","dateModified":"2024-11-30T20:18:25+00:00","description":"Greeting card ''Flowers, Blue'' is a print of the original illustration which was painted with watercolours, gouache, and colored pencils. It is professionally printed in Slovenia on thick 300 g recycled paper and in size 150x150 mm. Inside is blank. It is packed in a plastic sleeve and comes with an envelope.","breadcrumb":{"@id":"https:\/\/zoki.art\/en\/product\/greeting-card-flowers-blue\/#breadcrumb"},"inLanguage":"en-US","potentialAction":[{"@type":"ReadAction","target":["https:\/\/zoki.art\/en\/product\/greeting-card-flowers-blue\/"]}]},{"@type":"ImageObject","inLanguage":"en-US","@id":"https:\/\/zoki.art\/en\/product\/greeting-card-flowers-blue\/#primaryimage","url":"https:\/\/zoki.art\/wp-content\/uploads\/2023\/04\/Zoki-art-18.jpeg","contentUrl":"https:\/\/zoki.art\/wp-content\/uploads\/2023\/04\/Zoki-art-18.jpeg","width":794,"height":797,"caption":"Vo\u0161\u010dilnica ''Ro\u017ee, modre''"},{"@type":"BreadcrumbList","@id":"https:\/\/zoki.art\/en\/product\/greeting-card-flowers-blue\/#breadcrumb","itemListElement":[{"@type":"ListItem","position":1,"name":"Domov","item":"https:\/\/zoki.art\/en\/"},{"@type":"ListItem","position":2,"name":"Shop","item":"https:\/\/zoki.art\/en\/shop\/"},{"@type":"ListItem","position":3,"name":"Greeting Card &#8221;Flowers, Blue&#8221;"}]},{"@type":"WebSite","@id":"https:\/\/zoki.art\/en\/#website","url":"https:\/\/zoki.art\/en\/","name":"Zoki.art \u2013 navihane \u010di\u010dke in \u010da\u010dke in ra\u010dke za najne\u017enej\u0161e du\u0161e","description":"\u017deli\u0161 stran od teh te\u010dnih, nejevoljnih in utrujenih misli. Greva! Te peljem na oblaku v svet domi\u0161ljije. Med stolpnice, ki niso sive in kovinaste, kot plo\u0161\u010dica v kolenu sosedove Minke. Moje so pisane in razigrane in znajo \u017evrgoleti. V njih raste velikansko cvetje in vedno lepo di\u0161i. Vsaj za trenutek, zbe\u017eiva v pravljco.","publisher":{"@id":"https:\/\/zoki.art\/en\/#organization"},"alternateName":"Zoki.art \u2013 navihane \u010di\u010dke in \u010da\u010dke in ra\u010dke za najne\u017enej\u0161e du\u0161e","potentialAction":[{"@type":"SearchAction","target":{"@type":"EntryPoint","urlTemplate":"https:\/\/zoki.art\/en\/?s={search_term_string}"},"query-input":{"@type":"PropertyValueSpecification","valueRequired":true,"valueName":"search_term_string"}}],"inLanguage":"en-US"},{"@type":"Organization","@id":"https:\/\/zoki.art\/en\/#organization","name":"Zoki.art \u2013 navihane \u010di\u010dke in \u010da\u010dke in ra\u010dke za najne\u017enej\u0161e du\u0161e","alternateName":"Zoki.art \u2013 navihane \u010di\u010dke in \u010da\u010dke in ra\u010dke za najne\u017enej\u0161e du\u0161e","url":"https:\/\/zoki.art\/en\/","logo":{"@type":"ImageObject","inLanguage":"en-US","@id":"https:\/\/zoki.art\/en\/#\/schema\/logo\/image\/","url":"https:\/\/zoki.art\/wp-content\/uploads\/2023\/04\/zoki-art-brezslogan-mavricni.svg","contentUrl":"https:\/\/zoki.art\/wp-content\/uploads\/2023\/04\/zoki-art-brezslogan-mavricni.svg","caption":"Zoki.art \u2013 navihane \u010di\u010dke in \u010da\u010dke in ra\u010dke za najne\u017enej\u0161e du\u0161e"},"image":{"@id":"https:\/\/zoki.art\/en\/#\/schema\/logo\/image\/"},"sameAs":["https:\/\/www.facebook.com\/Zoki.arts\/","https:\/\/www.instagram.com\/zoki.art"]}]}},"_links":{"self":[{"href":"https:\/\/zoki.art\/en\/wp-json\/wp\/v2\/product\/243","targetHints":{"allow":["GET"]}}],"collection":[{"href":"https:\/\/zoki.art\/en\/wp-json\/wp\/v2\/product"}],"about":[{"href":"https:\/\/zoki.art\/en\/wp-json\/wp\/v2\/types\/product"}],"replies":[{"embeddable":true,"href":"https:\/\/zoki.art\/en\/wp-json\/wp\/v2\/comments?post=243"}],"wp:featuredmedia":[{"embeddable":true,"href":"https:\/\/zoki.art\/en\/wp-json\/wp\/v2\/media\/98"}],"wp:attachment":[{"href":"https:\/\/zoki.art\/en\/wp-json\/wp\/v2\/media?parent=243"}],"wp:term":[{"taxonomy":"product_brand","embeddable":true,"href":"https:\/\/zoki.art\/en\/wp-json\/wp\/v2\/product_brand?post=243"},{"taxonomy":"product_cat","embeddable":true,"href":"https:\/\/zoki.art\/en\/wp-json\/wp\/v2\/product_cat?post=243"},{"taxonomy":"product_tag","embeddable":true,"href":"https:\/\/zoki.art\/en\/wp-json\/wp\/v2\/product_tag?post=243"}],"curies":[{"name":"wp","href":"https:\/\/api.w.org\/{rel}","templated":true}]}}