{"id":349,"date":"2023-04-19T10:35:42","date_gmt":"2023-04-19T08:35:42","guid":{"rendered":"https:\/\/zoki.art\/izdelek\/belezka-mama\/"},"modified":"2025-10-09T11:00:31","modified_gmt":"2025-10-09T09:00:31","slug":"belezka-mama","status":"publish","type":"product","link":"https:\/\/zoki.art\/en\/product\/belezka-mama\/","title":{"rendered":"A6 Notepad \u201cA Mother\u201d"},"content":{"rendered":"<p>The \u201cA Mother\u201d notepad measures 10\u00d715\u202fcm (A6) and contains 80 unlined sheets with a weight of 120\u202fgsm. The covers have a soft-touch finish. It is printed on high-quality recycled paper. Thanks to the thickness of the pages, ink absorbs well and does not bleed through to the other side.   <\/p>\n<p>Each notebook is thoughtfully packaged with a rigid cardboard backing to ensure it arrives in perfect condition\u2014both secure and beautifully presented.<\/p>\n","protected":false},"excerpt":{"rendered":"<p>The \u201cA Mother\u201d notebook is a beautiful addition to your desk, a stylish companion in your bag, or a thoughtful gift for your mom.<br \/>\nThe cover illustration is painted using watercolor, gouache, and soft pastels.<\/p>\n","protected":false},"featured_media":198,"comment_status":"open","ping_status":"closed","template":"","meta":{"inline_featured_image":false,"_genesis_hide_title":false,"_genesis_hide_breadcrumbs":false,"_genesis_hide_singular_image":false,"_genesis_hide_footer_widgets":false,"_genesis_custom_body_class":"","_genesis_custom_post_class":"","_genesis_layout":""},"product_brand":[],"product_cat":[177,40],"product_tag":[],"class_list":{"0":"post-349","1":"product","2":"type-product","3":"status-publish","4":"has-post-thumbnail","6":"product_cat-b2b-en","7":"product_cat-notebook","8":"entry","10":"first","11":"instock","12":"sale","13":"shipping-taxable","14":"purchasable","15":"product-type-simple"},"yoast_head":"<!-- This site is optimized with the Yoast SEO plugin v27.1.1 - https:\/\/yoast.com\/product\/yoast-seo-wordpress\/ -->\n<title>A6 Notepad \u201cA Mother\u201d &#8226; Zoki.art \u2013 navihane \u010di\u010dke in \u010da\u010dke in ra\u010dke za najne\u017enej\u0161e du\u0161e<\/title>\n<meta name=\"description\" content=\"The \u201cA Mother\u201d notepad will make a lovely addition to your desk, your handbag, or a thoughtful gift for your mum. It was painted using watercolour, gouache, and soft pastels.\" \/>\n<meta name=\"robots\" content=\"index, follow, max-snippet:-1, max-image-preview:large, max-video-preview:-1\" \/>\n<link rel=\"canonical\" href=\"https:\/\/zoki.art\/en\/product\/belezka-mama\/\" \/>\n<meta property=\"og:locale\" content=\"en_US\" \/>\n<meta property=\"og:type\" content=\"article\" \/>\n<meta property=\"og:title\" content=\"A6 Notepad \u201cA Mother\u201d &#8226; Zoki.art \u2013 navihane \u010di\u010dke in \u010da\u010dke in ra\u010dke za najne\u017enej\u0161e du\u0161e\" \/>\n<meta property=\"og:description\" content=\"The \u201cA Mother\u201d notepad will make a lovely addition to your desk, your handbag, or a thoughtful gift for your mum. It was painted using watercolour, gouache, and soft pastels.\" \/>\n<meta property=\"og:url\" content=\"https:\/\/zoki.art\/en\/product\/belezka-mama\/\" \/>\n<meta property=\"og:site_name\" content=\"Zoki.art \u2013 navihane \u010di\u010dke in \u010da\u010dke in ra\u010dke za najne\u017enej\u0161e du\u0161e\" \/>\n<meta property=\"article:publisher\" content=\"https:\/\/www.facebook.com\/Zoki.arts\/\" \/>\n<meta property=\"article:modified_time\" content=\"2025-10-09T09:00:31+00:00\" \/>\n<meta property=\"og:image\" content=\"https:\/\/zoki.art\/wp-content\/uploads\/2023\/04\/Zoki-art-68.jpeg\" \/>\n\t<meta property=\"og:image:width\" content=\"794\" \/>\n\t<meta property=\"og:image:height\" content=\"794\" \/>\n\t<meta property=\"og:image:type\" content=\"image\/jpeg\" \/>\n<meta name=\"twitter:card\" content=\"summary_large_image\" \/>\n<meta name=\"twitter:label1\" content=\"Est. reading time\" \/>\n\t<meta name=\"twitter:data1\" content=\"1 minute\" \/>\n<script type=\"application\/ld+json\" class=\"yoast-schema-graph\">{\"@context\":\"https:\/\/schema.org\",\"@graph\":[{\"@type\":\"WebPage\",\"@id\":\"https:\/\/zoki.art\/en\/product\/belezka-mama\/\",\"url\":\"https:\/\/zoki.art\/en\/product\/belezka-mama\/\",\"name\":\"A6 Notepad \u201cA Mother\u201d &#8226; Zoki.art \u2013 navihane \u010di\u010dke in \u010da\u010dke in ra\u010dke za najne\u017enej\u0161e du\u0161e\",\"isPartOf\":{\"@id\":\"https:\/\/zoki.art\/en\/#website\"},\"primaryImageOfPage\":{\"@id\":\"https:\/\/zoki.art\/en\/product\/belezka-mama\/#primaryimage\"},\"image\":{\"@id\":\"https:\/\/zoki.art\/en\/product\/belezka-mama\/#primaryimage\"},\"thumbnailUrl\":\"https:\/\/zoki.art\/wp-content\/uploads\/2023\/04\/Zoki-art-68.jpeg\",\"datePublished\":\"2023-04-19T08:35:42+00:00\",\"dateModified\":\"2025-10-09T09:00:31+00:00\",\"description\":\"The \u201cA Mother\u201d notepad will make a lovely addition to your desk, your handbag, or a thoughtful gift for your mum. It was painted using watercolour, gouache, and soft pastels.\",\"breadcrumb\":{\"@id\":\"https:\/\/zoki.art\/en\/product\/belezka-mama\/#breadcrumb\"},\"inLanguage\":\"en-US\",\"potentialAction\":[{\"@type\":\"ReadAction\",\"target\":[\"https:\/\/zoki.art\/en\/product\/belezka-mama\/\"]}]},{\"@type\":\"ImageObject\",\"inLanguage\":\"en-US\",\"@id\":\"https:\/\/zoki.art\/en\/product\/belezka-mama\/#primaryimage\",\"url\":\"https:\/\/zoki.art\/wp-content\/uploads\/2023\/04\/Zoki-art-68.jpeg\",\"contentUrl\":\"https:\/\/zoki.art\/wp-content\/uploads\/2023\/04\/Zoki-art-68.jpeg\",\"width\":794,\"height\":794,\"caption\":\"Notepad \\\"A Mother\\\" (\\\"Mama Zaliva\\\")\"},{\"@type\":\"BreadcrumbList\",\"@id\":\"https:\/\/zoki.art\/en\/product\/belezka-mama\/#breadcrumb\",\"itemListElement\":[{\"@type\":\"ListItem\",\"position\":1,\"name\":\"Domov\",\"item\":\"https:\/\/zoki.art\/en\/\"},{\"@type\":\"ListItem\",\"position\":2,\"name\":\"Shop\",\"item\":\"https:\/\/zoki.art\/en\/shop\/\"},{\"@type\":\"ListItem\",\"position\":3,\"name\":\"A6 Notepad \u201cA Mother\u201d\"}]},{\"@type\":\"WebSite\",\"@id\":\"https:\/\/zoki.art\/en\/#website\",\"url\":\"https:\/\/zoki.art\/en\/\",\"name\":\"Zoki.art \u2013 navihane \u010di\u010dke in \u010da\u010dke in ra\u010dke za najne\u017enej\u0161e du\u0161e\",\"description\":\"\u017deli\u0161 stran od teh te\u010dnih, nejevoljnih in utrujenih misli. Greva! Te peljem na oblaku v svet domi\u0161ljije. Med stolpnice, ki niso sive in kovinaste, kot plo\u0161\u010dica v kolenu sosedove Minke. Moje so pisane in razigrane in znajo \u017evrgoleti. V njih raste velikansko cvetje in vedno lepo di\u0161i. Vsaj za trenutek, zbe\u017eiva v pravljco.\",\"publisher\":{\"@id\":\"https:\/\/zoki.art\/en\/#organization\"},\"alternateName\":\"Zoki.art \u2013 navihane \u010di\u010dke in \u010da\u010dke in ra\u010dke za najne\u017enej\u0161e du\u0161e\",\"potentialAction\":[{\"@type\":\"SearchAction\",\"target\":{\"@type\":\"EntryPoint\",\"urlTemplate\":\"https:\/\/zoki.art\/en\/?s={search_term_string}\"},\"query-input\":{\"@type\":\"PropertyValueSpecification\",\"valueRequired\":true,\"valueName\":\"search_term_string\"}}],\"inLanguage\":\"en-US\"},{\"@type\":\"Organization\",\"@id\":\"https:\/\/zoki.art\/en\/#organization\",\"name\":\"Zoki.art \u2013 navihane \u010di\u010dke in \u010da\u010dke in ra\u010dke za najne\u017enej\u0161e du\u0161e\",\"alternateName\":\"Zoki.art \u2013 navihane \u010di\u010dke in \u010da\u010dke in ra\u010dke za najne\u017enej\u0161e du\u0161e\",\"url\":\"https:\/\/zoki.art\/en\/\",\"logo\":{\"@type\":\"ImageObject\",\"inLanguage\":\"en-US\",\"@id\":\"https:\/\/zoki.art\/en\/#\/schema\/logo\/image\/\",\"url\":\"https:\/\/zoki.art\/wp-content\/uploads\/2023\/04\/zoki-art-brezslogan-mavricni.svg\",\"contentUrl\":\"https:\/\/zoki.art\/wp-content\/uploads\/2023\/04\/zoki-art-brezslogan-mavricni.svg\",\"caption\":\"Zoki.art \u2013 navihane \u010di\u010dke in \u010da\u010dke in ra\u010dke za najne\u017enej\u0161e du\u0161e\"},\"image\":{\"@id\":\"https:\/\/zoki.art\/en\/#\/schema\/logo\/image\/\"},\"sameAs\":[\"https:\/\/www.facebook.com\/Zoki.arts\/\",\"https:\/\/www.instagram.com\/zoki.art\"]}]}<\/script>\n<!-- \/ Yoast SEO plugin. -->","yoast_head_json":{"title":"A6 Notepad \u201cA Mother\u201d &#8226; Zoki.art \u2013 navihane \u010di\u010dke in \u010da\u010dke in ra\u010dke za najne\u017enej\u0161e du\u0161e","description":"The \u201cA Mother\u201d notepad will make a lovely addition to your desk, your handbag, or a thoughtful gift for your mum. It was painted using watercolour, gouache, and soft pastels.","robots":{"index":"index","follow":"follow","max-snippet":"max-snippet:-1","max-image-preview":"max-image-preview:large","max-video-preview":"max-video-preview:-1"},"canonical":"https:\/\/zoki.art\/en\/product\/belezka-mama\/","og_locale":"en_US","og_type":"article","og_title":"A6 Notepad \u201cA Mother\u201d &#8226; Zoki.art \u2013 navihane \u010di\u010dke in \u010da\u010dke in ra\u010dke za najne\u017enej\u0161e du\u0161e","og_description":"The \u201cA Mother\u201d notepad will make a lovely addition to your desk, your handbag, or a thoughtful gift for your mum. It was painted using watercolour, gouache, and soft pastels.","og_url":"https:\/\/zoki.art\/en\/product\/belezka-mama\/","og_site_name":"Zoki.art \u2013 navihane \u010di\u010dke in \u010da\u010dke in ra\u010dke za najne\u017enej\u0161e du\u0161e","article_publisher":"https:\/\/www.facebook.com\/Zoki.arts\/","article_modified_time":"2025-10-09T09:00:31+00:00","og_image":[{"width":794,"height":794,"url":"https:\/\/zoki.art\/wp-content\/uploads\/2023\/04\/Zoki-art-68.jpeg","type":"image\/jpeg"}],"twitter_card":"summary_large_image","twitter_misc":{"Est. reading time":"1 minute"},"schema":{"@context":"https:\/\/schema.org","@graph":[{"@type":"WebPage","@id":"https:\/\/zoki.art\/en\/product\/belezka-mama\/","url":"https:\/\/zoki.art\/en\/product\/belezka-mama\/","name":"A6 Notepad \u201cA Mother\u201d &#8226; Zoki.art \u2013 navihane \u010di\u010dke in \u010da\u010dke in ra\u010dke za najne\u017enej\u0161e du\u0161e","isPartOf":{"@id":"https:\/\/zoki.art\/en\/#website"},"primaryImageOfPage":{"@id":"https:\/\/zoki.art\/en\/product\/belezka-mama\/#primaryimage"},"image":{"@id":"https:\/\/zoki.art\/en\/product\/belezka-mama\/#primaryimage"},"thumbnailUrl":"https:\/\/zoki.art\/wp-content\/uploads\/2023\/04\/Zoki-art-68.jpeg","datePublished":"2023-04-19T08:35:42+00:00","dateModified":"2025-10-09T09:00:31+00:00","description":"The \u201cA Mother\u201d notepad will make a lovely addition to your desk, your handbag, or a thoughtful gift for your mum. It was painted using watercolour, gouache, and soft pastels.","breadcrumb":{"@id":"https:\/\/zoki.art\/en\/product\/belezka-mama\/#breadcrumb"},"inLanguage":"en-US","potentialAction":[{"@type":"ReadAction","target":["https:\/\/zoki.art\/en\/product\/belezka-mama\/"]}]},{"@type":"ImageObject","inLanguage":"en-US","@id":"https:\/\/zoki.art\/en\/product\/belezka-mama\/#primaryimage","url":"https:\/\/zoki.art\/wp-content\/uploads\/2023\/04\/Zoki-art-68.jpeg","contentUrl":"https:\/\/zoki.art\/wp-content\/uploads\/2023\/04\/Zoki-art-68.jpeg","width":794,"height":794,"caption":"Notepad \"A Mother\" (\"Mama Zaliva\")"},{"@type":"BreadcrumbList","@id":"https:\/\/zoki.art\/en\/product\/belezka-mama\/#breadcrumb","itemListElement":[{"@type":"ListItem","position":1,"name":"Domov","item":"https:\/\/zoki.art\/en\/"},{"@type":"ListItem","position":2,"name":"Shop","item":"https:\/\/zoki.art\/en\/shop\/"},{"@type":"ListItem","position":3,"name":"A6 Notepad \u201cA Mother\u201d"}]},{"@type":"WebSite","@id":"https:\/\/zoki.art\/en\/#website","url":"https:\/\/zoki.art\/en\/","name":"Zoki.art \u2013 navihane \u010di\u010dke in \u010da\u010dke in ra\u010dke za najne\u017enej\u0161e du\u0161e","description":"\u017deli\u0161 stran od teh te\u010dnih, nejevoljnih in utrujenih misli. Greva! Te peljem na oblaku v svet domi\u0161ljije. Med stolpnice, ki niso sive in kovinaste, kot plo\u0161\u010dica v kolenu sosedove Minke. Moje so pisane in razigrane in znajo \u017evrgoleti. V njih raste velikansko cvetje in vedno lepo di\u0161i. Vsaj za trenutek, zbe\u017eiva v pravljco.","publisher":{"@id":"https:\/\/zoki.art\/en\/#organization"},"alternateName":"Zoki.art \u2013 navihane \u010di\u010dke in \u010da\u010dke in ra\u010dke za najne\u017enej\u0161e du\u0161e","potentialAction":[{"@type":"SearchAction","target":{"@type":"EntryPoint","urlTemplate":"https:\/\/zoki.art\/en\/?s={search_term_string}"},"query-input":{"@type":"PropertyValueSpecification","valueRequired":true,"valueName":"search_term_string"}}],"inLanguage":"en-US"},{"@type":"Organization","@id":"https:\/\/zoki.art\/en\/#organization","name":"Zoki.art \u2013 navihane \u010di\u010dke in \u010da\u010dke in ra\u010dke za najne\u017enej\u0161e du\u0161e","alternateName":"Zoki.art \u2013 navihane \u010di\u010dke in \u010da\u010dke in ra\u010dke za najne\u017enej\u0161e du\u0161e","url":"https:\/\/zoki.art\/en\/","logo":{"@type":"ImageObject","inLanguage":"en-US","@id":"https:\/\/zoki.art\/en\/#\/schema\/logo\/image\/","url":"https:\/\/zoki.art\/wp-content\/uploads\/2023\/04\/zoki-art-brezslogan-mavricni.svg","contentUrl":"https:\/\/zoki.art\/wp-content\/uploads\/2023\/04\/zoki-art-brezslogan-mavricni.svg","caption":"Zoki.art \u2013 navihane \u010di\u010dke in \u010da\u010dke in ra\u010dke za najne\u017enej\u0161e du\u0161e"},"image":{"@id":"https:\/\/zoki.art\/en\/#\/schema\/logo\/image\/"},"sameAs":["https:\/\/www.facebook.com\/Zoki.arts\/","https:\/\/www.instagram.com\/zoki.art"]}]}},"_links":{"self":[{"href":"https:\/\/zoki.art\/en\/wp-json\/wp\/v2\/product\/349","targetHints":{"allow":["GET"]}}],"collection":[{"href":"https:\/\/zoki.art\/en\/wp-json\/wp\/v2\/product"}],"about":[{"href":"https:\/\/zoki.art\/en\/wp-json\/wp\/v2\/types\/product"}],"replies":[{"embeddable":true,"href":"https:\/\/zoki.art\/en\/wp-json\/wp\/v2\/comments?post=349"}],"wp:featuredmedia":[{"embeddable":true,"href":"https:\/\/zoki.art\/en\/wp-json\/wp\/v2\/media\/198"}],"wp:attachment":[{"href":"https:\/\/zoki.art\/en\/wp-json\/wp\/v2\/media?parent=349"}],"wp:term":[{"taxonomy":"product_brand","embeddable":true,"href":"https:\/\/zoki.art\/en\/wp-json\/wp\/v2\/product_brand?post=349"},{"taxonomy":"product_cat","embeddable":true,"href":"https:\/\/zoki.art\/en\/wp-json\/wp\/v2\/product_cat?post=349"},{"taxonomy":"product_tag","embeddable":true,"href":"https:\/\/zoki.art\/en\/wp-json\/wp\/v2\/product_tag?post=349"}],"curies":[{"name":"wp","href":"https:\/\/api.w.org\/{rel}","templated":true}]}}