{"id":7159,"date":"2025-04-30T13:58:54","date_gmt":"2025-04-30T11:58:54","guid":{"rendered":"https:\/\/zoki.art\/izdelek\/art-print-honeybear-and-sage-23x23\/"},"modified":"2025-04-30T13:58:54","modified_gmt":"2025-04-30T11:58:54","slug":"art-print-honeybear-and-sage-23x23","status":"publish","type":"product","link":"https:\/\/zoki.art\/en\/product\/art-print-honeybear-and-sage-23x23\/","title":{"rendered":"Art print \u201cHoneybear and Sage\u201d 23&#215;23"},"content":{"rendered":"<p>The art prints are printed in giclee on gallery quality paper. The size of the graphic is 230\u00d7230 mm. It is signed on the reverse.<\/p>\n<p>The frame is not included in the price.<\/p>\n<p>The artwork will be carefully and very neatly packaged with a cardboard backing for support and protection.<\/p>\n","protected":false},"excerpt":{"rendered":"<p>The art print \u201cHoneybear and Sage\u201d is a joyful, fragrant, and playful illustration. Mmm, can you smell it? Mischievous little elves have brewed fragrant sage and infused it with honey syrup. The teacups are glowing with excitement. Can you smell it too?<br \/>This illustration was originally created as part of the 2021 calendar collection, representing the month of August.     <\/p>\n<p>The original is painted in watercolour, coloured pencils, gouache and dry pastels.<\/p>\n","protected":false},"featured_media":7027,"comment_status":"open","ping_status":"closed","template":"","meta":{"inline_featured_image":false,"_genesis_hide_title":false,"_genesis_hide_breadcrumbs":false,"_genesis_hide_singular_image":false,"_genesis_hide_footer_widgets":false,"_genesis_custom_body_class":"","_genesis_custom_post_class":"","_genesis_layout":""},"product_brand":[],"product_cat":[36],"product_tag":[],"class_list":{"0":"post-7159","1":"product","2":"type-product","3":"status-publish","4":"has-post-thumbnail","6":"product_cat-art-print","7":"entry","9":"first","10":"outofstock","11":"sale","12":"featured","13":"shipping-taxable","14":"purchasable","15":"product-type-simple"},"yoast_head":"<!-- This site is optimized with the Yoast SEO plugin v27.1.1 - https:\/\/yoast.com\/product\/yoast-seo-wordpress\/ -->\n<title>Art print \u201cHoneybear and Sage\u201d 23x23 &#8226; Zoki.art \u2013 navihane \u010di\u010dke in \u010da\u010dke in ra\u010dke za najne\u017enej\u0161e du\u0161e<\/title>\n<meta name=\"description\" content=\"A lovely gift idea for a little boy.Fairy-tale inspired, child-friendly decor in warm yellow tones, featuring sage, honey, and playful teacups \u2013 ideal for a magical touch in a kids\u2019 room.\" \/>\n<meta name=\"robots\" content=\"index, follow, max-snippet:-1, max-image-preview:large, max-video-preview:-1\" \/>\n<link rel=\"canonical\" href=\"https:\/\/zoki.art\/en\/product\/art-print-honeybear-and-sage-23x23\/\" \/>\n<meta property=\"og:locale\" content=\"en_US\" \/>\n<meta property=\"og:type\" content=\"article\" \/>\n<meta property=\"og:title\" content=\"Art print \u201cHoneybear and Sage\u201d 23x23 &#8226; Zoki.art \u2013 navihane \u010di\u010dke in \u010da\u010dke in ra\u010dke za najne\u017enej\u0161e du\u0161e\" \/>\n<meta property=\"og:description\" content=\"A lovely gift idea for a little boy.Fairy-tale inspired, child-friendly decor in warm yellow tones, featuring sage, honey, and playful teacups \u2013 ideal for a magical touch in a kids\u2019 room.\" \/>\n<meta property=\"og:url\" content=\"https:\/\/zoki.art\/en\/product\/art-print-honeybear-and-sage-23x23\/\" \/>\n<meta property=\"og:site_name\" content=\"Zoki.art \u2013 navihane \u010di\u010dke in \u010da\u010dke in ra\u010dke za najne\u017enej\u0161e du\u0161e\" \/>\n<meta property=\"article:publisher\" content=\"https:\/\/www.facebook.com\/Zoki.arts\/\" \/>\n<meta property=\"og:image\" content=\"https:\/\/zoki.art\/wp-content\/uploads\/2025\/04\/MEDEK-IN-ZAJBELJ-scaled.jpg\" \/>\n\t<meta property=\"og:image:width\" content=\"2560\" \/>\n\t<meta property=\"og:image:height\" content=\"1707\" \/>\n\t<meta property=\"og:image:type\" content=\"image\/jpeg\" \/>\n<meta name=\"twitter:card\" content=\"summary_large_image\" \/>\n<script type=\"application\/ld+json\" class=\"yoast-schema-graph\">{\"@context\":\"https:\/\/schema.org\",\"@graph\":[{\"@type\":\"WebPage\",\"@id\":\"https:\/\/zoki.art\/en\/product\/art-print-honeybear-and-sage-23x23\/\",\"url\":\"https:\/\/zoki.art\/en\/product\/art-print-honeybear-and-sage-23x23\/\",\"name\":\"Art print \u201cHoneybear and Sage\u201d 23x23 &#8226; Zoki.art \u2013 navihane \u010di\u010dke in \u010da\u010dke in ra\u010dke za najne\u017enej\u0161e du\u0161e\",\"isPartOf\":{\"@id\":\"https:\/\/zoki.art\/en\/#website\"},\"primaryImageOfPage\":{\"@id\":\"https:\/\/zoki.art\/en\/product\/art-print-honeybear-and-sage-23x23\/#primaryimage\"},\"image\":{\"@id\":\"https:\/\/zoki.art\/en\/product\/art-print-honeybear-and-sage-23x23\/#primaryimage\"},\"thumbnailUrl\":\"https:\/\/zoki.art\/wp-content\/uploads\/2025\/04\/MEDEK-IN-ZAJBELJ-scaled.jpg\",\"datePublished\":\"2025-04-30T11:58:54+00:00\",\"description\":\"A lovely gift idea for a little boy.Fairy-tale inspired, child-friendly decor in warm yellow tones, featuring sage, honey, and playful teacups \u2013 ideal for a magical touch in a kids\u2019 room.\",\"breadcrumb\":{\"@id\":\"https:\/\/zoki.art\/en\/product\/art-print-honeybear-and-sage-23x23\/#breadcrumb\"},\"inLanguage\":\"en-US\",\"potentialAction\":[{\"@type\":\"ReadAction\",\"target\":[\"https:\/\/zoki.art\/en\/product\/art-print-honeybear-and-sage-23x23\/\"]}]},{\"@type\":\"ImageObject\",\"inLanguage\":\"en-US\",\"@id\":\"https:\/\/zoki.art\/en\/product\/art-print-honeybear-and-sage-23x23\/#primaryimage\",\"url\":\"https:\/\/zoki.art\/wp-content\/uploads\/2025\/04\/MEDEK-IN-ZAJBELJ-scaled.jpg\",\"contentUrl\":\"https:\/\/zoki.art\/wp-content\/uploads\/2025\/04\/MEDEK-IN-ZAJBELJ-scaled.jpg\",\"width\":2560,\"height\":1707},{\"@type\":\"BreadcrumbList\",\"@id\":\"https:\/\/zoki.art\/en\/product\/art-print-honeybear-and-sage-23x23\/#breadcrumb\",\"itemListElement\":[{\"@type\":\"ListItem\",\"position\":1,\"name\":\"Domov\",\"item\":\"https:\/\/zoki.art\/en\/\"},{\"@type\":\"ListItem\",\"position\":2,\"name\":\"Shop\",\"item\":\"https:\/\/zoki.art\/en\/shop\/\"},{\"@type\":\"ListItem\",\"position\":3,\"name\":\"Art print \u201cHoneybear and Sage\u201d 23&#215;23\"}]},{\"@type\":\"WebSite\",\"@id\":\"https:\/\/zoki.art\/en\/#website\",\"url\":\"https:\/\/zoki.art\/en\/\",\"name\":\"Zoki.art \u2013 navihane \u010di\u010dke in \u010da\u010dke in ra\u010dke za najne\u017enej\u0161e du\u0161e\",\"description\":\"\u017deli\u0161 stran od teh te\u010dnih, nejevoljnih in utrujenih misli. Greva! Te peljem na oblaku v svet domi\u0161ljije. Med stolpnice, ki niso sive in kovinaste, kot plo\u0161\u010dica v kolenu sosedove Minke. Moje so pisane in razigrane in znajo \u017evrgoleti. V njih raste velikansko cvetje in vedno lepo di\u0161i. Vsaj za trenutek, zbe\u017eiva v pravljco.\",\"publisher\":{\"@id\":\"https:\/\/zoki.art\/en\/#organization\"},\"alternateName\":\"Zoki.art \u2013 navihane \u010di\u010dke in \u010da\u010dke in ra\u010dke za najne\u017enej\u0161e du\u0161e\",\"potentialAction\":[{\"@type\":\"SearchAction\",\"target\":{\"@type\":\"EntryPoint\",\"urlTemplate\":\"https:\/\/zoki.art\/en\/?s={search_term_string}\"},\"query-input\":{\"@type\":\"PropertyValueSpecification\",\"valueRequired\":true,\"valueName\":\"search_term_string\"}}],\"inLanguage\":\"en-US\"},{\"@type\":\"Organization\",\"@id\":\"https:\/\/zoki.art\/en\/#organization\",\"name\":\"Zoki.art \u2013 navihane \u010di\u010dke in \u010da\u010dke in ra\u010dke za najne\u017enej\u0161e du\u0161e\",\"alternateName\":\"Zoki.art \u2013 navihane \u010di\u010dke in \u010da\u010dke in ra\u010dke za najne\u017enej\u0161e du\u0161e\",\"url\":\"https:\/\/zoki.art\/en\/\",\"logo\":{\"@type\":\"ImageObject\",\"inLanguage\":\"en-US\",\"@id\":\"https:\/\/zoki.art\/en\/#\/schema\/logo\/image\/\",\"url\":\"https:\/\/zoki.art\/wp-content\/uploads\/2023\/04\/zoki-art-brezslogan-mavricni.svg\",\"contentUrl\":\"https:\/\/zoki.art\/wp-content\/uploads\/2023\/04\/zoki-art-brezslogan-mavricni.svg\",\"caption\":\"Zoki.art \u2013 navihane \u010di\u010dke in \u010da\u010dke in ra\u010dke za najne\u017enej\u0161e du\u0161e\"},\"image\":{\"@id\":\"https:\/\/zoki.art\/en\/#\/schema\/logo\/image\/\"},\"sameAs\":[\"https:\/\/www.facebook.com\/Zoki.arts\/\",\"https:\/\/www.instagram.com\/zoki.art\"]}]}<\/script>\n<!-- \/ Yoast SEO plugin. -->","yoast_head_json":{"title":"Art print \u201cHoneybear and Sage\u201d 23x23 &#8226; Zoki.art \u2013 navihane \u010di\u010dke in \u010da\u010dke in ra\u010dke za najne\u017enej\u0161e du\u0161e","description":"A lovely gift idea for a little boy.Fairy-tale inspired, child-friendly decor in warm yellow tones, featuring sage, honey, and playful teacups \u2013 ideal for a magical touch in a kids\u2019 room.","robots":{"index":"index","follow":"follow","max-snippet":"max-snippet:-1","max-image-preview":"max-image-preview:large","max-video-preview":"max-video-preview:-1"},"canonical":"https:\/\/zoki.art\/en\/product\/art-print-honeybear-and-sage-23x23\/","og_locale":"en_US","og_type":"article","og_title":"Art print \u201cHoneybear and Sage\u201d 23x23 &#8226; Zoki.art \u2013 navihane \u010di\u010dke in \u010da\u010dke in ra\u010dke za najne\u017enej\u0161e du\u0161e","og_description":"A lovely gift idea for a little boy.Fairy-tale inspired, child-friendly decor in warm yellow tones, featuring sage, honey, and playful teacups \u2013 ideal for a magical touch in a kids\u2019 room.","og_url":"https:\/\/zoki.art\/en\/product\/art-print-honeybear-and-sage-23x23\/","og_site_name":"Zoki.art \u2013 navihane \u010di\u010dke in \u010da\u010dke in ra\u010dke za najne\u017enej\u0161e du\u0161e","article_publisher":"https:\/\/www.facebook.com\/Zoki.arts\/","og_image":[{"width":2560,"height":1707,"url":"https:\/\/zoki.art\/wp-content\/uploads\/2025\/04\/MEDEK-IN-ZAJBELJ-scaled.jpg","type":"image\/jpeg"}],"twitter_card":"summary_large_image","schema":{"@context":"https:\/\/schema.org","@graph":[{"@type":"WebPage","@id":"https:\/\/zoki.art\/en\/product\/art-print-honeybear-and-sage-23x23\/","url":"https:\/\/zoki.art\/en\/product\/art-print-honeybear-and-sage-23x23\/","name":"Art print \u201cHoneybear and Sage\u201d 23x23 &#8226; Zoki.art \u2013 navihane \u010di\u010dke in \u010da\u010dke in ra\u010dke za najne\u017enej\u0161e du\u0161e","isPartOf":{"@id":"https:\/\/zoki.art\/en\/#website"},"primaryImageOfPage":{"@id":"https:\/\/zoki.art\/en\/product\/art-print-honeybear-and-sage-23x23\/#primaryimage"},"image":{"@id":"https:\/\/zoki.art\/en\/product\/art-print-honeybear-and-sage-23x23\/#primaryimage"},"thumbnailUrl":"https:\/\/zoki.art\/wp-content\/uploads\/2025\/04\/MEDEK-IN-ZAJBELJ-scaled.jpg","datePublished":"2025-04-30T11:58:54+00:00","description":"A lovely gift idea for a little boy.Fairy-tale inspired, child-friendly decor in warm yellow tones, featuring sage, honey, and playful teacups \u2013 ideal for a magical touch in a kids\u2019 room.","breadcrumb":{"@id":"https:\/\/zoki.art\/en\/product\/art-print-honeybear-and-sage-23x23\/#breadcrumb"},"inLanguage":"en-US","potentialAction":[{"@type":"ReadAction","target":["https:\/\/zoki.art\/en\/product\/art-print-honeybear-and-sage-23x23\/"]}]},{"@type":"ImageObject","inLanguage":"en-US","@id":"https:\/\/zoki.art\/en\/product\/art-print-honeybear-and-sage-23x23\/#primaryimage","url":"https:\/\/zoki.art\/wp-content\/uploads\/2025\/04\/MEDEK-IN-ZAJBELJ-scaled.jpg","contentUrl":"https:\/\/zoki.art\/wp-content\/uploads\/2025\/04\/MEDEK-IN-ZAJBELJ-scaled.jpg","width":2560,"height":1707},{"@type":"BreadcrumbList","@id":"https:\/\/zoki.art\/en\/product\/art-print-honeybear-and-sage-23x23\/#breadcrumb","itemListElement":[{"@type":"ListItem","position":1,"name":"Domov","item":"https:\/\/zoki.art\/en\/"},{"@type":"ListItem","position":2,"name":"Shop","item":"https:\/\/zoki.art\/en\/shop\/"},{"@type":"ListItem","position":3,"name":"Art print \u201cHoneybear and Sage\u201d 23&#215;23"}]},{"@type":"WebSite","@id":"https:\/\/zoki.art\/en\/#website","url":"https:\/\/zoki.art\/en\/","name":"Zoki.art \u2013 navihane \u010di\u010dke in \u010da\u010dke in ra\u010dke za najne\u017enej\u0161e du\u0161e","description":"\u017deli\u0161 stran od teh te\u010dnih, nejevoljnih in utrujenih misli. Greva! Te peljem na oblaku v svet domi\u0161ljije. Med stolpnice, ki niso sive in kovinaste, kot plo\u0161\u010dica v kolenu sosedove Minke. Moje so pisane in razigrane in znajo \u017evrgoleti. V njih raste velikansko cvetje in vedno lepo di\u0161i. Vsaj za trenutek, zbe\u017eiva v pravljco.","publisher":{"@id":"https:\/\/zoki.art\/en\/#organization"},"alternateName":"Zoki.art \u2013 navihane \u010di\u010dke in \u010da\u010dke in ra\u010dke za najne\u017enej\u0161e du\u0161e","potentialAction":[{"@type":"SearchAction","target":{"@type":"EntryPoint","urlTemplate":"https:\/\/zoki.art\/en\/?s={search_term_string}"},"query-input":{"@type":"PropertyValueSpecification","valueRequired":true,"valueName":"search_term_string"}}],"inLanguage":"en-US"},{"@type":"Organization","@id":"https:\/\/zoki.art\/en\/#organization","name":"Zoki.art \u2013 navihane \u010di\u010dke in \u010da\u010dke in ra\u010dke za najne\u017enej\u0161e du\u0161e","alternateName":"Zoki.art \u2013 navihane \u010di\u010dke in \u010da\u010dke in ra\u010dke za najne\u017enej\u0161e du\u0161e","url":"https:\/\/zoki.art\/en\/","logo":{"@type":"ImageObject","inLanguage":"en-US","@id":"https:\/\/zoki.art\/en\/#\/schema\/logo\/image\/","url":"https:\/\/zoki.art\/wp-content\/uploads\/2023\/04\/zoki-art-brezslogan-mavricni.svg","contentUrl":"https:\/\/zoki.art\/wp-content\/uploads\/2023\/04\/zoki-art-brezslogan-mavricni.svg","caption":"Zoki.art \u2013 navihane \u010di\u010dke in \u010da\u010dke in ra\u010dke za najne\u017enej\u0161e du\u0161e"},"image":{"@id":"https:\/\/zoki.art\/en\/#\/schema\/logo\/image\/"},"sameAs":["https:\/\/www.facebook.com\/Zoki.arts\/","https:\/\/www.instagram.com\/zoki.art"]}]}},"_links":{"self":[{"href":"https:\/\/zoki.art\/en\/wp-json\/wp\/v2\/product\/7159","targetHints":{"allow":["GET"]}}],"collection":[{"href":"https:\/\/zoki.art\/en\/wp-json\/wp\/v2\/product"}],"about":[{"href":"https:\/\/zoki.art\/en\/wp-json\/wp\/v2\/types\/product"}],"replies":[{"embeddable":true,"href":"https:\/\/zoki.art\/en\/wp-json\/wp\/v2\/comments?post=7159"}],"wp:featuredmedia":[{"embeddable":true,"href":"https:\/\/zoki.art\/en\/wp-json\/wp\/v2\/media\/7027"}],"wp:attachment":[{"href":"https:\/\/zoki.art\/en\/wp-json\/wp\/v2\/media?parent=7159"}],"wp:term":[{"taxonomy":"product_brand","embeddable":true,"href":"https:\/\/zoki.art\/en\/wp-json\/wp\/v2\/product_brand?post=7159"},{"taxonomy":"product_cat","embeddable":true,"href":"https:\/\/zoki.art\/en\/wp-json\/wp\/v2\/product_cat?post=7159"},{"taxonomy":"product_tag","embeddable":true,"href":"https:\/\/zoki.art\/en\/wp-json\/wp\/v2\/product_tag?post=7159"}],"curies":[{"name":"wp","href":"https:\/\/api.w.org\/{rel}","templated":true}]}}