{"id":7280,"date":"2024-11-05T11:01:30","date_gmt":"2024-11-05T10:01:30","guid":{"rendered":"https:\/\/zoki.art\/izdelek\/over-the-rainbow\/"},"modified":"2025-10-07T16:16:41","modified_gmt":"2025-10-07T14:16:41","slug":"over-the-rainbow","status":"publish","type":"product","link":"https:\/\/zoki.art\/en\/product\/over-the-rainbow\/","title":{"rendered":"Over the Rainbow \u2013 Picture Book for Gentle Conversations"},"content":{"rendered":"<p>The picture book <em>Over the Rainbow<\/em> tenderly addresses a sensitive theme that is still too often a taboo at home and in schools. Many adults feel unsure how to speak with children, parents and others when facing profound loss. This book offers a gentle starting point.<\/p>\n<p>An invaluable addition is the accompanying psychologist&#8217;s guidance for parents with age\u2011appropriate advice on approaching difficult emotions.<\/p>\n<p><a href=\"https:\/\/zoki.art\/wp-content\/uploads\/2024\/11\/7-300x300.jpg\"><img decoding=\"async\" class=\"alignnone size-medium wp-image-6261\" src=\"https:\/\/zoki.art\/wp-content\/uploads\/2024\/11\/7-300x300.jpg\" alt=\"Over the Rainbow picture book page 1\" width=\"300\" height=\"300\" srcset=\"https:\/\/zoki.art\/wp-content\/uploads\/2024\/11\/7-300x300.jpg 300w, https:\/\/zoki.art\/wp-content\/uploads\/2024\/11\/7-1024x1024.jpg 1024w, https:\/\/zoki.art\/wp-content\/uploads\/2024\/11\/7-150x150.jpg 150w, https:\/\/zoki.art\/wp-content\/uploads\/2024\/11\/7-768x768.jpg 768w, https:\/\/zoki.art\/wp-content\/uploads\/2024\/11\/7-1536x1536.jpg 1536w, https:\/\/zoki.art\/wp-content\/uploads\/2024\/11\/7-75x75.jpg 75w, https:\/\/zoki.art\/wp-content\/uploads\/2024\/11\/7-600x600.jpg 600w, https:\/\/zoki.art\/wp-content\/uploads\/2024\/11\/7-500x500.jpg 500w, https:\/\/zoki.art\/wp-content\/uploads\/2024\/11\/7-655x655.jpg 655w, https:\/\/zoki.art\/wp-content\/uploads\/2024\/11\/7-180x180.jpg 180w, https:\/\/zoki.art\/wp-content\/uploads\/2024\/11\/7.jpg 1920w\" sizes=\"(max-width: 300px) 100vw, 300px\" \/><\/a> <a href=\"https:\/\/zoki.art\/wp-content\/uploads\/2024\/11\/5-300x300.jpg\"><img decoding=\"async\" class=\"alignnone size-medium wp-image-6259\" src=\"https:\/\/zoki.art\/wp-content\/uploads\/2024\/11\/5-300x300.jpg\" alt=\"Over the Rainbow picture book page 2\" width=\"300\" height=\"300\" srcset=\"https:\/\/zoki.art\/wp-content\/uploads\/2024\/11\/5-300x300.jpg 300w, https:\/\/zoki.art\/wp-content\/uploads\/2024\/11\/5-1024x1024.jpg 1024w, https:\/\/zoki.art\/wp-content\/uploads\/2024\/11\/5-150x150.jpg 150w, https:\/\/zoki.art\/wp-content\/uploads\/2024\/11\/5-768x768.jpg 768w, https:\/\/zoki.art\/wp-content\/uploads\/2024\/11\/5-1536x1536.jpg 1536w, https:\/\/zoki.art\/wp-content\/uploads\/2024\/11\/5-75x75.jpg 75w, https:\/\/zoki.art\/wp-content\/uploads\/2024\/11\/5-600x600.jpg 600w, https:\/\/zoki.art\/wp-content\/uploads\/2024\/11\/5-500x500.jpg 500w, https:\/\/zoki.art\/wp-content\/uploads\/2024\/11\/5-655x655.jpg 655w, https:\/\/zoki.art\/wp-content\/uploads\/2024\/11\/5-180x180.jpg 180w, https:\/\/zoki.art\/wp-content\/uploads\/2024\/11\/5.jpg 1920w\" sizes=\"(max-width: 300px) 100vw, 300px\" \/><\/a> <a href=\"https:\/\/zoki.art\/wp-content\/uploads\/2024\/11\/4-300x300.jpg\"><img decoding=\"async\" class=\"alignnone size-medium wp-image-6257\" src=\"https:\/\/zoki.art\/wp-content\/uploads\/2024\/11\/4-300x300.jpg\" alt=\"Over the Rainbow picture book page 3\" width=\"300\" height=\"300\" srcset=\"https:\/\/zoki.art\/wp-content\/uploads\/2024\/11\/4-300x300.jpg 300w, https:\/\/zoki.art\/wp-content\/uploads\/2024\/11\/4-1024x1024.jpg 1024w, https:\/\/zoki.art\/wp-content\/uploads\/2024\/11\/4-150x150.jpg 150w, https:\/\/zoki.art\/wp-content\/uploads\/2024\/11\/4-768x768.jpg 768w, https:\/\/zoki.art\/wp-content\/uploads\/2024\/11\/4-1536x1536.jpg 1536w, https:\/\/zoki.art\/wp-content\/uploads\/2024\/11\/4-75x75.jpg 75w, https:\/\/zoki.art\/wp-content\/uploads\/2024\/11\/4-600x600.jpg 600w, https:\/\/zoki.art\/wp-content\/uploads\/2024\/11\/4-500x500.jpg 500w, https:\/\/zoki.art\/wp-content\/uploads\/2024\/11\/4-655x655.jpg 655w, https:\/\/zoki.art\/wp-content\/uploads\/2024\/11\/4-180x180.jpg 180w, https:\/\/zoki.art\/wp-content\/uploads\/2024\/11\/4.jpg 1920w\" sizes=\"(max-width: 300px) 100vw, 300px\" \/><\/a><\/p>\n<p>&nbsp;<\/p>\n","protected":false},"excerpt":{"rendered":"<p>The picture book <em>Over the Rainbow<\/em> by Katja Rinc was created out of a deeply personal loss\u2014the death of a child (Alja). One challenge was how to talk about this with an older sibling who had been eagerly awaiting her sister. Realising there was little supportive literature, Katja transformed her story into a resource for families navigating grief.<\/p>\n<p>It offers parents and children a compassionate, age\u2011sensitive tool for naming feelings and fostering gentle conversation.<\/p>\n<p>Read more about the collaboration at this <a href=\"https:\/\/zoki.art\/en\/portfolio\/over-the-rainbow-katja-rinc\/\">link.<\/a><\/p>\n<p>&nbsp;<\/p>\n","protected":false},"featured_media":6272,"comment_status":"open","ping_status":"closed","template":"","meta":{"inline_featured_image":false,"_genesis_hide_title":false,"_genesis_hide_breadcrumbs":false,"_genesis_hide_singular_image":false,"_genesis_hide_footer_widgets":false,"_genesis_custom_body_class":"","_genesis_custom_post_class":"","_genesis_layout":""},"product_brand":[],"product_cat":[178],"product_tag":[],"class_list":{"0":"post-7280","1":"product","2":"type-product","3":"status-publish","4":"has-post-thumbnail","6":"product_cat-books","7":"entry","9":"first","10":"instock","11":"shipping-taxable","12":"purchasable","13":"product-type-simple"},"yoast_head":"<!-- This site is optimized with the Yoast SEO plugin v27.1.1 - https:\/\/yoast.com\/product\/yoast-seo-wordpress\/ -->\n<title>Over the Rainbow \u2013 Picture Book for Gentle Conversations &#8226; Zoki.art \u2013 navihane \u010di\u010dke in \u010da\u010dke in ra\u010dke za najne\u017enej\u0161e du\u0161e<\/title>\n<meta name=\"description\" content=\"Over the Rainbow \u2013 tender picture book helping families name feelings, start gentle grief conversations and find calm with supportive expert notes.\" \/>\n<meta name=\"robots\" content=\"index, follow, max-snippet:-1, max-image-preview:large, max-video-preview:-1\" \/>\n<link rel=\"canonical\" href=\"https:\/\/zoki.art\/en\/product\/over-the-rainbow\/\" \/>\n<meta property=\"og:locale\" content=\"en_US\" \/>\n<meta property=\"og:type\" content=\"article\" \/>\n<meta property=\"og:title\" content=\"Over the Rainbow \u2013 Picture Book for Gentle Conversations &#8226; Zoki.art \u2013 navihane \u010di\u010dke in \u010da\u010dke in ra\u010dke za najne\u017enej\u0161e du\u0161e\" \/>\n<meta property=\"og:description\" content=\"Over the Rainbow \u2013 tender picture book helping families name feelings, start gentle grief conversations and find calm with supportive expert notes.\" \/>\n<meta property=\"og:url\" content=\"https:\/\/zoki.art\/en\/product\/over-the-rainbow\/\" \/>\n<meta property=\"og:site_name\" content=\"Zoki.art \u2013 navihane \u010di\u010dke in \u010da\u010dke in ra\u010dke za najne\u017enej\u0161e du\u0161e\" \/>\n<meta property=\"article:publisher\" content=\"https:\/\/www.facebook.com\/Zoki.arts\/\" \/>\n<meta property=\"article:modified_time\" content=\"2025-10-07T14:16:41+00:00\" \/>\n<meta property=\"og:image\" content=\"https:\/\/zoki.art\/wp-content\/uploads\/2024\/11\/1.jpg\" \/>\n\t<meta property=\"og:image:width\" content=\"1920\" \/>\n\t<meta property=\"og:image:height\" content=\"1920\" \/>\n\t<meta property=\"og:image:type\" content=\"image\/jpeg\" \/>\n<meta name=\"twitter:card\" content=\"summary_large_image\" \/>\n<script type=\"application\/ld+json\" class=\"yoast-schema-graph\">{\"@context\":\"https:\/\/schema.org\",\"@graph\":[{\"@type\":\"WebPage\",\"@id\":\"https:\/\/zoki.art\/en\/product\/over-the-rainbow\/\",\"url\":\"https:\/\/zoki.art\/en\/product\/over-the-rainbow\/\",\"name\":\"Over the Rainbow \u2013 Picture Book for Gentle Conversations &#8226; Zoki.art \u2013 navihane \u010di\u010dke in \u010da\u010dke in ra\u010dke za najne\u017enej\u0161e du\u0161e\",\"isPartOf\":{\"@id\":\"https:\/\/zoki.art\/en\/#website\"},\"primaryImageOfPage\":{\"@id\":\"https:\/\/zoki.art\/en\/product\/over-the-rainbow\/#primaryimage\"},\"image\":{\"@id\":\"https:\/\/zoki.art\/en\/product\/over-the-rainbow\/#primaryimage\"},\"thumbnailUrl\":\"https:\/\/zoki.art\/wp-content\/uploads\/2024\/11\/1.jpg\",\"datePublished\":\"2024-11-05T10:01:30+00:00\",\"dateModified\":\"2025-10-07T14:16:41+00:00\",\"description\":\"Over the Rainbow \u2013 tender picture book helping families name feelings, start gentle grief conversations and find calm with supportive expert notes.\",\"breadcrumb\":{\"@id\":\"https:\/\/zoki.art\/en\/product\/over-the-rainbow\/#breadcrumb\"},\"inLanguage\":\"en-US\",\"potentialAction\":[{\"@type\":\"ReadAction\",\"target\":[\"https:\/\/zoki.art\/en\/product\/over-the-rainbow\/\"]}]},{\"@type\":\"ImageObject\",\"inLanguage\":\"en-US\",\"@id\":\"https:\/\/zoki.art\/en\/product\/over-the-rainbow\/#primaryimage\",\"url\":\"https:\/\/zoki.art\/wp-content\/uploads\/2024\/11\/1.jpg\",\"contentUrl\":\"https:\/\/zoki.art\/wp-content\/uploads\/2024\/11\/1.jpg\",\"width\":1920,\"height\":1920},{\"@type\":\"BreadcrumbList\",\"@id\":\"https:\/\/zoki.art\/en\/product\/over-the-rainbow\/#breadcrumb\",\"itemListElement\":[{\"@type\":\"ListItem\",\"position\":1,\"name\":\"Domov\",\"item\":\"https:\/\/zoki.art\/en\/\"},{\"@type\":\"ListItem\",\"position\":2,\"name\":\"Shop\",\"item\":\"https:\/\/zoki.art\/en\/shop\/\"},{\"@type\":\"ListItem\",\"position\":3,\"name\":\"Over the Rainbow \u2013 Picture Book for Gentle Conversations\"}]},{\"@type\":\"WebSite\",\"@id\":\"https:\/\/zoki.art\/en\/#website\",\"url\":\"https:\/\/zoki.art\/en\/\",\"name\":\"Zoki.art \u2013 navihane \u010di\u010dke in \u010da\u010dke in ra\u010dke za najne\u017enej\u0161e du\u0161e\",\"description\":\"\u017deli\u0161 stran od teh te\u010dnih, nejevoljnih in utrujenih misli. Greva! Te peljem na oblaku v svet domi\u0161ljije. Med stolpnice, ki niso sive in kovinaste, kot plo\u0161\u010dica v kolenu sosedove Minke. Moje so pisane in razigrane in znajo \u017evrgoleti. V njih raste velikansko cvetje in vedno lepo di\u0161i. Vsaj za trenutek, zbe\u017eiva v pravljco.\",\"publisher\":{\"@id\":\"https:\/\/zoki.art\/en\/#organization\"},\"alternateName\":\"Zoki.art \u2013 navihane \u010di\u010dke in \u010da\u010dke in ra\u010dke za najne\u017enej\u0161e du\u0161e\",\"potentialAction\":[{\"@type\":\"SearchAction\",\"target\":{\"@type\":\"EntryPoint\",\"urlTemplate\":\"https:\/\/zoki.art\/en\/?s={search_term_string}\"},\"query-input\":{\"@type\":\"PropertyValueSpecification\",\"valueRequired\":true,\"valueName\":\"search_term_string\"}}],\"inLanguage\":\"en-US\"},{\"@type\":\"Organization\",\"@id\":\"https:\/\/zoki.art\/en\/#organization\",\"name\":\"Zoki.art \u2013 navihane \u010di\u010dke in \u010da\u010dke in ra\u010dke za najne\u017enej\u0161e du\u0161e\",\"alternateName\":\"Zoki.art \u2013 navihane \u010di\u010dke in \u010da\u010dke in ra\u010dke za najne\u017enej\u0161e du\u0161e\",\"url\":\"https:\/\/zoki.art\/en\/\",\"logo\":{\"@type\":\"ImageObject\",\"inLanguage\":\"en-US\",\"@id\":\"https:\/\/zoki.art\/en\/#\/schema\/logo\/image\/\",\"url\":\"https:\/\/zoki.art\/wp-content\/uploads\/2023\/04\/zoki-art-brezslogan-mavricni.svg\",\"contentUrl\":\"https:\/\/zoki.art\/wp-content\/uploads\/2023\/04\/zoki-art-brezslogan-mavricni.svg\",\"caption\":\"Zoki.art \u2013 navihane \u010di\u010dke in \u010da\u010dke in ra\u010dke za najne\u017enej\u0161e du\u0161e\"},\"image\":{\"@id\":\"https:\/\/zoki.art\/en\/#\/schema\/logo\/image\/\"},\"sameAs\":[\"https:\/\/www.facebook.com\/Zoki.arts\/\",\"https:\/\/www.instagram.com\/zoki.art\"]}]}<\/script>\n<!-- \/ Yoast SEO plugin. -->","yoast_head_json":{"title":"Over the Rainbow \u2013 Picture Book for Gentle Conversations &#8226; Zoki.art \u2013 navihane \u010di\u010dke in \u010da\u010dke in ra\u010dke za najne\u017enej\u0161e du\u0161e","description":"Over the Rainbow \u2013 tender picture book helping families name feelings, start gentle grief conversations and find calm with supportive expert notes.","robots":{"index":"index","follow":"follow","max-snippet":"max-snippet:-1","max-image-preview":"max-image-preview:large","max-video-preview":"max-video-preview:-1"},"canonical":"https:\/\/zoki.art\/en\/product\/over-the-rainbow\/","og_locale":"en_US","og_type":"article","og_title":"Over the Rainbow \u2013 Picture Book for Gentle Conversations &#8226; Zoki.art \u2013 navihane \u010di\u010dke in \u010da\u010dke in ra\u010dke za najne\u017enej\u0161e du\u0161e","og_description":"Over the Rainbow \u2013 tender picture book helping families name feelings, start gentle grief conversations and find calm with supportive expert notes.","og_url":"https:\/\/zoki.art\/en\/product\/over-the-rainbow\/","og_site_name":"Zoki.art \u2013 navihane \u010di\u010dke in \u010da\u010dke in ra\u010dke za najne\u017enej\u0161e du\u0161e","article_publisher":"https:\/\/www.facebook.com\/Zoki.arts\/","article_modified_time":"2025-10-07T14:16:41+00:00","og_image":[{"width":1920,"height":1920,"url":"https:\/\/zoki.art\/wp-content\/uploads\/2024\/11\/1.jpg","type":"image\/jpeg"}],"twitter_card":"summary_large_image","schema":{"@context":"https:\/\/schema.org","@graph":[{"@type":"WebPage","@id":"https:\/\/zoki.art\/en\/product\/over-the-rainbow\/","url":"https:\/\/zoki.art\/en\/product\/over-the-rainbow\/","name":"Over the Rainbow \u2013 Picture Book for Gentle Conversations &#8226; Zoki.art \u2013 navihane \u010di\u010dke in \u010da\u010dke in ra\u010dke za najne\u017enej\u0161e du\u0161e","isPartOf":{"@id":"https:\/\/zoki.art\/en\/#website"},"primaryImageOfPage":{"@id":"https:\/\/zoki.art\/en\/product\/over-the-rainbow\/#primaryimage"},"image":{"@id":"https:\/\/zoki.art\/en\/product\/over-the-rainbow\/#primaryimage"},"thumbnailUrl":"https:\/\/zoki.art\/wp-content\/uploads\/2024\/11\/1.jpg","datePublished":"2024-11-05T10:01:30+00:00","dateModified":"2025-10-07T14:16:41+00:00","description":"Over the Rainbow \u2013 tender picture book helping families name feelings, start gentle grief conversations and find calm with supportive expert notes.","breadcrumb":{"@id":"https:\/\/zoki.art\/en\/product\/over-the-rainbow\/#breadcrumb"},"inLanguage":"en-US","potentialAction":[{"@type":"ReadAction","target":["https:\/\/zoki.art\/en\/product\/over-the-rainbow\/"]}]},{"@type":"ImageObject","inLanguage":"en-US","@id":"https:\/\/zoki.art\/en\/product\/over-the-rainbow\/#primaryimage","url":"https:\/\/zoki.art\/wp-content\/uploads\/2024\/11\/1.jpg","contentUrl":"https:\/\/zoki.art\/wp-content\/uploads\/2024\/11\/1.jpg","width":1920,"height":1920},{"@type":"BreadcrumbList","@id":"https:\/\/zoki.art\/en\/product\/over-the-rainbow\/#breadcrumb","itemListElement":[{"@type":"ListItem","position":1,"name":"Domov","item":"https:\/\/zoki.art\/en\/"},{"@type":"ListItem","position":2,"name":"Shop","item":"https:\/\/zoki.art\/en\/shop\/"},{"@type":"ListItem","position":3,"name":"Over the Rainbow \u2013 Picture Book for Gentle Conversations"}]},{"@type":"WebSite","@id":"https:\/\/zoki.art\/en\/#website","url":"https:\/\/zoki.art\/en\/","name":"Zoki.art \u2013 navihane \u010di\u010dke in \u010da\u010dke in ra\u010dke za najne\u017enej\u0161e du\u0161e","description":"\u017deli\u0161 stran od teh te\u010dnih, nejevoljnih in utrujenih misli. Greva! Te peljem na oblaku v svet domi\u0161ljije. Med stolpnice, ki niso sive in kovinaste, kot plo\u0161\u010dica v kolenu sosedove Minke. Moje so pisane in razigrane in znajo \u017evrgoleti. V njih raste velikansko cvetje in vedno lepo di\u0161i. Vsaj za trenutek, zbe\u017eiva v pravljco.","publisher":{"@id":"https:\/\/zoki.art\/en\/#organization"},"alternateName":"Zoki.art \u2013 navihane \u010di\u010dke in \u010da\u010dke in ra\u010dke za najne\u017enej\u0161e du\u0161e","potentialAction":[{"@type":"SearchAction","target":{"@type":"EntryPoint","urlTemplate":"https:\/\/zoki.art\/en\/?s={search_term_string}"},"query-input":{"@type":"PropertyValueSpecification","valueRequired":true,"valueName":"search_term_string"}}],"inLanguage":"en-US"},{"@type":"Organization","@id":"https:\/\/zoki.art\/en\/#organization","name":"Zoki.art \u2013 navihane \u010di\u010dke in \u010da\u010dke in ra\u010dke za najne\u017enej\u0161e du\u0161e","alternateName":"Zoki.art \u2013 navihane \u010di\u010dke in \u010da\u010dke in ra\u010dke za najne\u017enej\u0161e du\u0161e","url":"https:\/\/zoki.art\/en\/","logo":{"@type":"ImageObject","inLanguage":"en-US","@id":"https:\/\/zoki.art\/en\/#\/schema\/logo\/image\/","url":"https:\/\/zoki.art\/wp-content\/uploads\/2023\/04\/zoki-art-brezslogan-mavricni.svg","contentUrl":"https:\/\/zoki.art\/wp-content\/uploads\/2023\/04\/zoki-art-brezslogan-mavricni.svg","caption":"Zoki.art \u2013 navihane \u010di\u010dke in \u010da\u010dke in ra\u010dke za najne\u017enej\u0161e du\u0161e"},"image":{"@id":"https:\/\/zoki.art\/en\/#\/schema\/logo\/image\/"},"sameAs":["https:\/\/www.facebook.com\/Zoki.arts\/","https:\/\/www.instagram.com\/zoki.art"]}]}},"_links":{"self":[{"href":"https:\/\/zoki.art\/en\/wp-json\/wp\/v2\/product\/7280","targetHints":{"allow":["GET"]}}],"collection":[{"href":"https:\/\/zoki.art\/en\/wp-json\/wp\/v2\/product"}],"about":[{"href":"https:\/\/zoki.art\/en\/wp-json\/wp\/v2\/types\/product"}],"replies":[{"embeddable":true,"href":"https:\/\/zoki.art\/en\/wp-json\/wp\/v2\/comments?post=7280"}],"wp:featuredmedia":[{"embeddable":true,"href":"https:\/\/zoki.art\/en\/wp-json\/wp\/v2\/media\/6272"}],"wp:attachment":[{"href":"https:\/\/zoki.art\/en\/wp-json\/wp\/v2\/media?parent=7280"}],"wp:term":[{"taxonomy":"product_brand","embeddable":true,"href":"https:\/\/zoki.art\/en\/wp-json\/wp\/v2\/product_brand?post=7280"},{"taxonomy":"product_cat","embeddable":true,"href":"https:\/\/zoki.art\/en\/wp-json\/wp\/v2\/product_cat?post=7280"},{"taxonomy":"product_tag","embeddable":true,"href":"https:\/\/zoki.art\/en\/wp-json\/wp\/v2\/product_tag?post=7280"}],"curies":[{"name":"wp","href":"https:\/\/api.w.org\/{rel}","templated":true}]}}