{"id":7527,"date":"2025-09-18T15:25:23","date_gmt":"2025-09-18T13:25:23","guid":{"rendered":"https:\/\/zoki.art\/izdelek\/platnena-torba-sokotra\/"},"modified":"2025-09-23T16:30:31","modified_gmt":"2025-09-23T14:30:31","slug":"platnena-torba-sokotra","status":"publish","type":"product","link":"https:\/\/zoki.art\/en\/product\/platnena-torba-sokotra\/","title":{"rendered":"Tote bag Socotra adventure"},"content":{"rendered":"<p><strong>Specifications:<\/strong><\/p>\n<ul>\n<li>Material: 100% cotton, 350 gsm<\/li>\n<li>Extremely durable<\/li>\n<li>Dimensions: 45 cm \u00d7 38 cm, handle length 80 cm<\/li>\n<li>Machine washable at 30 \u00b0C<\/li>\n<\/ul>\n<p><strong>Tip:<\/strong><br \/>\nZoki.art tote bags are real attention-seekers. For risks and unwanted side effects of random envy, please consult your doctor or pharmacist. \ud83d\ude1b<\/p>\n","protected":false},"excerpt":{"rendered":"<p>The exotic \u201c<strong>Socotra<\/strong>\u201d illustration now on a Zoki.art tote. \ud83c\udf34\ud83d\udc2a Perfect for those who love to add a pinch of adventure to their everyday. <\/p>\n<p>The durable cotton canvas easily carries heavy groceries or beach books, while still stylish enough to match any outfit. <\/p>\n","protected":false},"featured_media":7520,"comment_status":"open","ping_status":"closed","template":"","meta":{"inline_featured_image":false,"_genesis_hide_title":false,"_genesis_hide_breadcrumbs":false,"_genesis_hide_singular_image":false,"_genesis_hide_footer_widgets":false,"_genesis_custom_body_class":"","_genesis_custom_post_class":"","_genesis_layout":""},"product_brand":[],"product_cat":[169],"product_tag":[],"class_list":{"0":"post-7527","1":"product","2":"type-product","3":"status-publish","4":"has-post-thumbnail","6":"product_cat-tekstil-en","7":"entry","9":"first","10":"instock","11":"sale","12":"shipping-taxable","13":"purchasable","14":"product-type-simple"},"yoast_head":"<!-- This site is optimized with the Yoast SEO plugin v27.1.1 - https:\/\/yoast.com\/product\/yoast-seo-wordpress\/ -->\n<title>Tote bag Socotra adventure &#8226; Zoki.art \u2013 navihane \u010di\u010dke in \u010da\u010dke in ra\u010dke za najne\u017enej\u0161e du\u0161e<\/title>\n<meta name=\"description\" content=\"The exotic \u201cSocotra\u201d illustration now on a Zoki.art tote bag. This durable cotton tote is strong enough to carry heavy groceries or books.\" \/>\n<meta name=\"robots\" content=\"index, follow, max-snippet:-1, max-image-preview:large, max-video-preview:-1\" \/>\n<link rel=\"canonical\" href=\"https:\/\/zoki.art\/en\/product\/platnena-torba-sokotra\/\" \/>\n<meta property=\"og:locale\" content=\"en_US\" \/>\n<meta property=\"og:type\" content=\"article\" \/>\n<meta property=\"og:title\" content=\"Tote bag Socotra adventure &#8226; Zoki.art \u2013 navihane \u010di\u010dke in \u010da\u010dke in ra\u010dke za najne\u017enej\u0161e du\u0161e\" \/>\n<meta property=\"og:description\" content=\"The exotic \u201cSocotra\u201d illustration now on a Zoki.art tote bag. This durable cotton tote is strong enough to carry heavy groceries or books.\" \/>\n<meta property=\"og:url\" content=\"https:\/\/zoki.art\/en\/product\/platnena-torba-sokotra\/\" \/>\n<meta property=\"og:site_name\" content=\"Zoki.art \u2013 navihane \u010di\u010dke in \u010da\u010dke in ra\u010dke za najne\u017enej\u0161e du\u0161e\" \/>\n<meta property=\"article:publisher\" content=\"https:\/\/www.facebook.com\/Zoki.arts\/\" \/>\n<meta property=\"article:modified_time\" content=\"2025-09-23T14:30:31+00:00\" \/>\n<meta property=\"og:image\" content=\"https:\/\/zoki.art\/wp-content\/uploads\/2025\/09\/20250918_084555-scaled-e1758202444500.jpg\" \/>\n\t<meta property=\"og:image:width\" content=\"1737\" \/>\n\t<meta property=\"og:image:height\" content=\"1822\" \/>\n\t<meta property=\"og:image:type\" content=\"image\/jpeg\" \/>\n<meta name=\"twitter:card\" content=\"summary_large_image\" \/>\n<script type=\"application\/ld+json\" class=\"yoast-schema-graph\">{\"@context\":\"https:\/\/schema.org\",\"@graph\":[{\"@type\":\"WebPage\",\"@id\":\"https:\/\/zoki.art\/en\/product\/platnena-torba-sokotra\/\",\"url\":\"https:\/\/zoki.art\/en\/product\/platnena-torba-sokotra\/\",\"name\":\"Tote bag Socotra adventure &#8226; Zoki.art \u2013 navihane \u010di\u010dke in \u010da\u010dke in ra\u010dke za najne\u017enej\u0161e du\u0161e\",\"isPartOf\":{\"@id\":\"https:\/\/zoki.art\/en\/#website\"},\"primaryImageOfPage\":{\"@id\":\"https:\/\/zoki.art\/en\/product\/platnena-torba-sokotra\/#primaryimage\"},\"image\":{\"@id\":\"https:\/\/zoki.art\/en\/product\/platnena-torba-sokotra\/#primaryimage\"},\"thumbnailUrl\":\"https:\/\/zoki.art\/wp-content\/uploads\/2025\/09\/20250918_084555-scaled-e1758202444500.jpg\",\"datePublished\":\"2025-09-18T13:25:23+00:00\",\"dateModified\":\"2025-09-23T14:30:31+00:00\",\"description\":\"The exotic \u201cSocotra\u201d illustration now on a Zoki.art tote bag. This durable cotton tote is strong enough to carry heavy groceries or books.\",\"breadcrumb\":{\"@id\":\"https:\/\/zoki.art\/en\/product\/platnena-torba-sokotra\/#breadcrumb\"},\"inLanguage\":\"en-US\",\"potentialAction\":[{\"@type\":\"ReadAction\",\"target\":[\"https:\/\/zoki.art\/en\/product\/platnena-torba-sokotra\/\"]}]},{\"@type\":\"ImageObject\",\"inLanguage\":\"en-US\",\"@id\":\"https:\/\/zoki.art\/en\/product\/platnena-torba-sokotra\/#primaryimage\",\"url\":\"https:\/\/zoki.art\/wp-content\/uploads\/2025\/09\/20250918_084555-scaled-e1758202444500.jpg\",\"contentUrl\":\"https:\/\/zoki.art\/wp-content\/uploads\/2025\/09\/20250918_084555-scaled-e1758202444500.jpg\",\"width\":1737,\"height\":1822},{\"@type\":\"BreadcrumbList\",\"@id\":\"https:\/\/zoki.art\/en\/product\/platnena-torba-sokotra\/#breadcrumb\",\"itemListElement\":[{\"@type\":\"ListItem\",\"position\":1,\"name\":\"Domov\",\"item\":\"https:\/\/zoki.art\/en\/\"},{\"@type\":\"ListItem\",\"position\":2,\"name\":\"Shop\",\"item\":\"https:\/\/zoki.art\/en\/shop\/\"},{\"@type\":\"ListItem\",\"position\":3,\"name\":\"Tote bag Socotra adventure\"}]},{\"@type\":\"WebSite\",\"@id\":\"https:\/\/zoki.art\/en\/#website\",\"url\":\"https:\/\/zoki.art\/en\/\",\"name\":\"Zoki.art \u2013 navihane \u010di\u010dke in \u010da\u010dke in ra\u010dke za najne\u017enej\u0161e du\u0161e\",\"description\":\"\u017deli\u0161 stran od teh te\u010dnih, nejevoljnih in utrujenih misli. Greva! Te peljem na oblaku v svet domi\u0161ljije. Med stolpnice, ki niso sive in kovinaste, kot plo\u0161\u010dica v kolenu sosedove Minke. Moje so pisane in razigrane in znajo \u017evrgoleti. V njih raste velikansko cvetje in vedno lepo di\u0161i. Vsaj za trenutek, zbe\u017eiva v pravljco.\",\"publisher\":{\"@id\":\"https:\/\/zoki.art\/en\/#organization\"},\"alternateName\":\"Zoki.art \u2013 navihane \u010di\u010dke in \u010da\u010dke in ra\u010dke za najne\u017enej\u0161e du\u0161e\",\"potentialAction\":[{\"@type\":\"SearchAction\",\"target\":{\"@type\":\"EntryPoint\",\"urlTemplate\":\"https:\/\/zoki.art\/en\/?s={search_term_string}\"},\"query-input\":{\"@type\":\"PropertyValueSpecification\",\"valueRequired\":true,\"valueName\":\"search_term_string\"}}],\"inLanguage\":\"en-US\"},{\"@type\":\"Organization\",\"@id\":\"https:\/\/zoki.art\/en\/#organization\",\"name\":\"Zoki.art \u2013 navihane \u010di\u010dke in \u010da\u010dke in ra\u010dke za najne\u017enej\u0161e du\u0161e\",\"alternateName\":\"Zoki.art \u2013 navihane \u010di\u010dke in \u010da\u010dke in ra\u010dke za najne\u017enej\u0161e du\u0161e\",\"url\":\"https:\/\/zoki.art\/en\/\",\"logo\":{\"@type\":\"ImageObject\",\"inLanguage\":\"en-US\",\"@id\":\"https:\/\/zoki.art\/en\/#\/schema\/logo\/image\/\",\"url\":\"https:\/\/zoki.art\/wp-content\/uploads\/2023\/04\/zoki-art-brezslogan-mavricni.svg\",\"contentUrl\":\"https:\/\/zoki.art\/wp-content\/uploads\/2023\/04\/zoki-art-brezslogan-mavricni.svg\",\"caption\":\"Zoki.art \u2013 navihane \u010di\u010dke in \u010da\u010dke in ra\u010dke za najne\u017enej\u0161e du\u0161e\"},\"image\":{\"@id\":\"https:\/\/zoki.art\/en\/#\/schema\/logo\/image\/\"},\"sameAs\":[\"https:\/\/www.facebook.com\/Zoki.arts\/\",\"https:\/\/www.instagram.com\/zoki.art\"]}]}<\/script>\n<!-- \/ Yoast SEO plugin. -->","yoast_head_json":{"title":"Tote bag Socotra adventure &#8226; Zoki.art \u2013 navihane \u010di\u010dke in \u010da\u010dke in ra\u010dke za najne\u017enej\u0161e du\u0161e","description":"The exotic \u201cSocotra\u201d illustration now on a Zoki.art tote bag. This durable cotton tote is strong enough to carry heavy groceries or books.","robots":{"index":"index","follow":"follow","max-snippet":"max-snippet:-1","max-image-preview":"max-image-preview:large","max-video-preview":"max-video-preview:-1"},"canonical":"https:\/\/zoki.art\/en\/product\/platnena-torba-sokotra\/","og_locale":"en_US","og_type":"article","og_title":"Tote bag Socotra adventure &#8226; Zoki.art \u2013 navihane \u010di\u010dke in \u010da\u010dke in ra\u010dke za najne\u017enej\u0161e du\u0161e","og_description":"The exotic \u201cSocotra\u201d illustration now on a Zoki.art tote bag. This durable cotton tote is strong enough to carry heavy groceries or books.","og_url":"https:\/\/zoki.art\/en\/product\/platnena-torba-sokotra\/","og_site_name":"Zoki.art \u2013 navihane \u010di\u010dke in \u010da\u010dke in ra\u010dke za najne\u017enej\u0161e du\u0161e","article_publisher":"https:\/\/www.facebook.com\/Zoki.arts\/","article_modified_time":"2025-09-23T14:30:31+00:00","og_image":[{"width":1737,"height":1822,"url":"https:\/\/zoki.art\/wp-content\/uploads\/2025\/09\/20250918_084555-scaled-e1758202444500.jpg","type":"image\/jpeg"}],"twitter_card":"summary_large_image","schema":{"@context":"https:\/\/schema.org","@graph":[{"@type":"WebPage","@id":"https:\/\/zoki.art\/en\/product\/platnena-torba-sokotra\/","url":"https:\/\/zoki.art\/en\/product\/platnena-torba-sokotra\/","name":"Tote bag Socotra adventure &#8226; Zoki.art \u2013 navihane \u010di\u010dke in \u010da\u010dke in ra\u010dke za najne\u017enej\u0161e du\u0161e","isPartOf":{"@id":"https:\/\/zoki.art\/en\/#website"},"primaryImageOfPage":{"@id":"https:\/\/zoki.art\/en\/product\/platnena-torba-sokotra\/#primaryimage"},"image":{"@id":"https:\/\/zoki.art\/en\/product\/platnena-torba-sokotra\/#primaryimage"},"thumbnailUrl":"https:\/\/zoki.art\/wp-content\/uploads\/2025\/09\/20250918_084555-scaled-e1758202444500.jpg","datePublished":"2025-09-18T13:25:23+00:00","dateModified":"2025-09-23T14:30:31+00:00","description":"The exotic \u201cSocotra\u201d illustration now on a Zoki.art tote bag. This durable cotton tote is strong enough to carry heavy groceries or books.","breadcrumb":{"@id":"https:\/\/zoki.art\/en\/product\/platnena-torba-sokotra\/#breadcrumb"},"inLanguage":"en-US","potentialAction":[{"@type":"ReadAction","target":["https:\/\/zoki.art\/en\/product\/platnena-torba-sokotra\/"]}]},{"@type":"ImageObject","inLanguage":"en-US","@id":"https:\/\/zoki.art\/en\/product\/platnena-torba-sokotra\/#primaryimage","url":"https:\/\/zoki.art\/wp-content\/uploads\/2025\/09\/20250918_084555-scaled-e1758202444500.jpg","contentUrl":"https:\/\/zoki.art\/wp-content\/uploads\/2025\/09\/20250918_084555-scaled-e1758202444500.jpg","width":1737,"height":1822},{"@type":"BreadcrumbList","@id":"https:\/\/zoki.art\/en\/product\/platnena-torba-sokotra\/#breadcrumb","itemListElement":[{"@type":"ListItem","position":1,"name":"Domov","item":"https:\/\/zoki.art\/en\/"},{"@type":"ListItem","position":2,"name":"Shop","item":"https:\/\/zoki.art\/en\/shop\/"},{"@type":"ListItem","position":3,"name":"Tote bag Socotra adventure"}]},{"@type":"WebSite","@id":"https:\/\/zoki.art\/en\/#website","url":"https:\/\/zoki.art\/en\/","name":"Zoki.art \u2013 navihane \u010di\u010dke in \u010da\u010dke in ra\u010dke za najne\u017enej\u0161e du\u0161e","description":"\u017deli\u0161 stran od teh te\u010dnih, nejevoljnih in utrujenih misli. Greva! Te peljem na oblaku v svet domi\u0161ljije. Med stolpnice, ki niso sive in kovinaste, kot plo\u0161\u010dica v kolenu sosedove Minke. Moje so pisane in razigrane in znajo \u017evrgoleti. V njih raste velikansko cvetje in vedno lepo di\u0161i. Vsaj za trenutek, zbe\u017eiva v pravljco.","publisher":{"@id":"https:\/\/zoki.art\/en\/#organization"},"alternateName":"Zoki.art \u2013 navihane \u010di\u010dke in \u010da\u010dke in ra\u010dke za najne\u017enej\u0161e du\u0161e","potentialAction":[{"@type":"SearchAction","target":{"@type":"EntryPoint","urlTemplate":"https:\/\/zoki.art\/en\/?s={search_term_string}"},"query-input":{"@type":"PropertyValueSpecification","valueRequired":true,"valueName":"search_term_string"}}],"inLanguage":"en-US"},{"@type":"Organization","@id":"https:\/\/zoki.art\/en\/#organization","name":"Zoki.art \u2013 navihane \u010di\u010dke in \u010da\u010dke in ra\u010dke za najne\u017enej\u0161e du\u0161e","alternateName":"Zoki.art \u2013 navihane \u010di\u010dke in \u010da\u010dke in ra\u010dke za najne\u017enej\u0161e du\u0161e","url":"https:\/\/zoki.art\/en\/","logo":{"@type":"ImageObject","inLanguage":"en-US","@id":"https:\/\/zoki.art\/en\/#\/schema\/logo\/image\/","url":"https:\/\/zoki.art\/wp-content\/uploads\/2023\/04\/zoki-art-brezslogan-mavricni.svg","contentUrl":"https:\/\/zoki.art\/wp-content\/uploads\/2023\/04\/zoki-art-brezslogan-mavricni.svg","caption":"Zoki.art \u2013 navihane \u010di\u010dke in \u010da\u010dke in ra\u010dke za najne\u017enej\u0161e du\u0161e"},"image":{"@id":"https:\/\/zoki.art\/en\/#\/schema\/logo\/image\/"},"sameAs":["https:\/\/www.facebook.com\/Zoki.arts\/","https:\/\/www.instagram.com\/zoki.art"]}]}},"_links":{"self":[{"href":"https:\/\/zoki.art\/en\/wp-json\/wp\/v2\/product\/7527","targetHints":{"allow":["GET"]}}],"collection":[{"href":"https:\/\/zoki.art\/en\/wp-json\/wp\/v2\/product"}],"about":[{"href":"https:\/\/zoki.art\/en\/wp-json\/wp\/v2\/types\/product"}],"replies":[{"embeddable":true,"href":"https:\/\/zoki.art\/en\/wp-json\/wp\/v2\/comments?post=7527"}],"wp:featuredmedia":[{"embeddable":true,"href":"https:\/\/zoki.art\/en\/wp-json\/wp\/v2\/media\/7520"}],"wp:attachment":[{"href":"https:\/\/zoki.art\/en\/wp-json\/wp\/v2\/media?parent=7527"}],"wp:term":[{"taxonomy":"product_brand","embeddable":true,"href":"https:\/\/zoki.art\/en\/wp-json\/wp\/v2\/product_brand?post=7527"},{"taxonomy":"product_cat","embeddable":true,"href":"https:\/\/zoki.art\/en\/wp-json\/wp\/v2\/product_cat?post=7527"},{"taxonomy":"product_tag","embeddable":true,"href":"https:\/\/zoki.art\/en\/wp-json\/wp\/v2\/product_tag?post=7527"}],"curies":[{"name":"wp","href":"https:\/\/api.w.org\/{rel}","templated":true}]}}