{"id":7623,"date":"2024-11-21T20:04:05","date_gmt":"2024-11-21T19:04:05","guid":{"rendered":"https:\/\/zoki.art\/izdelek\/little-ballerinas-and-their-blossoms\/"},"modified":"2024-11-21T20:04:05","modified_gmt":"2024-11-21T19:04:05","slug":"little-ballerinas-and-their-blossoms","status":"publish","type":"product","link":"https:\/\/zoki.art\/en\/product\/little-ballerinas-and-their-blossoms\/","title":{"rendered":"Little Ballerinas and Their Blossoms"},"content":{"rendered":"<p><em>Little Ballerinas and Their Blossoms<\/em> is an ideal gift for those who delight in sparkling children\u2019s thoughts, and love dance, music and finding beauty in everyday moments. \ud83e\ude70\u2728<\/p>\n<p>Brought to life by ballet teacher and versatile artist <a href=\"https:\/\/www.tanjapecenko.si\/\">Tanja Pe\u010denko<\/a>.<\/p>\n<p>Let these bright fragments of childlike wisdom embrace you\u2014add this book to your shelf and let it bring a smile with every turn of the page. \ud83c\udf38<\/p>\n","protected":false},"excerpt":{"rendered":"<p><strong><em>Little Ballerinas and Their Blossoms<\/em><\/strong> \u2013 Tanja Pe\u010denko \ud83c\udf38\ud83e\ude70<\/p>\n<p>Playful, heart\u2011warming and full of childlike insight, this book gathers the most charming remarks and lively thoughts from little ballet pupils\u2014dissolving clich\u00e9s about perfect, serious ballerinas and revealing their honest, magical world.<\/p>\n<p>Illustrated with gentle colour harmonies that echo the spontaneity of the quotes, it\u2019s more than a book\u2014it\u2019s a daily lift of joy. Open it sequentially or at random whenever you need a smile, inspiration or a spark of imaginative kindness. A tribute to curiosity, wonder and the delight children bring into our lives.<\/p>\n","protected":false},"featured_media":6499,"comment_status":"open","ping_status":"closed","template":"","meta":{"inline_featured_image":false,"_genesis_hide_title":false,"_genesis_hide_breadcrumbs":false,"_genesis_hide_singular_image":false,"_genesis_hide_footer_widgets":false,"_genesis_custom_body_class":"","_genesis_custom_post_class":"","_genesis_layout":""},"product_brand":[],"product_cat":[178],"product_tag":[],"class_list":{"0":"post-7623","1":"product","2":"type-product","3":"status-publish","4":"has-post-thumbnail","6":"product_cat-books","7":"entry","9":"first","10":"instock","11":"shipping-taxable","12":"purchasable","13":"product-type-simple"},"yoast_head":"<!-- This site is optimized with the Yoast SEO plugin v27.1.1 - https:\/\/yoast.com\/product\/yoast-seo-wordpress\/ -->\n<title>Little Ballerinas and Their Blossoms &#8226; Zoki.art \u2013 navihane \u010di\u010dke in \u010da\u010dke in ra\u010dke za najne\u017enej\u0161e du\u0161e<\/title>\n<meta name=\"description\" content=\"Little Ballerinas and Their Blossoms \u2013 a playful, wise collection of sparkling ballet classroom quotes and tender thoughts; uplifting, charming and smile\u2011brightening.\" \/>\n<meta name=\"robots\" content=\"index, follow, max-snippet:-1, max-image-preview:large, max-video-preview:-1\" \/>\n<link rel=\"canonical\" href=\"https:\/\/zoki.art\/en\/product\/little-ballerinas-and-their-blossoms\/\" \/>\n<meta property=\"og:locale\" content=\"en_US\" \/>\n<meta property=\"og:type\" content=\"article\" \/>\n<meta property=\"og:title\" content=\"Little Ballerinas and Their Blossoms &#8226; Zoki.art \u2013 navihane \u010di\u010dke in \u010da\u010dke in ra\u010dke za najne\u017enej\u0161e du\u0161e\" \/>\n<meta property=\"og:description\" content=\"Little Ballerinas and Their Blossoms \u2013 a playful, wise collection of sparkling ballet classroom quotes and tender thoughts; uplifting, charming and smile\u2011brightening.\" \/>\n<meta property=\"og:url\" content=\"https:\/\/zoki.art\/en\/product\/little-ballerinas-and-their-blossoms\/\" \/>\n<meta property=\"og:site_name\" content=\"Zoki.art \u2013 navihane \u010di\u010dke in \u010da\u010dke in ra\u010dke za najne\u017enej\u0161e du\u0161e\" \/>\n<meta property=\"article:publisher\" content=\"https:\/\/www.facebook.com\/Zoki.arts\/\" \/>\n<meta property=\"og:image\" content=\"https:\/\/zoki.art\/wp-content\/uploads\/2024\/11\/20190328_143445.jpg\" \/>\n\t<meta property=\"og:image:width\" content=\"1920\" \/>\n\t<meta property=\"og:image:height\" content=\"1920\" \/>\n\t<meta property=\"og:image:type\" content=\"image\/jpeg\" \/>\n<meta name=\"twitter:card\" content=\"summary_large_image\" \/>\n<script type=\"application\/ld+json\" class=\"yoast-schema-graph\">{\"@context\":\"https:\/\/schema.org\",\"@graph\":[{\"@type\":\"WebPage\",\"@id\":\"https:\/\/zoki.art\/en\/product\/little-ballerinas-and-their-blossoms\/\",\"url\":\"https:\/\/zoki.art\/en\/product\/little-ballerinas-and-their-blossoms\/\",\"name\":\"Little Ballerinas and Their Blossoms &#8226; Zoki.art \u2013 navihane \u010di\u010dke in \u010da\u010dke in ra\u010dke za najne\u017enej\u0161e du\u0161e\",\"isPartOf\":{\"@id\":\"https:\/\/zoki.art\/en\/#website\"},\"primaryImageOfPage\":{\"@id\":\"https:\/\/zoki.art\/en\/product\/little-ballerinas-and-their-blossoms\/#primaryimage\"},\"image\":{\"@id\":\"https:\/\/zoki.art\/en\/product\/little-ballerinas-and-their-blossoms\/#primaryimage\"},\"thumbnailUrl\":\"https:\/\/zoki.art\/wp-content\/uploads\/2024\/11\/20190328_143445.jpg\",\"datePublished\":\"2024-11-21T19:04:05+00:00\",\"description\":\"Little Ballerinas and Their Blossoms \u2013 a playful, wise collection of sparkling ballet classroom quotes and tender thoughts; uplifting, charming and smile\u2011brightening.\",\"breadcrumb\":{\"@id\":\"https:\/\/zoki.art\/en\/product\/little-ballerinas-and-their-blossoms\/#breadcrumb\"},\"inLanguage\":\"en-US\",\"potentialAction\":[{\"@type\":\"ReadAction\",\"target\":[\"https:\/\/zoki.art\/en\/product\/little-ballerinas-and-their-blossoms\/\"]}]},{\"@type\":\"ImageObject\",\"inLanguage\":\"en-US\",\"@id\":\"https:\/\/zoki.art\/en\/product\/little-ballerinas-and-their-blossoms\/#primaryimage\",\"url\":\"https:\/\/zoki.art\/wp-content\/uploads\/2024\/11\/20190328_143445.jpg\",\"contentUrl\":\"https:\/\/zoki.art\/wp-content\/uploads\/2024\/11\/20190328_143445.jpg\",\"width\":1920,\"height\":1920},{\"@type\":\"BreadcrumbList\",\"@id\":\"https:\/\/zoki.art\/en\/product\/little-ballerinas-and-their-blossoms\/#breadcrumb\",\"itemListElement\":[{\"@type\":\"ListItem\",\"position\":1,\"name\":\"Domov\",\"item\":\"https:\/\/zoki.art\/en\/\"},{\"@type\":\"ListItem\",\"position\":2,\"name\":\"Shop\",\"item\":\"https:\/\/zoki.art\/en\/shop\/\"},{\"@type\":\"ListItem\",\"position\":3,\"name\":\"Little Ballerinas and Their Blossoms\"}]},{\"@type\":\"WebSite\",\"@id\":\"https:\/\/zoki.art\/en\/#website\",\"url\":\"https:\/\/zoki.art\/en\/\",\"name\":\"Zoki.art \u2013 navihane \u010di\u010dke in \u010da\u010dke in ra\u010dke za najne\u017enej\u0161e du\u0161e\",\"description\":\"\u017deli\u0161 stran od teh te\u010dnih, nejevoljnih in utrujenih misli. Greva! Te peljem na oblaku v svet domi\u0161ljije. Med stolpnice, ki niso sive in kovinaste, kot plo\u0161\u010dica v kolenu sosedove Minke. Moje so pisane in razigrane in znajo \u017evrgoleti. V njih raste velikansko cvetje in vedno lepo di\u0161i. Vsaj za trenutek, zbe\u017eiva v pravljco.\",\"publisher\":{\"@id\":\"https:\/\/zoki.art\/en\/#organization\"},\"alternateName\":\"Zoki.art \u2013 navihane \u010di\u010dke in \u010da\u010dke in ra\u010dke za najne\u017enej\u0161e du\u0161e\",\"potentialAction\":[{\"@type\":\"SearchAction\",\"target\":{\"@type\":\"EntryPoint\",\"urlTemplate\":\"https:\/\/zoki.art\/en\/?s={search_term_string}\"},\"query-input\":{\"@type\":\"PropertyValueSpecification\",\"valueRequired\":true,\"valueName\":\"search_term_string\"}}],\"inLanguage\":\"en-US\"},{\"@type\":\"Organization\",\"@id\":\"https:\/\/zoki.art\/en\/#organization\",\"name\":\"Zoki.art \u2013 navihane \u010di\u010dke in \u010da\u010dke in ra\u010dke za najne\u017enej\u0161e du\u0161e\",\"alternateName\":\"Zoki.art \u2013 navihane \u010di\u010dke in \u010da\u010dke in ra\u010dke za najne\u017enej\u0161e du\u0161e\",\"url\":\"https:\/\/zoki.art\/en\/\",\"logo\":{\"@type\":\"ImageObject\",\"inLanguage\":\"en-US\",\"@id\":\"https:\/\/zoki.art\/en\/#\/schema\/logo\/image\/\",\"url\":\"https:\/\/zoki.art\/wp-content\/uploads\/2023\/04\/zoki-art-brezslogan-mavricni.svg\",\"contentUrl\":\"https:\/\/zoki.art\/wp-content\/uploads\/2023\/04\/zoki-art-brezslogan-mavricni.svg\",\"caption\":\"Zoki.art \u2013 navihane \u010di\u010dke in \u010da\u010dke in ra\u010dke za najne\u017enej\u0161e du\u0161e\"},\"image\":{\"@id\":\"https:\/\/zoki.art\/en\/#\/schema\/logo\/image\/\"},\"sameAs\":[\"https:\/\/www.facebook.com\/Zoki.arts\/\",\"https:\/\/www.instagram.com\/zoki.art\"]}]}<\/script>\n<!-- \/ Yoast SEO plugin. -->","yoast_head_json":{"title":"Little Ballerinas and Their Blossoms &#8226; Zoki.art \u2013 navihane \u010di\u010dke in \u010da\u010dke in ra\u010dke za najne\u017enej\u0161e du\u0161e","description":"Little Ballerinas and Their Blossoms \u2013 a playful, wise collection of sparkling ballet classroom quotes and tender thoughts; uplifting, charming and smile\u2011brightening.","robots":{"index":"index","follow":"follow","max-snippet":"max-snippet:-1","max-image-preview":"max-image-preview:large","max-video-preview":"max-video-preview:-1"},"canonical":"https:\/\/zoki.art\/en\/product\/little-ballerinas-and-their-blossoms\/","og_locale":"en_US","og_type":"article","og_title":"Little Ballerinas and Their Blossoms &#8226; Zoki.art \u2013 navihane \u010di\u010dke in \u010da\u010dke in ra\u010dke za najne\u017enej\u0161e du\u0161e","og_description":"Little Ballerinas and Their Blossoms \u2013 a playful, wise collection of sparkling ballet classroom quotes and tender thoughts; uplifting, charming and smile\u2011brightening.","og_url":"https:\/\/zoki.art\/en\/product\/little-ballerinas-and-their-blossoms\/","og_site_name":"Zoki.art \u2013 navihane \u010di\u010dke in \u010da\u010dke in ra\u010dke za najne\u017enej\u0161e du\u0161e","article_publisher":"https:\/\/www.facebook.com\/Zoki.arts\/","og_image":[{"width":1920,"height":1920,"url":"https:\/\/zoki.art\/wp-content\/uploads\/2024\/11\/20190328_143445.jpg","type":"image\/jpeg"}],"twitter_card":"summary_large_image","schema":{"@context":"https:\/\/schema.org","@graph":[{"@type":"WebPage","@id":"https:\/\/zoki.art\/en\/product\/little-ballerinas-and-their-blossoms\/","url":"https:\/\/zoki.art\/en\/product\/little-ballerinas-and-their-blossoms\/","name":"Little Ballerinas and Their Blossoms &#8226; Zoki.art \u2013 navihane \u010di\u010dke in \u010da\u010dke in ra\u010dke za najne\u017enej\u0161e du\u0161e","isPartOf":{"@id":"https:\/\/zoki.art\/en\/#website"},"primaryImageOfPage":{"@id":"https:\/\/zoki.art\/en\/product\/little-ballerinas-and-their-blossoms\/#primaryimage"},"image":{"@id":"https:\/\/zoki.art\/en\/product\/little-ballerinas-and-their-blossoms\/#primaryimage"},"thumbnailUrl":"https:\/\/zoki.art\/wp-content\/uploads\/2024\/11\/20190328_143445.jpg","datePublished":"2024-11-21T19:04:05+00:00","description":"Little Ballerinas and Their Blossoms \u2013 a playful, wise collection of sparkling ballet classroom quotes and tender thoughts; uplifting, charming and smile\u2011brightening.","breadcrumb":{"@id":"https:\/\/zoki.art\/en\/product\/little-ballerinas-and-their-blossoms\/#breadcrumb"},"inLanguage":"en-US","potentialAction":[{"@type":"ReadAction","target":["https:\/\/zoki.art\/en\/product\/little-ballerinas-and-their-blossoms\/"]}]},{"@type":"ImageObject","inLanguage":"en-US","@id":"https:\/\/zoki.art\/en\/product\/little-ballerinas-and-their-blossoms\/#primaryimage","url":"https:\/\/zoki.art\/wp-content\/uploads\/2024\/11\/20190328_143445.jpg","contentUrl":"https:\/\/zoki.art\/wp-content\/uploads\/2024\/11\/20190328_143445.jpg","width":1920,"height":1920},{"@type":"BreadcrumbList","@id":"https:\/\/zoki.art\/en\/product\/little-ballerinas-and-their-blossoms\/#breadcrumb","itemListElement":[{"@type":"ListItem","position":1,"name":"Domov","item":"https:\/\/zoki.art\/en\/"},{"@type":"ListItem","position":2,"name":"Shop","item":"https:\/\/zoki.art\/en\/shop\/"},{"@type":"ListItem","position":3,"name":"Little Ballerinas and Their Blossoms"}]},{"@type":"WebSite","@id":"https:\/\/zoki.art\/en\/#website","url":"https:\/\/zoki.art\/en\/","name":"Zoki.art \u2013 navihane \u010di\u010dke in \u010da\u010dke in ra\u010dke za najne\u017enej\u0161e du\u0161e","description":"\u017deli\u0161 stran od teh te\u010dnih, nejevoljnih in utrujenih misli. Greva! Te peljem na oblaku v svet domi\u0161ljije. Med stolpnice, ki niso sive in kovinaste, kot plo\u0161\u010dica v kolenu sosedove Minke. Moje so pisane in razigrane in znajo \u017evrgoleti. V njih raste velikansko cvetje in vedno lepo di\u0161i. Vsaj za trenutek, zbe\u017eiva v pravljco.","publisher":{"@id":"https:\/\/zoki.art\/en\/#organization"},"alternateName":"Zoki.art \u2013 navihane \u010di\u010dke in \u010da\u010dke in ra\u010dke za najne\u017enej\u0161e du\u0161e","potentialAction":[{"@type":"SearchAction","target":{"@type":"EntryPoint","urlTemplate":"https:\/\/zoki.art\/en\/?s={search_term_string}"},"query-input":{"@type":"PropertyValueSpecification","valueRequired":true,"valueName":"search_term_string"}}],"inLanguage":"en-US"},{"@type":"Organization","@id":"https:\/\/zoki.art\/en\/#organization","name":"Zoki.art \u2013 navihane \u010di\u010dke in \u010da\u010dke in ra\u010dke za najne\u017enej\u0161e du\u0161e","alternateName":"Zoki.art \u2013 navihane \u010di\u010dke in \u010da\u010dke in ra\u010dke za najne\u017enej\u0161e du\u0161e","url":"https:\/\/zoki.art\/en\/","logo":{"@type":"ImageObject","inLanguage":"en-US","@id":"https:\/\/zoki.art\/en\/#\/schema\/logo\/image\/","url":"https:\/\/zoki.art\/wp-content\/uploads\/2023\/04\/zoki-art-brezslogan-mavricni.svg","contentUrl":"https:\/\/zoki.art\/wp-content\/uploads\/2023\/04\/zoki-art-brezslogan-mavricni.svg","caption":"Zoki.art \u2013 navihane \u010di\u010dke in \u010da\u010dke in ra\u010dke za najne\u017enej\u0161e du\u0161e"},"image":{"@id":"https:\/\/zoki.art\/en\/#\/schema\/logo\/image\/"},"sameAs":["https:\/\/www.facebook.com\/Zoki.arts\/","https:\/\/www.instagram.com\/zoki.art"]}]}},"_links":{"self":[{"href":"https:\/\/zoki.art\/en\/wp-json\/wp\/v2\/product\/7623","targetHints":{"allow":["GET"]}}],"collection":[{"href":"https:\/\/zoki.art\/en\/wp-json\/wp\/v2\/product"}],"about":[{"href":"https:\/\/zoki.art\/en\/wp-json\/wp\/v2\/types\/product"}],"replies":[{"embeddable":true,"href":"https:\/\/zoki.art\/en\/wp-json\/wp\/v2\/comments?post=7623"}],"wp:featuredmedia":[{"embeddable":true,"href":"https:\/\/zoki.art\/en\/wp-json\/wp\/v2\/media\/6499"}],"wp:attachment":[{"href":"https:\/\/zoki.art\/en\/wp-json\/wp\/v2\/media?parent=7623"}],"wp:term":[{"taxonomy":"product_brand","embeddable":true,"href":"https:\/\/zoki.art\/en\/wp-json\/wp\/v2\/product_brand?post=7623"},{"taxonomy":"product_cat","embeddable":true,"href":"https:\/\/zoki.art\/en\/wp-json\/wp\/v2\/product_cat?post=7623"},{"taxonomy":"product_tag","embeddable":true,"href":"https:\/\/zoki.art\/en\/wp-json\/wp\/v2\/product_tag?post=7623"}],"curies":[{"name":"wp","href":"https:\/\/api.w.org\/{rel}","templated":true}]}}