{"id":7626,"date":"2024-09-12T12:09:12","date_gmt":"2024-09-12T10:09:12","guid":{"rendered":"https:\/\/zoki.art\/izdelek\/emerald-forest-of-wishes\/"},"modified":"2024-09-12T12:09:12","modified_gmt":"2024-09-12T10:09:12","slug":"emerald-forest-of-wishes","status":"publish","type":"product","link":"https:\/\/zoki.art\/en\/product\/emerald-forest-of-wishes\/","title":{"rendered":"Emerald Forest of Wishes"},"content":{"rendered":"<p><a href=\"https:\/\/zoki.art\/wp-content\/uploads\/2024\/09\/SG3-300x214.jpg\"><img decoding=\"async\" class=\"alignnone size-medium wp-image-6010\" src=\"https:\/\/zoki.art\/wp-content\/uploads\/2024\/09\/SG3-300x214.jpg\" alt=\"Emerald Forest of Wishes cover\" width=\"300\" height=\"214\" srcset=\"https:\/\/zoki.art\/wp-content\/uploads\/2024\/09\/SG3-300x214.jpg 300w, https:\/\/zoki.art\/wp-content\/uploads\/2024\/09\/SG3-1024x731.jpg 1024w, https:\/\/zoki.art\/wp-content\/uploads\/2024\/09\/SG3-768x548.jpg 768w, https:\/\/zoki.art\/wp-content\/uploads\/2024\/09\/SG3-1536x1097.jpg 1536w, https:\/\/zoki.art\/wp-content\/uploads\/2024\/09\/SG3-600x428.jpg 600w, https:\/\/zoki.art\/wp-content\/uploads\/2024\/09\/SG3-655x468.jpg 655w, https:\/\/zoki.art\/wp-content\/uploads\/2024\/09\/SG3.jpg 1920w\" sizes=\"(max-width: 300px) 100vw, 300px\" \/><\/a><\/p>\n<p>\u201cEmerald Forest of Wishes\u201d is a fairy\u2011tale meditation picture book by <a href=\"https:\/\/www.pri5ri.si\/\">Petra \u0160u\u0161tar<\/a> \u2013 the first in a trilogy (<a href=\"https:\/\/zoki.art\/en\/portfolio\/emerald-forest\/\">Emerald Forest of Wishes<\/a>, <a href=\"https:\/\/zoki.art\/en\/portfolio\/magic-tree-picture-book\/\">Magic Tree<\/a>, <a href=\"https:\/\/zoki.art\/en\/portfolio\/stellar-dreams\/\">Starlit Dreams<\/a>). For the richest experience, it\u2019s best read aloud while the child simply listens, feels and imagines. Designed to be revisited, it gently encourages emotional awareness and mindful calm.<\/p>\n<p><a href=\"https:\/\/zoki.art\/wp-content\/uploads\/2024\/09\/IMG-2502-300x300.jpg\"><img decoding=\"async\" class=\"alignnone size-medium wp-image-5998\" src=\"https:\/\/zoki.art\/wp-content\/uploads\/2024\/09\/IMG-2502-300x300.jpg\" alt=\"Emerald Forest interior spread 1\" width=\"300\" height=\"300\" srcset=\"https:\/\/zoki.art\/wp-content\/uploads\/2024\/09\/IMG-2502-300x300.jpg 300w, https:\/\/zoki.art\/wp-content\/uploads\/2024\/09\/IMG-2502-1024x1024.jpg 1024w, https:\/\/zoki.art\/wp-content\/uploads\/2024\/09\/IMG-2502-150x150.jpg 150w, https:\/\/zoki.art\/wp-content\/uploads\/2024\/09\/IMG-2502-768x768.jpg 768w, https:\/\/zoki.art\/wp-content\/uploads\/2024\/09\/IMG-2502-1536x1536.jpg 1536w, https:\/\/zoki.art\/wp-content\/uploads\/2024\/09\/IMG-2502-75x75.jpg 75w, https:\/\/zoki.art\/wp-content\/uploads\/2024\/09\/IMG-2502-600x600.jpg 600w, https:\/\/zoki.art\/wp-content\/uploads\/2024\/09\/IMG-2502-500x500.jpg 500w, https:\/\/zoki.art\/wp-content\/uploads\/2024\/09\/IMG-2502-655x655.jpg 655w, https:\/\/zoki.art\/wp-content\/uploads\/2024\/09\/IMG-2502-180x180.jpg 180w, https:\/\/zoki.art\/wp-content\/uploads\/2024\/09\/IMG-2502.jpg 1920w\" sizes=\"(max-width: 300px) 100vw, 300px\" \/><\/a> <a href=\"https:\/\/zoki.art\/wp-content\/uploads\/2024\/09\/IMG-2506-300x300.jpg\"><img decoding=\"async\" class=\"alignnone size-medium wp-image-6002\" src=\"https:\/\/zoki.art\/wp-content\/uploads\/2024\/09\/IMG-2506-300x300.jpg\" alt=\"Emerald Forest interior spread 2\" width=\"300\" height=\"300\" srcset=\"https:\/\/zoki.art\/wp-content\/uploads\/2024\/09\/IMG-2506-300x300.jpg 300w, https:\/\/zoki.art\/wp-content\/uploads\/2024\/09\/IMG-2506-1024x1024.jpg 1024w, https:\/\/zoki.art\/wp-content\/uploads\/2024\/09\/IMG-2506-150x150.jpg 150w, https:\/\/zoki.art\/wp-content\/uploads\/2024\/09\/IMG-2506-768x768.jpg 768w, https:\/\/zoki.art\/wp-content\/uploads\/2024\/09\/IMG-2506-1536x1536.jpg 1536w, https:\/\/zoki.art\/wp-content\/uploads\/2024\/09\/IMG-2506-75x75.jpg 75w, https:\/\/zoki.art\/wp-content\/uploads\/2024\/09\/IMG-2506-600x600.jpg 600w, https:\/\/zoki.art\/wp-content\/uploads\/2024\/09\/IMG-2506-500x500.jpg 500w, https:\/\/zoki.art\/wp-content\/uploads\/2024\/09\/IMG-2506-655x655.jpg 655w, https:\/\/zoki.art\/wp-content\/uploads\/2024\/09\/IMG-2506-180x180.jpg 180w, https:\/\/zoki.art\/wp-content\/uploads\/2024\/09\/IMG-2506.jpg 1920w\" sizes=\"(max-width: 300px) 100vw, 300px\" \/><\/a><\/p>\n","protected":false},"excerpt":{"rendered":"<p>\u201cEmerald Forest of Wishes\u201d is the first fairy\u2011tale meditation picture book by Petra \u0160u\u0161tar \u2013 a pioneering title of its kind in Slovenia and personally very precious to me as its illustrator.<\/p>\n<blockquote><p><em>&#8220;Everything is possible \u2013 you may wish for absolutely anything. Small or big, ordinary or wonderfully rare.&#8221; \u2013 Petra \u0160u\u0161tar<\/em><\/p><\/blockquote>\n<p>The story invites the child on a gentle night-time walk through a magical forest. Along the path, different animals help process feelings: some comfort, some offer hope and safety, others bring joy and lightness.<\/p>\n<p>The intentionally limited palette adds airiness; the white of the paper lets characters breathe. Although set at night, the lighter atmosphere mirrors the imaginative inner world where possibility lives. These images open space for conversation \u2013 about the tale, about meditation, colour symbolism and emotions.<\/p>\n<p>I see the illustrations as a starting point for deeper reflection, encouraging children (and adults) to pause, feel and create.<\/p>\n","protected":false},"featured_media":6005,"comment_status":"open","ping_status":"closed","template":"","meta":{"inline_featured_image":false,"_genesis_hide_title":false,"_genesis_hide_breadcrumbs":false,"_genesis_hide_singular_image":false,"_genesis_hide_footer_widgets":false,"_genesis_custom_body_class":"","_genesis_custom_post_class":"","_genesis_layout":""},"product_brand":[],"product_cat":[178],"product_tag":[],"class_list":{"0":"post-7626","1":"product","2":"type-product","3":"status-publish","4":"has-post-thumbnail","6":"product_cat-books","7":"entry","9":"first","10":"outofstock","11":"shipping-taxable","12":"purchasable","13":"product-type-simple"},"yoast_head":"<!-- This site is optimized with the Yoast SEO plugin v27.1.1 - https:\/\/yoast.com\/product\/yoast-seo-wordpress\/ -->\n<title>Emerald Forest of Wishes &#8226; Zoki.art \u2013 navihane \u010di\u010dke in \u010da\u010dke in ra\u010dke za najne\u017enej\u0161e du\u0161e<\/title>\n<meta name=\"description\" content=\"\u201cEmerald Forest of Wishes\u201d \u2013 the first fairy\u2011tale meditation picture book by Petra \u0160u\u0161tar, gently guiding children through emotions with poetic imagery and mindful storytelling.\" \/>\n<meta name=\"robots\" content=\"index, follow, max-snippet:-1, max-image-preview:large, max-video-preview:-1\" \/>\n<link rel=\"canonical\" href=\"https:\/\/zoki.art\/en\/product\/emerald-forest-of-wishes\/\" \/>\n<meta property=\"og:locale\" content=\"en_US\" \/>\n<meta property=\"og:type\" content=\"article\" \/>\n<meta property=\"og:title\" content=\"Emerald Forest of Wishes &#8226; Zoki.art \u2013 navihane \u010di\u010dke in \u010da\u010dke in ra\u010dke za najne\u017enej\u0161e du\u0161e\" \/>\n<meta property=\"og:description\" content=\"\u201cEmerald Forest of Wishes\u201d \u2013 the first fairy\u2011tale meditation picture book by Petra \u0160u\u0161tar, gently guiding children through emotions with poetic imagery and mindful storytelling.\" \/>\n<meta property=\"og:url\" content=\"https:\/\/zoki.art\/en\/product\/emerald-forest-of-wishes\/\" \/>\n<meta property=\"og:site_name\" content=\"Zoki.art \u2013 navihane \u010di\u010dke in \u010da\u010dke in ra\u010dke za najne\u017enej\u0161e du\u0161e\" \/>\n<meta property=\"article:publisher\" content=\"https:\/\/www.facebook.com\/Zoki.arts\/\" \/>\n<meta property=\"og:image\" content=\"https:\/\/zoki.art\/wp-content\/uploads\/2024\/09\/IMG-2507.jpg\" \/>\n\t<meta property=\"og:image:width\" content=\"1920\" \/>\n\t<meta property=\"og:image:height\" content=\"1920\" \/>\n\t<meta property=\"og:image:type\" content=\"image\/jpeg\" \/>\n<meta name=\"twitter:card\" content=\"summary_large_image\" \/>\n<script type=\"application\/ld+json\" class=\"yoast-schema-graph\">{\"@context\":\"https:\/\/schema.org\",\"@graph\":[{\"@type\":\"WebPage\",\"@id\":\"https:\/\/zoki.art\/en\/product\/emerald-forest-of-wishes\/\",\"url\":\"https:\/\/zoki.art\/en\/product\/emerald-forest-of-wishes\/\",\"name\":\"Emerald Forest of Wishes &#8226; Zoki.art \u2013 navihane \u010di\u010dke in \u010da\u010dke in ra\u010dke za najne\u017enej\u0161e du\u0161e\",\"isPartOf\":{\"@id\":\"https:\/\/zoki.art\/en\/#website\"},\"primaryImageOfPage\":{\"@id\":\"https:\/\/zoki.art\/en\/product\/emerald-forest-of-wishes\/#primaryimage\"},\"image\":{\"@id\":\"https:\/\/zoki.art\/en\/product\/emerald-forest-of-wishes\/#primaryimage\"},\"thumbnailUrl\":\"https:\/\/zoki.art\/wp-content\/uploads\/2024\/09\/IMG-2507.jpg\",\"datePublished\":\"2024-09-12T10:09:12+00:00\",\"description\":\"\u201cEmerald Forest of Wishes\u201d \u2013 the first fairy\u2011tale meditation picture book by Petra \u0160u\u0161tar, gently guiding children through emotions with poetic imagery and mindful storytelling.\",\"breadcrumb\":{\"@id\":\"https:\/\/zoki.art\/en\/product\/emerald-forest-of-wishes\/#breadcrumb\"},\"inLanguage\":\"en-US\",\"potentialAction\":[{\"@type\":\"ReadAction\",\"target\":[\"https:\/\/zoki.art\/en\/product\/emerald-forest-of-wishes\/\"]}]},{\"@type\":\"ImageObject\",\"inLanguage\":\"en-US\",\"@id\":\"https:\/\/zoki.art\/en\/product\/emerald-forest-of-wishes\/#primaryimage\",\"url\":\"https:\/\/zoki.art\/wp-content\/uploads\/2024\/09\/IMG-2507.jpg\",\"contentUrl\":\"https:\/\/zoki.art\/wp-content\/uploads\/2024\/09\/IMG-2507.jpg\",\"width\":1920,\"height\":1920},{\"@type\":\"BreadcrumbList\",\"@id\":\"https:\/\/zoki.art\/en\/product\/emerald-forest-of-wishes\/#breadcrumb\",\"itemListElement\":[{\"@type\":\"ListItem\",\"position\":1,\"name\":\"Domov\",\"item\":\"https:\/\/zoki.art\/en\/\"},{\"@type\":\"ListItem\",\"position\":2,\"name\":\"Shop\",\"item\":\"https:\/\/zoki.art\/en\/shop\/\"},{\"@type\":\"ListItem\",\"position\":3,\"name\":\"Emerald Forest of Wishes\"}]},{\"@type\":\"WebSite\",\"@id\":\"https:\/\/zoki.art\/en\/#website\",\"url\":\"https:\/\/zoki.art\/en\/\",\"name\":\"Zoki.art \u2013 navihane \u010di\u010dke in \u010da\u010dke in ra\u010dke za najne\u017enej\u0161e du\u0161e\",\"description\":\"\u017deli\u0161 stran od teh te\u010dnih, nejevoljnih in utrujenih misli. Greva! Te peljem na oblaku v svet domi\u0161ljije. Med stolpnice, ki niso sive in kovinaste, kot plo\u0161\u010dica v kolenu sosedove Minke. Moje so pisane in razigrane in znajo \u017evrgoleti. V njih raste velikansko cvetje in vedno lepo di\u0161i. Vsaj za trenutek, zbe\u017eiva v pravljco.\",\"publisher\":{\"@id\":\"https:\/\/zoki.art\/en\/#organization\"},\"alternateName\":\"Zoki.art \u2013 navihane \u010di\u010dke in \u010da\u010dke in ra\u010dke za najne\u017enej\u0161e du\u0161e\",\"potentialAction\":[{\"@type\":\"SearchAction\",\"target\":{\"@type\":\"EntryPoint\",\"urlTemplate\":\"https:\/\/zoki.art\/en\/?s={search_term_string}\"},\"query-input\":{\"@type\":\"PropertyValueSpecification\",\"valueRequired\":true,\"valueName\":\"search_term_string\"}}],\"inLanguage\":\"en-US\"},{\"@type\":\"Organization\",\"@id\":\"https:\/\/zoki.art\/en\/#organization\",\"name\":\"Zoki.art \u2013 navihane \u010di\u010dke in \u010da\u010dke in ra\u010dke za najne\u017enej\u0161e du\u0161e\",\"alternateName\":\"Zoki.art \u2013 navihane \u010di\u010dke in \u010da\u010dke in ra\u010dke za najne\u017enej\u0161e du\u0161e\",\"url\":\"https:\/\/zoki.art\/en\/\",\"logo\":{\"@type\":\"ImageObject\",\"inLanguage\":\"en-US\",\"@id\":\"https:\/\/zoki.art\/en\/#\/schema\/logo\/image\/\",\"url\":\"https:\/\/zoki.art\/wp-content\/uploads\/2023\/04\/zoki-art-brezslogan-mavricni.svg\",\"contentUrl\":\"https:\/\/zoki.art\/wp-content\/uploads\/2023\/04\/zoki-art-brezslogan-mavricni.svg\",\"caption\":\"Zoki.art \u2013 navihane \u010di\u010dke in \u010da\u010dke in ra\u010dke za najne\u017enej\u0161e du\u0161e\"},\"image\":{\"@id\":\"https:\/\/zoki.art\/en\/#\/schema\/logo\/image\/\"},\"sameAs\":[\"https:\/\/www.facebook.com\/Zoki.arts\/\",\"https:\/\/www.instagram.com\/zoki.art\"]}]}<\/script>\n<!-- \/ Yoast SEO plugin. -->","yoast_head_json":{"title":"Emerald Forest of Wishes &#8226; Zoki.art \u2013 navihane \u010di\u010dke in \u010da\u010dke in ra\u010dke za najne\u017enej\u0161e du\u0161e","description":"\u201cEmerald Forest of Wishes\u201d \u2013 the first fairy\u2011tale meditation picture book by Petra \u0160u\u0161tar, gently guiding children through emotions with poetic imagery and mindful storytelling.","robots":{"index":"index","follow":"follow","max-snippet":"max-snippet:-1","max-image-preview":"max-image-preview:large","max-video-preview":"max-video-preview:-1"},"canonical":"https:\/\/zoki.art\/en\/product\/emerald-forest-of-wishes\/","og_locale":"en_US","og_type":"article","og_title":"Emerald Forest of Wishes &#8226; Zoki.art \u2013 navihane \u010di\u010dke in \u010da\u010dke in ra\u010dke za najne\u017enej\u0161e du\u0161e","og_description":"\u201cEmerald Forest of Wishes\u201d \u2013 the first fairy\u2011tale meditation picture book by Petra \u0160u\u0161tar, gently guiding children through emotions with poetic imagery and mindful storytelling.","og_url":"https:\/\/zoki.art\/en\/product\/emerald-forest-of-wishes\/","og_site_name":"Zoki.art \u2013 navihane \u010di\u010dke in \u010da\u010dke in ra\u010dke za najne\u017enej\u0161e du\u0161e","article_publisher":"https:\/\/www.facebook.com\/Zoki.arts\/","og_image":[{"width":1920,"height":1920,"url":"https:\/\/zoki.art\/wp-content\/uploads\/2024\/09\/IMG-2507.jpg","type":"image\/jpeg"}],"twitter_card":"summary_large_image","schema":{"@context":"https:\/\/schema.org","@graph":[{"@type":"WebPage","@id":"https:\/\/zoki.art\/en\/product\/emerald-forest-of-wishes\/","url":"https:\/\/zoki.art\/en\/product\/emerald-forest-of-wishes\/","name":"Emerald Forest of Wishes &#8226; Zoki.art \u2013 navihane \u010di\u010dke in \u010da\u010dke in ra\u010dke za najne\u017enej\u0161e du\u0161e","isPartOf":{"@id":"https:\/\/zoki.art\/en\/#website"},"primaryImageOfPage":{"@id":"https:\/\/zoki.art\/en\/product\/emerald-forest-of-wishes\/#primaryimage"},"image":{"@id":"https:\/\/zoki.art\/en\/product\/emerald-forest-of-wishes\/#primaryimage"},"thumbnailUrl":"https:\/\/zoki.art\/wp-content\/uploads\/2024\/09\/IMG-2507.jpg","datePublished":"2024-09-12T10:09:12+00:00","description":"\u201cEmerald Forest of Wishes\u201d \u2013 the first fairy\u2011tale meditation picture book by Petra \u0160u\u0161tar, gently guiding children through emotions with poetic imagery and mindful storytelling.","breadcrumb":{"@id":"https:\/\/zoki.art\/en\/product\/emerald-forest-of-wishes\/#breadcrumb"},"inLanguage":"en-US","potentialAction":[{"@type":"ReadAction","target":["https:\/\/zoki.art\/en\/product\/emerald-forest-of-wishes\/"]}]},{"@type":"ImageObject","inLanguage":"en-US","@id":"https:\/\/zoki.art\/en\/product\/emerald-forest-of-wishes\/#primaryimage","url":"https:\/\/zoki.art\/wp-content\/uploads\/2024\/09\/IMG-2507.jpg","contentUrl":"https:\/\/zoki.art\/wp-content\/uploads\/2024\/09\/IMG-2507.jpg","width":1920,"height":1920},{"@type":"BreadcrumbList","@id":"https:\/\/zoki.art\/en\/product\/emerald-forest-of-wishes\/#breadcrumb","itemListElement":[{"@type":"ListItem","position":1,"name":"Domov","item":"https:\/\/zoki.art\/en\/"},{"@type":"ListItem","position":2,"name":"Shop","item":"https:\/\/zoki.art\/en\/shop\/"},{"@type":"ListItem","position":3,"name":"Emerald Forest of Wishes"}]},{"@type":"WebSite","@id":"https:\/\/zoki.art\/en\/#website","url":"https:\/\/zoki.art\/en\/","name":"Zoki.art \u2013 navihane \u010di\u010dke in \u010da\u010dke in ra\u010dke za najne\u017enej\u0161e du\u0161e","description":"\u017deli\u0161 stran od teh te\u010dnih, nejevoljnih in utrujenih misli. Greva! Te peljem na oblaku v svet domi\u0161ljije. Med stolpnice, ki niso sive in kovinaste, kot plo\u0161\u010dica v kolenu sosedove Minke. Moje so pisane in razigrane in znajo \u017evrgoleti. V njih raste velikansko cvetje in vedno lepo di\u0161i. Vsaj za trenutek, zbe\u017eiva v pravljco.","publisher":{"@id":"https:\/\/zoki.art\/en\/#organization"},"alternateName":"Zoki.art \u2013 navihane \u010di\u010dke in \u010da\u010dke in ra\u010dke za najne\u017enej\u0161e du\u0161e","potentialAction":[{"@type":"SearchAction","target":{"@type":"EntryPoint","urlTemplate":"https:\/\/zoki.art\/en\/?s={search_term_string}"},"query-input":{"@type":"PropertyValueSpecification","valueRequired":true,"valueName":"search_term_string"}}],"inLanguage":"en-US"},{"@type":"Organization","@id":"https:\/\/zoki.art\/en\/#organization","name":"Zoki.art \u2013 navihane \u010di\u010dke in \u010da\u010dke in ra\u010dke za najne\u017enej\u0161e du\u0161e","alternateName":"Zoki.art \u2013 navihane \u010di\u010dke in \u010da\u010dke in ra\u010dke za najne\u017enej\u0161e du\u0161e","url":"https:\/\/zoki.art\/en\/","logo":{"@type":"ImageObject","inLanguage":"en-US","@id":"https:\/\/zoki.art\/en\/#\/schema\/logo\/image\/","url":"https:\/\/zoki.art\/wp-content\/uploads\/2023\/04\/zoki-art-brezslogan-mavricni.svg","contentUrl":"https:\/\/zoki.art\/wp-content\/uploads\/2023\/04\/zoki-art-brezslogan-mavricni.svg","caption":"Zoki.art \u2013 navihane \u010di\u010dke in \u010da\u010dke in ra\u010dke za najne\u017enej\u0161e du\u0161e"},"image":{"@id":"https:\/\/zoki.art\/en\/#\/schema\/logo\/image\/"},"sameAs":["https:\/\/www.facebook.com\/Zoki.arts\/","https:\/\/www.instagram.com\/zoki.art"]}]}},"_links":{"self":[{"href":"https:\/\/zoki.art\/en\/wp-json\/wp\/v2\/product\/7626","targetHints":{"allow":["GET"]}}],"collection":[{"href":"https:\/\/zoki.art\/en\/wp-json\/wp\/v2\/product"}],"about":[{"href":"https:\/\/zoki.art\/en\/wp-json\/wp\/v2\/types\/product"}],"replies":[{"embeddable":true,"href":"https:\/\/zoki.art\/en\/wp-json\/wp\/v2\/comments?post=7626"}],"wp:featuredmedia":[{"embeddable":true,"href":"https:\/\/zoki.art\/en\/wp-json\/wp\/v2\/media\/6005"}],"wp:attachment":[{"href":"https:\/\/zoki.art\/en\/wp-json\/wp\/v2\/media?parent=7626"}],"wp:term":[{"taxonomy":"product_brand","embeddable":true,"href":"https:\/\/zoki.art\/en\/wp-json\/wp\/v2\/product_brand?post=7626"},{"taxonomy":"product_cat","embeddable":true,"href":"https:\/\/zoki.art\/en\/wp-json\/wp\/v2\/product_cat?post=7626"},{"taxonomy":"product_tag","embeddable":true,"href":"https:\/\/zoki.art\/en\/wp-json\/wp\/v2\/product_tag?post=7626"}],"curies":[{"name":"wp","href":"https:\/\/api.w.org\/{rel}","templated":true}]}}