{"id":7833,"date":"2024-05-09T13:46:23","date_gmt":"2024-05-09T11:46:23","guid":{"rendered":"https:\/\/zoki.art\/izdelek\/planner-mrs-fox\/"},"modified":"2026-02-15T20:34:56","modified_gmt":"2026-02-15T19:34:56","slug":"planner-mrs-fox","status":"publish","type":"product","link":"https:\/\/zoki.art\/en\/product\/planner-mrs-fox\/","title":{"rendered":"Planner &#8220;Mrs Fox&#8221; (&#8220;Lisi\u010dka&#8221;)"},"content":{"rendered":"<p><a href=\"https:\/\/zoki.art\/wp-content\/uploads\/2024\/05\/20240509_100536-300x300.jpg\"><img decoding=\"async\" class=\"alignnone size-medium wp-image-5562\" src=\"https:\/\/zoki.art\/wp-content\/uploads\/2024\/05\/20240509_100536-300x300.jpg\" alt=\"\" width=\"300\" height=\"300\" srcset=\"https:\/\/zoki.art\/wp-content\/uploads\/2024\/05\/20240509_100536-300x300.jpg 300w, https:\/\/zoki.art\/wp-content\/uploads\/2024\/05\/20240509_100536-1024x1024.jpg 1024w, https:\/\/zoki.art\/wp-content\/uploads\/2024\/05\/20240509_100536-150x150.jpg 150w, https:\/\/zoki.art\/wp-content\/uploads\/2024\/05\/20240509_100536-768x768.jpg 768w, https:\/\/zoki.art\/wp-content\/uploads\/2024\/05\/20240509_100536-1536x1536.jpg 1536w, https:\/\/zoki.art\/wp-content\/uploads\/2024\/05\/20240509_100536-75x75.jpg 75w, https:\/\/zoki.art\/wp-content\/uploads\/2024\/05\/20240509_100536-600x600.jpg 600w, https:\/\/zoki.art\/wp-content\/uploads\/2024\/05\/20240509_100536-500x500.jpg 500w, https:\/\/zoki.art\/wp-content\/uploads\/2024\/05\/20240509_100536-655x655.jpg 655w, https:\/\/zoki.art\/wp-content\/uploads\/2024\/05\/20240509_100536-180x180.jpg 180w, https:\/\/zoki.art\/wp-content\/uploads\/2024\/05\/20240509_100536.jpg 1920w\" sizes=\"(max-width: 300px) 100vw, 300px\" \/><\/a> <a href=\"https:\/\/zoki.art\/wp-content\/uploads\/2024\/05\/20240509_100920-\u2013-kopija-300x281.jpg\"><img decoding=\"async\" class=\"alignnone size-medium wp-image-5582\" src=\"https:\/\/zoki.art\/wp-content\/uploads\/2024\/05\/20240509_100920-\u2013-kopija-300x281.jpg\" alt=\"\" width=\"300\" height=\"281\" srcset=\"https:\/\/zoki.art\/wp-content\/uploads\/2024\/05\/20240509_100920-\u2013-kopija-300x281.jpg 300w, https:\/\/zoki.art\/wp-content\/uploads\/2024\/05\/20240509_100920-\u2013-kopija-1024x960.jpg 1024w, https:\/\/zoki.art\/wp-content\/uploads\/2024\/05\/20240509_100920-\u2013-kopija-768x720.jpg 768w, https:\/\/zoki.art\/wp-content\/uploads\/2024\/05\/20240509_100920-\u2013-kopija-1536x1440.jpg 1536w, https:\/\/zoki.art\/wp-content\/uploads\/2024\/05\/20240509_100920-\u2013-kopija-600x563.jpg 600w, https:\/\/zoki.art\/wp-content\/uploads\/2024\/05\/20240509_100920-\u2013-kopija-655x614.jpg 655w, https:\/\/zoki.art\/wp-content\/uploads\/2024\/05\/20240509_100920-\u2013-kopija.jpg 1920w\" sizes=\"(max-width: 300px) 100vw, 300px\" \/><\/a> <a href=\"https:\/\/zoki.art\/wp-content\/uploads\/2024\/05\/20240509_100519-300x300.jpg\"><img decoding=\"async\" class=\"alignnone size-medium wp-image-5560\" src=\"https:\/\/zoki.art\/wp-content\/uploads\/2024\/05\/20240509_100519-300x300.jpg\" alt=\"\" width=\"300\" height=\"300\" srcset=\"https:\/\/zoki.art\/wp-content\/uploads\/2024\/05\/20240509_100519-300x300.jpg 300w, https:\/\/zoki.art\/wp-content\/uploads\/2024\/05\/20240509_100519-1024x1024.jpg 1024w, https:\/\/zoki.art\/wp-content\/uploads\/2024\/05\/20240509_100519-150x150.jpg 150w, https:\/\/zoki.art\/wp-content\/uploads\/2024\/05\/20240509_100519-768x768.jpg 768w, https:\/\/zoki.art\/wp-content\/uploads\/2024\/05\/20240509_100519-1536x1536.jpg 1536w, https:\/\/zoki.art\/wp-content\/uploads\/2024\/05\/20240509_100519-75x75.jpg 75w, https:\/\/zoki.art\/wp-content\/uploads\/2024\/05\/20240509_100519-600x600.jpg 600w, https:\/\/zoki.art\/wp-content\/uploads\/2024\/05\/20240509_100519-500x500.jpg 500w, https:\/\/zoki.art\/wp-content\/uploads\/2024\/05\/20240509_100519-655x655.jpg 655w, https:\/\/zoki.art\/wp-content\/uploads\/2024\/05\/20240509_100519-180x180.jpg 180w, https:\/\/zoki.art\/wp-content\/uploads\/2024\/05\/20240509_100519.jpg 1920w\" sizes=\"(max-width: 300px) 100vw, 300px\" \/><\/a><\/p>\n<p>The \u201cMrs Fox\u201d planner is A5 with hard covers wrapped in a soft-touch laminate \u2013 to spare your delicate fingertips. Honestly, it\u2019s wonderfully satisfying to hold. Promise. Sewn binding. The interior is completely undated, so there\u2019s no pressure to fill it within a set timeframe \u2013 you can start using it any week of the year. Designed, printed and bound entirely in Slovenia.<\/p>\n<p>Your planner includes:<\/p>\n<ul>\n<li>Yearly overview<\/li>\n<li>Monthly overview<\/li>\n<li>Weekly spreads<\/li>\n<li>Space for notes and plans<\/li>\n<\/ul>\n<p>TIP: This lovely planner makes a brilliant gift for a friend, mum, sister, teacher or nursery carer.<\/p>\n","protected":false},"excerpt":{"rendered":"<p>A beautiful undated planner \u201cMrs Fox\u201d with a tender sleeping-fox illustration to help you plan and organise your year as efficiently, carefree and stylishly as possible. The cover artwork is a reproduction of an original illustration painted in watercolour, gouache and pastel. I did make a bit of a mess of my desk while painting the blue rose, in case you were wondering.<\/p>\n","protected":false},"featured_media":5551,"comment_status":"open","ping_status":"closed","template":"","meta":{"inline_featured_image":false,"_genesis_hide_title":false,"_genesis_hide_breadcrumbs":false,"_genesis_hide_singular_image":false,"_genesis_hide_footer_widgets":false,"_genesis_custom_body_class":"","_genesis_custom_post_class":"","_genesis_layout":""},"product_brand":[],"product_cat":[177,192],"product_tag":[],"class_list":{"0":"post-7833","1":"product","2":"type-product","3":"status-publish","4":"has-post-thumbnail","6":"product_cat-b2b-en","7":"product_cat-planner","8":"entry","10":"first","11":"instock","12":"featured","13":"shipping-taxable","14":"purchasable","15":"product-type-simple"},"yoast_head":"<!-- This site is optimized with the Yoast SEO plugin v27.1.1 - https:\/\/yoast.com\/product\/yoast-seo-wordpress\/ -->\n<title>Planner &quot;Mrs Fox&quot; (&quot;Lisi\u010dka&quot;) &#8226; Zoki.art \u2013 navihane \u010di\u010dke in \u010da\u010dke in ra\u010dke za najne\u017enej\u0161e du\u0161e<\/title>\n<meta name=\"description\" content=\"Mrs Fox undated A5 planner with a gentle illustrated cover. Plan and organise your year efficiently, carefree and in style. Printed in Slovenia.\" \/>\n<meta name=\"robots\" content=\"index, follow, max-snippet:-1, max-image-preview:large, max-video-preview:-1\" \/>\n<link rel=\"canonical\" href=\"https:\/\/zoki.art\/en\/product\/planner-mrs-fox\/\" \/>\n<meta property=\"og:locale\" content=\"en_US\" \/>\n<meta property=\"og:type\" content=\"article\" \/>\n<meta property=\"og:title\" content=\"Planner &quot;Mrs Fox&quot; (&quot;Lisi\u010dka&quot;) &#8226; Zoki.art \u2013 navihane \u010di\u010dke in \u010da\u010dke in ra\u010dke za najne\u017enej\u0161e du\u0161e\" \/>\n<meta property=\"og:description\" content=\"Mrs Fox undated A5 planner with a gentle illustrated cover. Plan and organise your year efficiently, carefree and in style. Printed in Slovenia.\" \/>\n<meta property=\"og:url\" content=\"https:\/\/zoki.art\/en\/product\/planner-mrs-fox\/\" \/>\n<meta property=\"og:site_name\" content=\"Zoki.art \u2013 navihane \u010di\u010dke in \u010da\u010dke in ra\u010dke za najne\u017enej\u0161e du\u0161e\" \/>\n<meta property=\"article:publisher\" content=\"https:\/\/www.facebook.com\/Zoki.arts\/\" \/>\n<meta property=\"article:modified_time\" content=\"2026-02-15T19:34:56+00:00\" \/>\n<meta property=\"og:image\" content=\"https:\/\/zoki.art\/wp-content\/uploads\/2024\/05\/20240509_100252.jpg\" \/>\n\t<meta property=\"og:image:width\" content=\"1920\" \/>\n\t<meta property=\"og:image:height\" content=\"1920\" \/>\n\t<meta property=\"og:image:type\" content=\"image\/jpeg\" \/>\n<meta name=\"twitter:card\" content=\"summary_large_image\" \/>\n<script type=\"application\/ld+json\" class=\"yoast-schema-graph\">{\"@context\":\"https:\/\/schema.org\",\"@graph\":[{\"@type\":\"WebPage\",\"@id\":\"https:\/\/zoki.art\/en\/product\/planner-mrs-fox\/\",\"url\":\"https:\/\/zoki.art\/en\/product\/planner-mrs-fox\/\",\"name\":\"Planner \\\"Mrs Fox\\\" (\\\"Lisi\u010dka\\\") &#8226; Zoki.art \u2013 navihane \u010di\u010dke in \u010da\u010dke in ra\u010dke za najne\u017enej\u0161e du\u0161e\",\"isPartOf\":{\"@id\":\"https:\/\/zoki.art\/en\/#website\"},\"primaryImageOfPage\":{\"@id\":\"https:\/\/zoki.art\/en\/product\/planner-mrs-fox\/#primaryimage\"},\"image\":{\"@id\":\"https:\/\/zoki.art\/en\/product\/planner-mrs-fox\/#primaryimage\"},\"thumbnailUrl\":\"https:\/\/zoki.art\/wp-content\/uploads\/2024\/05\/20240509_100252.jpg\",\"datePublished\":\"2024-05-09T11:46:23+00:00\",\"dateModified\":\"2026-02-15T19:34:56+00:00\",\"description\":\"Mrs Fox undated A5 planner with a gentle illustrated cover. Plan and organise your year efficiently, carefree and in style. Printed in Slovenia.\",\"breadcrumb\":{\"@id\":\"https:\/\/zoki.art\/en\/product\/planner-mrs-fox\/#breadcrumb\"},\"inLanguage\":\"en-US\",\"potentialAction\":[{\"@type\":\"ReadAction\",\"target\":[\"https:\/\/zoki.art\/en\/product\/planner-mrs-fox\/\"]}]},{\"@type\":\"ImageObject\",\"inLanguage\":\"en-US\",\"@id\":\"https:\/\/zoki.art\/en\/product\/planner-mrs-fox\/#primaryimage\",\"url\":\"https:\/\/zoki.art\/wp-content\/uploads\/2024\/05\/20240509_100252.jpg\",\"contentUrl\":\"https:\/\/zoki.art\/wp-content\/uploads\/2024\/05\/20240509_100252.jpg\",\"width\":1920,\"height\":1920},{\"@type\":\"BreadcrumbList\",\"@id\":\"https:\/\/zoki.art\/en\/product\/planner-mrs-fox\/#breadcrumb\",\"itemListElement\":[{\"@type\":\"ListItem\",\"position\":1,\"name\":\"Domov\",\"item\":\"https:\/\/zoki.art\/en\/\"},{\"@type\":\"ListItem\",\"position\":2,\"name\":\"Shop\",\"item\":\"https:\/\/zoki.art\/en\/shop\/\"},{\"@type\":\"ListItem\",\"position\":3,\"name\":\"Planner &#8220;Mrs Fox&#8221; (&#8220;Lisi\u010dka&#8221;)\"}]},{\"@type\":\"WebSite\",\"@id\":\"https:\/\/zoki.art\/en\/#website\",\"url\":\"https:\/\/zoki.art\/en\/\",\"name\":\"Zoki.art \u2013 navihane \u010di\u010dke in \u010da\u010dke in ra\u010dke za najne\u017enej\u0161e du\u0161e\",\"description\":\"\u017deli\u0161 stran od teh te\u010dnih, nejevoljnih in utrujenih misli. Greva! Te peljem na oblaku v svet domi\u0161ljije. Med stolpnice, ki niso sive in kovinaste, kot plo\u0161\u010dica v kolenu sosedove Minke. Moje so pisane in razigrane in znajo \u017evrgoleti. V njih raste velikansko cvetje in vedno lepo di\u0161i. Vsaj za trenutek, zbe\u017eiva v pravljco.\",\"publisher\":{\"@id\":\"https:\/\/zoki.art\/en\/#organization\"},\"alternateName\":\"Zoki.art \u2013 navihane \u010di\u010dke in \u010da\u010dke in ra\u010dke za najne\u017enej\u0161e du\u0161e\",\"potentialAction\":[{\"@type\":\"SearchAction\",\"target\":{\"@type\":\"EntryPoint\",\"urlTemplate\":\"https:\/\/zoki.art\/en\/?s={search_term_string}\"},\"query-input\":{\"@type\":\"PropertyValueSpecification\",\"valueRequired\":true,\"valueName\":\"search_term_string\"}}],\"inLanguage\":\"en-US\"},{\"@type\":\"Organization\",\"@id\":\"https:\/\/zoki.art\/en\/#organization\",\"name\":\"Zoki.art \u2013 navihane \u010di\u010dke in \u010da\u010dke in ra\u010dke za najne\u017enej\u0161e du\u0161e\",\"alternateName\":\"Zoki.art \u2013 navihane \u010di\u010dke in \u010da\u010dke in ra\u010dke za najne\u017enej\u0161e du\u0161e\",\"url\":\"https:\/\/zoki.art\/en\/\",\"logo\":{\"@type\":\"ImageObject\",\"inLanguage\":\"en-US\",\"@id\":\"https:\/\/zoki.art\/en\/#\/schema\/logo\/image\/\",\"url\":\"https:\/\/zoki.art\/wp-content\/uploads\/2023\/04\/zoki-art-brezslogan-mavricni.svg\",\"contentUrl\":\"https:\/\/zoki.art\/wp-content\/uploads\/2023\/04\/zoki-art-brezslogan-mavricni.svg\",\"caption\":\"Zoki.art \u2013 navihane \u010di\u010dke in \u010da\u010dke in ra\u010dke za najne\u017enej\u0161e du\u0161e\"},\"image\":{\"@id\":\"https:\/\/zoki.art\/en\/#\/schema\/logo\/image\/\"},\"sameAs\":[\"https:\/\/www.facebook.com\/Zoki.arts\/\",\"https:\/\/www.instagram.com\/zoki.art\"]}]}<\/script>\n<!-- \/ Yoast SEO plugin. -->","yoast_head_json":{"title":"Planner \"Mrs Fox\" (\"Lisi\u010dka\") &#8226; Zoki.art \u2013 navihane \u010di\u010dke in \u010da\u010dke in ra\u010dke za najne\u017enej\u0161e du\u0161e","description":"Mrs Fox undated A5 planner with a gentle illustrated cover. Plan and organise your year efficiently, carefree and in style. Printed in Slovenia.","robots":{"index":"index","follow":"follow","max-snippet":"max-snippet:-1","max-image-preview":"max-image-preview:large","max-video-preview":"max-video-preview:-1"},"canonical":"https:\/\/zoki.art\/en\/product\/planner-mrs-fox\/","og_locale":"en_US","og_type":"article","og_title":"Planner \"Mrs Fox\" (\"Lisi\u010dka\") &#8226; Zoki.art \u2013 navihane \u010di\u010dke in \u010da\u010dke in ra\u010dke za najne\u017enej\u0161e du\u0161e","og_description":"Mrs Fox undated A5 planner with a gentle illustrated cover. Plan and organise your year efficiently, carefree and in style. Printed in Slovenia.","og_url":"https:\/\/zoki.art\/en\/product\/planner-mrs-fox\/","og_site_name":"Zoki.art \u2013 navihane \u010di\u010dke in \u010da\u010dke in ra\u010dke za najne\u017enej\u0161e du\u0161e","article_publisher":"https:\/\/www.facebook.com\/Zoki.arts\/","article_modified_time":"2026-02-15T19:34:56+00:00","og_image":[{"width":1920,"height":1920,"url":"https:\/\/zoki.art\/wp-content\/uploads\/2024\/05\/20240509_100252.jpg","type":"image\/jpeg"}],"twitter_card":"summary_large_image","schema":{"@context":"https:\/\/schema.org","@graph":[{"@type":"WebPage","@id":"https:\/\/zoki.art\/en\/product\/planner-mrs-fox\/","url":"https:\/\/zoki.art\/en\/product\/planner-mrs-fox\/","name":"Planner \"Mrs Fox\" (\"Lisi\u010dka\") &#8226; Zoki.art \u2013 navihane \u010di\u010dke in \u010da\u010dke in ra\u010dke za najne\u017enej\u0161e du\u0161e","isPartOf":{"@id":"https:\/\/zoki.art\/en\/#website"},"primaryImageOfPage":{"@id":"https:\/\/zoki.art\/en\/product\/planner-mrs-fox\/#primaryimage"},"image":{"@id":"https:\/\/zoki.art\/en\/product\/planner-mrs-fox\/#primaryimage"},"thumbnailUrl":"https:\/\/zoki.art\/wp-content\/uploads\/2024\/05\/20240509_100252.jpg","datePublished":"2024-05-09T11:46:23+00:00","dateModified":"2026-02-15T19:34:56+00:00","description":"Mrs Fox undated A5 planner with a gentle illustrated cover. Plan and organise your year efficiently, carefree and in style. Printed in Slovenia.","breadcrumb":{"@id":"https:\/\/zoki.art\/en\/product\/planner-mrs-fox\/#breadcrumb"},"inLanguage":"en-US","potentialAction":[{"@type":"ReadAction","target":["https:\/\/zoki.art\/en\/product\/planner-mrs-fox\/"]}]},{"@type":"ImageObject","inLanguage":"en-US","@id":"https:\/\/zoki.art\/en\/product\/planner-mrs-fox\/#primaryimage","url":"https:\/\/zoki.art\/wp-content\/uploads\/2024\/05\/20240509_100252.jpg","contentUrl":"https:\/\/zoki.art\/wp-content\/uploads\/2024\/05\/20240509_100252.jpg","width":1920,"height":1920},{"@type":"BreadcrumbList","@id":"https:\/\/zoki.art\/en\/product\/planner-mrs-fox\/#breadcrumb","itemListElement":[{"@type":"ListItem","position":1,"name":"Domov","item":"https:\/\/zoki.art\/en\/"},{"@type":"ListItem","position":2,"name":"Shop","item":"https:\/\/zoki.art\/en\/shop\/"},{"@type":"ListItem","position":3,"name":"Planner &#8220;Mrs Fox&#8221; (&#8220;Lisi\u010dka&#8221;)"}]},{"@type":"WebSite","@id":"https:\/\/zoki.art\/en\/#website","url":"https:\/\/zoki.art\/en\/","name":"Zoki.art \u2013 navihane \u010di\u010dke in \u010da\u010dke in ra\u010dke za najne\u017enej\u0161e du\u0161e","description":"\u017deli\u0161 stran od teh te\u010dnih, nejevoljnih in utrujenih misli. Greva! Te peljem na oblaku v svet domi\u0161ljije. Med stolpnice, ki niso sive in kovinaste, kot plo\u0161\u010dica v kolenu sosedove Minke. Moje so pisane in razigrane in znajo \u017evrgoleti. V njih raste velikansko cvetje in vedno lepo di\u0161i. Vsaj za trenutek, zbe\u017eiva v pravljco.","publisher":{"@id":"https:\/\/zoki.art\/en\/#organization"},"alternateName":"Zoki.art \u2013 navihane \u010di\u010dke in \u010da\u010dke in ra\u010dke za najne\u017enej\u0161e du\u0161e","potentialAction":[{"@type":"SearchAction","target":{"@type":"EntryPoint","urlTemplate":"https:\/\/zoki.art\/en\/?s={search_term_string}"},"query-input":{"@type":"PropertyValueSpecification","valueRequired":true,"valueName":"search_term_string"}}],"inLanguage":"en-US"},{"@type":"Organization","@id":"https:\/\/zoki.art\/en\/#organization","name":"Zoki.art \u2013 navihane \u010di\u010dke in \u010da\u010dke in ra\u010dke za najne\u017enej\u0161e du\u0161e","alternateName":"Zoki.art \u2013 navihane \u010di\u010dke in \u010da\u010dke in ra\u010dke za najne\u017enej\u0161e du\u0161e","url":"https:\/\/zoki.art\/en\/","logo":{"@type":"ImageObject","inLanguage":"en-US","@id":"https:\/\/zoki.art\/en\/#\/schema\/logo\/image\/","url":"https:\/\/zoki.art\/wp-content\/uploads\/2023\/04\/zoki-art-brezslogan-mavricni.svg","contentUrl":"https:\/\/zoki.art\/wp-content\/uploads\/2023\/04\/zoki-art-brezslogan-mavricni.svg","caption":"Zoki.art \u2013 navihane \u010di\u010dke in \u010da\u010dke in ra\u010dke za najne\u017enej\u0161e du\u0161e"},"image":{"@id":"https:\/\/zoki.art\/en\/#\/schema\/logo\/image\/"},"sameAs":["https:\/\/www.facebook.com\/Zoki.arts\/","https:\/\/www.instagram.com\/zoki.art"]}]}},"_links":{"self":[{"href":"https:\/\/zoki.art\/en\/wp-json\/wp\/v2\/product\/7833","targetHints":{"allow":["GET"]}}],"collection":[{"href":"https:\/\/zoki.art\/en\/wp-json\/wp\/v2\/product"}],"about":[{"href":"https:\/\/zoki.art\/en\/wp-json\/wp\/v2\/types\/product"}],"replies":[{"embeddable":true,"href":"https:\/\/zoki.art\/en\/wp-json\/wp\/v2\/comments?post=7833"}],"wp:featuredmedia":[{"embeddable":true,"href":"https:\/\/zoki.art\/en\/wp-json\/wp\/v2\/media\/5551"}],"wp:attachment":[{"href":"https:\/\/zoki.art\/en\/wp-json\/wp\/v2\/media?parent=7833"}],"wp:term":[{"taxonomy":"product_brand","embeddable":true,"href":"https:\/\/zoki.art\/en\/wp-json\/wp\/v2\/product_brand?post=7833"},{"taxonomy":"product_cat","embeddable":true,"href":"https:\/\/zoki.art\/en\/wp-json\/wp\/v2\/product_cat?post=7833"},{"taxonomy":"product_tag","embeddable":true,"href":"https:\/\/zoki.art\/en\/wp-json\/wp\/v2\/product_tag?post=7833"}],"curies":[{"name":"wp","href":"https:\/\/api.w.org\/{rel}","templated":true}]}}