{"id":7834,"date":"2024-05-09T13:38:08","date_gmt":"2024-05-09T11:38:08","guid":{"rendered":"https:\/\/zoki.art\/izdelek\/planner-sara\/"},"modified":"2026-02-15T20:34:57","modified_gmt":"2026-02-15T19:34:57","slug":"planner-sara","status":"publish","type":"product","link":"https:\/\/zoki.art\/en\/product\/planner-sara\/","title":{"rendered":"Planner &#8220;Sara&#8221;"},"content":{"rendered":"<p><a href=\"https:\/\/zoki.art\/wp-content\/uploads\/2024\/05\/20240509_084114-300x300.jpg\"><img decoding=\"async\" class=\"alignnone size-medium wp-image-5522\" src=\"https:\/\/zoki.art\/wp-content\/uploads\/2024\/05\/20240509_084114-300x300.jpg\" alt=\"\" width=\"300\" height=\"300\" srcset=\"https:\/\/zoki.art\/wp-content\/uploads\/2024\/05\/20240509_084114-300x300.jpg 300w, https:\/\/zoki.art\/wp-content\/uploads\/2024\/05\/20240509_084114-1024x1024.jpg 1024w, https:\/\/zoki.art\/wp-content\/uploads\/2024\/05\/20240509_084114-150x150.jpg 150w, https:\/\/zoki.art\/wp-content\/uploads\/2024\/05\/20240509_084114-768x768.jpg 768w, https:\/\/zoki.art\/wp-content\/uploads\/2024\/05\/20240509_084114-1536x1536.jpg 1536w, https:\/\/zoki.art\/wp-content\/uploads\/2024\/05\/20240509_084114-75x75.jpg 75w, https:\/\/zoki.art\/wp-content\/uploads\/2024\/05\/20240509_084114-600x600.jpg 600w, https:\/\/zoki.art\/wp-content\/uploads\/2024\/05\/20240509_084114-500x500.jpg 500w, https:\/\/zoki.art\/wp-content\/uploads\/2024\/05\/20240509_084114-655x655.jpg 655w, https:\/\/zoki.art\/wp-content\/uploads\/2024\/05\/20240509_084114-180x180.jpg 180w, https:\/\/zoki.art\/wp-content\/uploads\/2024\/05\/20240509_084114.jpg 1920w\" sizes=\"(max-width: 300px) 100vw, 300px\" \/><\/a><a href=\"https:\/\/zoki.art\/wp-content\/uploads\/2024\/05\/20240509_101548-300x300.jpg\"><img decoding=\"async\" class=\"alignnone size-medium wp-image-5544\" src=\"https:\/\/zoki.art\/wp-content\/uploads\/2024\/05\/20240509_101548-300x300.jpg\" alt=\"\" width=\"300\" height=\"300\" srcset=\"https:\/\/zoki.art\/wp-content\/uploads\/2024\/05\/20240509_101548-300x300.jpg 300w, https:\/\/zoki.art\/wp-content\/uploads\/2024\/05\/20240509_101548-1024x1024.jpg 1024w, https:\/\/zoki.art\/wp-content\/uploads\/2024\/05\/20240509_101548-150x150.jpg 150w, https:\/\/zoki.art\/wp-content\/uploads\/2024\/05\/20240509_101548-768x768.jpg 768w, https:\/\/zoki.art\/wp-content\/uploads\/2024\/05\/20240509_101548-1536x1536.jpg 1536w, https:\/\/zoki.art\/wp-content\/uploads\/2024\/05\/20240509_101548-75x75.jpg 75w, https:\/\/zoki.art\/wp-content\/uploads\/2024\/05\/20240509_101548-600x600.jpg 600w, https:\/\/zoki.art\/wp-content\/uploads\/2024\/05\/20240509_101548-500x500.jpg 500w, https:\/\/zoki.art\/wp-content\/uploads\/2024\/05\/20240509_101548-655x655.jpg 655w, https:\/\/zoki.art\/wp-content\/uploads\/2024\/05\/20240509_101548-180x180.jpg 180w, https:\/\/zoki.art\/wp-content\/uploads\/2024\/05\/20240509_101548.jpg 1920w\" sizes=\"(max-width: 300px) 100vw, 300px\" \/><\/a><a href=\"https:\/\/zoki.art\/wp-content\/uploads\/2024\/05\/20240509_101624-300x300.jpg\"><img decoding=\"async\" class=\"alignnone size-medium wp-image-5520\" src=\"https:\/\/zoki.art\/wp-content\/uploads\/2024\/05\/20240509_101624-300x300.jpg\" alt=\"\" width=\"300\" height=\"300\" srcset=\"https:\/\/zoki.art\/wp-content\/uploads\/2024\/05\/20240509_101624-300x300.jpg 300w, https:\/\/zoki.art\/wp-content\/uploads\/2024\/05\/20240509_101624-1024x1024.jpg 1024w, https:\/\/zoki.art\/wp-content\/uploads\/2024\/05\/20240509_101624-150x150.jpg 150w, https:\/\/zoki.art\/wp-content\/uploads\/2024\/05\/20240509_101624-768x768.jpg 768w, https:\/\/zoki.art\/wp-content\/uploads\/2024\/05\/20240509_101624-1536x1536.jpg 1536w, https:\/\/zoki.art\/wp-content\/uploads\/2024\/05\/20240509_101624-75x75.jpg 75w, https:\/\/zoki.art\/wp-content\/uploads\/2024\/05\/20240509_101624-600x600.jpg 600w, https:\/\/zoki.art\/wp-content\/uploads\/2024\/05\/20240509_101624-500x500.jpg 500w, https:\/\/zoki.art\/wp-content\/uploads\/2024\/05\/20240509_101624-655x655.jpg 655w, https:\/\/zoki.art\/wp-content\/uploads\/2024\/05\/20240509_101624-180x180.jpg 180w, https:\/\/zoki.art\/wp-content\/uploads\/2024\/05\/20240509_101624.jpg 1920w\" sizes=\"(max-width: 300px) 100vw, 300px\" \/><\/a><\/p>\n<p>The \u201cSara\u201d planner is A5 with hard covers wrapped in a soft-touch laminate \u2013 to spare your delicate fingertips. Honestly, it\u2019s wonderfully satisfying to hold. Promise. Sewn binding. The interior is completely undated, so there\u2019s no pressure to fill it within a set timeframe \u2013 you can start using it any week of the year. Designed, printed and bound entirely in Slovenia.<\/p>\n<p>Your planner includes:<\/p>\n<ul>\n<li>Yearly overview<\/li>\n<li>Monthly overview<\/li>\n<li>Weekly spreads<\/li>\n<li>Space for notes and plans<\/li>\n<\/ul>\n<p>TIP: This lovely planner makes a brilliant gift for a friend, mum, sister, teacher or nursery carer.<\/p>\n","protected":false},"excerpt":{"rendered":"<p>A beautiful floral planner \u201cSara\u201d to help you plan and organise your year as efficiently, carefree and stylishly as possible. The cover artwork is a reproduction of an original illustration painted in watercolour, gouache and pastel. No animals were harmed in the making of this illustration. Well, I may have squished a fly because it was summer at the time and it landed on my slice of watermelon. But it\u2019s all fine now.<\/p>\n<p>&nbsp;<\/p>\n","protected":false},"featured_media":5539,"comment_status":"open","ping_status":"closed","template":"","meta":{"inline_featured_image":false,"_genesis_hide_title":false,"_genesis_hide_breadcrumbs":false,"_genesis_hide_singular_image":false,"_genesis_hide_footer_widgets":false,"_genesis_custom_body_class":"","_genesis_custom_post_class":"","_genesis_layout":""},"product_brand":[],"product_cat":[177,192],"product_tag":[],"class_list":{"0":"post-7834","1":"product","2":"type-product","3":"status-publish","4":"has-post-thumbnail","6":"product_cat-b2b-en","7":"product_cat-planner","8":"entry","10":"first","11":"instock","12":"featured","13":"shipping-taxable","14":"purchasable","15":"product-type-simple"},"yoast_head":"<!-- This site is optimized with the Yoast SEO plugin v27.1.1 - https:\/\/yoast.com\/product\/yoast-seo-wordpress\/ -->\n<title>Planner &quot;Sara&quot; &#8226; Zoki.art \u2013 navihane \u010di\u010dke in \u010da\u010dke in ra\u010dke za najne\u017enej\u0161e du\u0161e<\/title>\n<meta name=\"description\" content=\"Planner Sara floral undated A5 with soft-touch hard cover. Plan and organise your year efficiently, carefree and in style. Designed and printed in Slovenia.\" \/>\n<meta name=\"robots\" content=\"index, follow, max-snippet:-1, max-image-preview:large, max-video-preview:-1\" \/>\n<link rel=\"canonical\" href=\"https:\/\/zoki.art\/en\/product\/planner-sara\/\" \/>\n<meta property=\"og:locale\" content=\"en_US\" \/>\n<meta property=\"og:type\" content=\"article\" \/>\n<meta property=\"og:title\" content=\"Planner &quot;Sara&quot; &#8226; Zoki.art \u2013 navihane \u010di\u010dke in \u010da\u010dke in ra\u010dke za najne\u017enej\u0161e du\u0161e\" \/>\n<meta property=\"og:description\" content=\"Planner Sara floral undated A5 with soft-touch hard cover. Plan and organise your year efficiently, carefree and in style. Designed and printed in Slovenia.\" \/>\n<meta property=\"og:url\" content=\"https:\/\/zoki.art\/en\/product\/planner-sara\/\" \/>\n<meta property=\"og:site_name\" content=\"Zoki.art \u2013 navihane \u010di\u010dke in \u010da\u010dke in ra\u010dke za najne\u017enej\u0161e du\u0161e\" \/>\n<meta property=\"article:publisher\" content=\"https:\/\/www.facebook.com\/Zoki.arts\/\" \/>\n<meta property=\"article:modified_time\" content=\"2026-02-15T19:34:57+00:00\" \/>\n<meta property=\"og:image\" content=\"https:\/\/zoki.art\/wp-content\/uploads\/2024\/05\/20240509_084747.jpg\" \/>\n\t<meta property=\"og:image:width\" content=\"1888\" \/>\n\t<meta property=\"og:image:height\" content=\"1920\" \/>\n\t<meta property=\"og:image:type\" content=\"image\/jpeg\" \/>\n<meta name=\"twitter:card\" content=\"summary_large_image\" \/>\n<script type=\"application\/ld+json\" class=\"yoast-schema-graph\">{\"@context\":\"https:\/\/schema.org\",\"@graph\":[{\"@type\":\"WebPage\",\"@id\":\"https:\/\/zoki.art\/en\/product\/planner-sara\/\",\"url\":\"https:\/\/zoki.art\/en\/product\/planner-sara\/\",\"name\":\"Planner \\\"Sara\\\" &#8226; Zoki.art \u2013 navihane \u010di\u010dke in \u010da\u010dke in ra\u010dke za najne\u017enej\u0161e du\u0161e\",\"isPartOf\":{\"@id\":\"https:\/\/zoki.art\/en\/#website\"},\"primaryImageOfPage\":{\"@id\":\"https:\/\/zoki.art\/en\/product\/planner-sara\/#primaryimage\"},\"image\":{\"@id\":\"https:\/\/zoki.art\/en\/product\/planner-sara\/#primaryimage\"},\"thumbnailUrl\":\"https:\/\/zoki.art\/wp-content\/uploads\/2024\/05\/20240509_084747.jpg\",\"datePublished\":\"2024-05-09T11:38:08+00:00\",\"dateModified\":\"2026-02-15T19:34:57+00:00\",\"description\":\"Planner Sara floral undated A5 with soft-touch hard cover. Plan and organise your year efficiently, carefree and in style. Designed and printed in Slovenia.\",\"breadcrumb\":{\"@id\":\"https:\/\/zoki.art\/en\/product\/planner-sara\/#breadcrumb\"},\"inLanguage\":\"en-US\",\"potentialAction\":[{\"@type\":\"ReadAction\",\"target\":[\"https:\/\/zoki.art\/en\/product\/planner-sara\/\"]}]},{\"@type\":\"ImageObject\",\"inLanguage\":\"en-US\",\"@id\":\"https:\/\/zoki.art\/en\/product\/planner-sara\/#primaryimage\",\"url\":\"https:\/\/zoki.art\/wp-content\/uploads\/2024\/05\/20240509_084747.jpg\",\"contentUrl\":\"https:\/\/zoki.art\/wp-content\/uploads\/2024\/05\/20240509_084747.jpg\",\"width\":1888,\"height\":1920},{\"@type\":\"BreadcrumbList\",\"@id\":\"https:\/\/zoki.art\/en\/product\/planner-sara\/#breadcrumb\",\"itemListElement\":[{\"@type\":\"ListItem\",\"position\":1,\"name\":\"Domov\",\"item\":\"https:\/\/zoki.art\/en\/\"},{\"@type\":\"ListItem\",\"position\":2,\"name\":\"Shop\",\"item\":\"https:\/\/zoki.art\/en\/shop\/\"},{\"@type\":\"ListItem\",\"position\":3,\"name\":\"Planner &#8220;Sara&#8221;\"}]},{\"@type\":\"WebSite\",\"@id\":\"https:\/\/zoki.art\/en\/#website\",\"url\":\"https:\/\/zoki.art\/en\/\",\"name\":\"Zoki.art \u2013 navihane \u010di\u010dke in \u010da\u010dke in ra\u010dke za najne\u017enej\u0161e du\u0161e\",\"description\":\"\u017deli\u0161 stran od teh te\u010dnih, nejevoljnih in utrujenih misli. Greva! Te peljem na oblaku v svet domi\u0161ljije. Med stolpnice, ki niso sive in kovinaste, kot plo\u0161\u010dica v kolenu sosedove Minke. Moje so pisane in razigrane in znajo \u017evrgoleti. V njih raste velikansko cvetje in vedno lepo di\u0161i. Vsaj za trenutek, zbe\u017eiva v pravljco.\",\"publisher\":{\"@id\":\"https:\/\/zoki.art\/en\/#organization\"},\"alternateName\":\"Zoki.art \u2013 navihane \u010di\u010dke in \u010da\u010dke in ra\u010dke za najne\u017enej\u0161e du\u0161e\",\"potentialAction\":[{\"@type\":\"SearchAction\",\"target\":{\"@type\":\"EntryPoint\",\"urlTemplate\":\"https:\/\/zoki.art\/en\/?s={search_term_string}\"},\"query-input\":{\"@type\":\"PropertyValueSpecification\",\"valueRequired\":true,\"valueName\":\"search_term_string\"}}],\"inLanguage\":\"en-US\"},{\"@type\":\"Organization\",\"@id\":\"https:\/\/zoki.art\/en\/#organization\",\"name\":\"Zoki.art \u2013 navihane \u010di\u010dke in \u010da\u010dke in ra\u010dke za najne\u017enej\u0161e du\u0161e\",\"alternateName\":\"Zoki.art \u2013 navihane \u010di\u010dke in \u010da\u010dke in ra\u010dke za najne\u017enej\u0161e du\u0161e\",\"url\":\"https:\/\/zoki.art\/en\/\",\"logo\":{\"@type\":\"ImageObject\",\"inLanguage\":\"en-US\",\"@id\":\"https:\/\/zoki.art\/en\/#\/schema\/logo\/image\/\",\"url\":\"https:\/\/zoki.art\/wp-content\/uploads\/2023\/04\/zoki-art-brezslogan-mavricni.svg\",\"contentUrl\":\"https:\/\/zoki.art\/wp-content\/uploads\/2023\/04\/zoki-art-brezslogan-mavricni.svg\",\"caption\":\"Zoki.art \u2013 navihane \u010di\u010dke in \u010da\u010dke in ra\u010dke za najne\u017enej\u0161e du\u0161e\"},\"image\":{\"@id\":\"https:\/\/zoki.art\/en\/#\/schema\/logo\/image\/\"},\"sameAs\":[\"https:\/\/www.facebook.com\/Zoki.arts\/\",\"https:\/\/www.instagram.com\/zoki.art\"]}]}<\/script>\n<!-- \/ Yoast SEO plugin. -->","yoast_head_json":{"title":"Planner \"Sara\" &#8226; Zoki.art \u2013 navihane \u010di\u010dke in \u010da\u010dke in ra\u010dke za najne\u017enej\u0161e du\u0161e","description":"Planner Sara floral undated A5 with soft-touch hard cover. Plan and organise your year efficiently, carefree and in style. Designed and printed in Slovenia.","robots":{"index":"index","follow":"follow","max-snippet":"max-snippet:-1","max-image-preview":"max-image-preview:large","max-video-preview":"max-video-preview:-1"},"canonical":"https:\/\/zoki.art\/en\/product\/planner-sara\/","og_locale":"en_US","og_type":"article","og_title":"Planner \"Sara\" &#8226; Zoki.art \u2013 navihane \u010di\u010dke in \u010da\u010dke in ra\u010dke za najne\u017enej\u0161e du\u0161e","og_description":"Planner Sara floral undated A5 with soft-touch hard cover. Plan and organise your year efficiently, carefree and in style. Designed and printed in Slovenia.","og_url":"https:\/\/zoki.art\/en\/product\/planner-sara\/","og_site_name":"Zoki.art \u2013 navihane \u010di\u010dke in \u010da\u010dke in ra\u010dke za najne\u017enej\u0161e du\u0161e","article_publisher":"https:\/\/www.facebook.com\/Zoki.arts\/","article_modified_time":"2026-02-15T19:34:57+00:00","og_image":[{"width":1888,"height":1920,"url":"https:\/\/zoki.art\/wp-content\/uploads\/2024\/05\/20240509_084747.jpg","type":"image\/jpeg"}],"twitter_card":"summary_large_image","schema":{"@context":"https:\/\/schema.org","@graph":[{"@type":"WebPage","@id":"https:\/\/zoki.art\/en\/product\/planner-sara\/","url":"https:\/\/zoki.art\/en\/product\/planner-sara\/","name":"Planner \"Sara\" &#8226; Zoki.art \u2013 navihane \u010di\u010dke in \u010da\u010dke in ra\u010dke za najne\u017enej\u0161e du\u0161e","isPartOf":{"@id":"https:\/\/zoki.art\/en\/#website"},"primaryImageOfPage":{"@id":"https:\/\/zoki.art\/en\/product\/planner-sara\/#primaryimage"},"image":{"@id":"https:\/\/zoki.art\/en\/product\/planner-sara\/#primaryimage"},"thumbnailUrl":"https:\/\/zoki.art\/wp-content\/uploads\/2024\/05\/20240509_084747.jpg","datePublished":"2024-05-09T11:38:08+00:00","dateModified":"2026-02-15T19:34:57+00:00","description":"Planner Sara floral undated A5 with soft-touch hard cover. Plan and organise your year efficiently, carefree and in style. Designed and printed in Slovenia.","breadcrumb":{"@id":"https:\/\/zoki.art\/en\/product\/planner-sara\/#breadcrumb"},"inLanguage":"en-US","potentialAction":[{"@type":"ReadAction","target":["https:\/\/zoki.art\/en\/product\/planner-sara\/"]}]},{"@type":"ImageObject","inLanguage":"en-US","@id":"https:\/\/zoki.art\/en\/product\/planner-sara\/#primaryimage","url":"https:\/\/zoki.art\/wp-content\/uploads\/2024\/05\/20240509_084747.jpg","contentUrl":"https:\/\/zoki.art\/wp-content\/uploads\/2024\/05\/20240509_084747.jpg","width":1888,"height":1920},{"@type":"BreadcrumbList","@id":"https:\/\/zoki.art\/en\/product\/planner-sara\/#breadcrumb","itemListElement":[{"@type":"ListItem","position":1,"name":"Domov","item":"https:\/\/zoki.art\/en\/"},{"@type":"ListItem","position":2,"name":"Shop","item":"https:\/\/zoki.art\/en\/shop\/"},{"@type":"ListItem","position":3,"name":"Planner &#8220;Sara&#8221;"}]},{"@type":"WebSite","@id":"https:\/\/zoki.art\/en\/#website","url":"https:\/\/zoki.art\/en\/","name":"Zoki.art \u2013 navihane \u010di\u010dke in \u010da\u010dke in ra\u010dke za najne\u017enej\u0161e du\u0161e","description":"\u017deli\u0161 stran od teh te\u010dnih, nejevoljnih in utrujenih misli. Greva! Te peljem na oblaku v svet domi\u0161ljije. Med stolpnice, ki niso sive in kovinaste, kot plo\u0161\u010dica v kolenu sosedove Minke. Moje so pisane in razigrane in znajo \u017evrgoleti. V njih raste velikansko cvetje in vedno lepo di\u0161i. Vsaj za trenutek, zbe\u017eiva v pravljco.","publisher":{"@id":"https:\/\/zoki.art\/en\/#organization"},"alternateName":"Zoki.art \u2013 navihane \u010di\u010dke in \u010da\u010dke in ra\u010dke za najne\u017enej\u0161e du\u0161e","potentialAction":[{"@type":"SearchAction","target":{"@type":"EntryPoint","urlTemplate":"https:\/\/zoki.art\/en\/?s={search_term_string}"},"query-input":{"@type":"PropertyValueSpecification","valueRequired":true,"valueName":"search_term_string"}}],"inLanguage":"en-US"},{"@type":"Organization","@id":"https:\/\/zoki.art\/en\/#organization","name":"Zoki.art \u2013 navihane \u010di\u010dke in \u010da\u010dke in ra\u010dke za najne\u017enej\u0161e du\u0161e","alternateName":"Zoki.art \u2013 navihane \u010di\u010dke in \u010da\u010dke in ra\u010dke za najne\u017enej\u0161e du\u0161e","url":"https:\/\/zoki.art\/en\/","logo":{"@type":"ImageObject","inLanguage":"en-US","@id":"https:\/\/zoki.art\/en\/#\/schema\/logo\/image\/","url":"https:\/\/zoki.art\/wp-content\/uploads\/2023\/04\/zoki-art-brezslogan-mavricni.svg","contentUrl":"https:\/\/zoki.art\/wp-content\/uploads\/2023\/04\/zoki-art-brezslogan-mavricni.svg","caption":"Zoki.art \u2013 navihane \u010di\u010dke in \u010da\u010dke in ra\u010dke za najne\u017enej\u0161e du\u0161e"},"image":{"@id":"https:\/\/zoki.art\/en\/#\/schema\/logo\/image\/"},"sameAs":["https:\/\/www.facebook.com\/Zoki.arts\/","https:\/\/www.instagram.com\/zoki.art"]}]}},"_links":{"self":[{"href":"https:\/\/zoki.art\/en\/wp-json\/wp\/v2\/product\/7834","targetHints":{"allow":["GET"]}}],"collection":[{"href":"https:\/\/zoki.art\/en\/wp-json\/wp\/v2\/product"}],"about":[{"href":"https:\/\/zoki.art\/en\/wp-json\/wp\/v2\/types\/product"}],"replies":[{"embeddable":true,"href":"https:\/\/zoki.art\/en\/wp-json\/wp\/v2\/comments?post=7834"}],"wp:featuredmedia":[{"embeddable":true,"href":"https:\/\/zoki.art\/en\/wp-json\/wp\/v2\/media\/5539"}],"wp:attachment":[{"href":"https:\/\/zoki.art\/en\/wp-json\/wp\/v2\/media?parent=7834"}],"wp:term":[{"taxonomy":"product_brand","embeddable":true,"href":"https:\/\/zoki.art\/en\/wp-json\/wp\/v2\/product_brand?post=7834"},{"taxonomy":"product_cat","embeddable":true,"href":"https:\/\/zoki.art\/en\/wp-json\/wp\/v2\/product_cat?post=7834"},{"taxonomy":"product_tag","embeddable":true,"href":"https:\/\/zoki.art\/en\/wp-json\/wp\/v2\/product_tag?post=7834"}],"curies":[{"name":"wp","href":"https:\/\/api.w.org\/{rel}","templated":true}]}}